{"id":160,"date":"2023-02-17T13:33:35","date_gmt":"2023-02-17T12:33:35","guid":{"rendered":"http:\/\/rocheforttourisme.be\/?page_id=160"},"modified":"2024-11-06T14:09:47","modified_gmt":"2024-11-06T13:09:47","slug":"marches-locaux","status":"publish","type":"page","link":"https:\/\/rocheforttourisme.be\/nl\/boire-et-manger\/marches-locaux\/","title":{"rendered":"Lokale Markten"},"content":{"rendered":"\n<p class=\"has-text-align-center has-medium-font-size\">Rochefort heeft heel veel <strong>kleine plaatselijke producenten <\/strong>! U vindt ze elk seizoen terug op de markten van Rochefort.<\/p>\n\n\n\n<p class=\"has-text-align-center has-medium-font-size\"><strong>Coup de coeur : <\/strong>mis de markt niet in Relais Rochefort op vrijdag : naast er uw inkopen doen kan u er ook een lekker lokaal biertje proeven !<\/p>\n\n\n\n<div class=\"wp-block-stackable-columns alignfull stk-block-columns stk-block stk-7aac3b4 stk-block-background\" data-block-id=\"7aac3b4\"><style>.stk-7aac3b4 {background-color:var(--stk-global-color-58834, #ffffff) !important;padding-top:80px !important;padding-bottom:80px !important;}.stk-7aac3b4:before{background-color:var(--stk-global-color-58834, #ffffff) !important;}.stk-7aac3b4 > .stk-separator__top svg{fill:var(--stk-global-color-81840, #f6f6f6) !important;filter:none !important;}.stk-7aac3b4 > .stk-separator__top .stk-separator__wrapper{height:400px !important;}<\/style><div class=\"stk-row stk-inner-blocks stk-block-content stk-content-align stk-7aac3b4-column alignwide\">\n<div class=\"wp-block-stackable-column stk-block-column stk-column stk-block stk-3426f5d\" data-v=\"4\" data-block-id=\"3426f5d\"><div class=\"stk-column-wrapper stk-block-column__content stk-container stk-3426f5d-container stk--no-background stk--no-padding\"><div class=\"stk-block-content stk-inner-blocks stk-3426f5d-inner-blocks\">\n<div class=\"wp-block-stackable-columns stk-block-columns stk-block stk-3657623\" data-block-id=\"3657623\"><style>.stk-3657623-column{--stk-column-gap:24px !important;row-gap:24px !important;}<\/style><div class=\"stk-row stk-inner-blocks stk-block-content stk-content-align stk-3657623-column\">\n<div class=\"wp-block-stackable-column stk-block-column stk-column stk-block stk-861c837\" data-v=\"4\" data-block-id=\"861c837\"><style>.stk-861c837-container{margin-top:0px !important;margin-right:0px !important;margin-bottom:0px !important;margin-left:0px !important;}<\/style><div class=\"stk-column-wrapper stk-block-column__content stk-container stk-861c837-container stk--no-background stk--no-padding\"><div class=\"stk-block-content stk-inner-blocks stk-861c837-inner-blocks\">\n<div class=\"wp-block-stackable-card stk-block-card stk-block stk-198ea96 is-style-default\" data-v=\"2\" data-block-id=\"198ea96\"><style>.stk-198ea96:hover{transform:scale(1.05) !important;}.stk-198ea96-container{background-color:#ffca0e !important;border-top-left-radius:12px !important;border-top-right-radius:12px !important;border-bottom-right-radius:12px !important;border-bottom-left-radius:12px !important;overflow:hidden !important;box-shadow:none !important;}.stk-198ea96-container:before{background-color:#ffca0e !important;}.stk-198ea96 .stk-block-card__image{height:300px !important;}<\/style><div class=\"stk--no-padding stk-container stk-198ea96-container stk-hover-parent\"><figure class=\"stk-block-card__image stk-img-wrapper stk-image--shape-stretch\"><img width=\"898\" height=\"1076\"  class=\"attachment-full size-full wp-post-image lws-optimize-lazyload\" alt=\"\" srcset=\"https:\/\/rocheforttourisme.be\/wp-content\/uploads\/2024\/01\/marche-RELAIS-rochefort-1.webp 898w, https:\/\/rocheforttourisme.be\/wp-content\/uploads\/2024\/01\/marche-RELAIS-rochefort-1-250x300.webp 250w, https:\/\/rocheforttourisme.be\/wp-content\/uploads\/2024\/01\/marche-RELAIS-rochefort-1-855x1024.webp 855w, https:\/\/rocheforttourisme.be\/wp-content\/uploads\/2024\/01\/marche-RELAIS-rochefort-1-768x920.webp 768w\" sizes=\"(max-width: 898px) 100vw, 898px\" \/ data-src=\"https:\/\/rocheforttourisme.be\/wp-content\/uploads\/2024\/01\/marche-RELAIS-rochefort-1.webp\"><\/figure><div class=\"stk-container-padding stk-block-card__content\"><div class=\"stk-block-content stk-inner-blocks stk-198ea96-inner-blocks\">\n<div class=\"wp-block-stackable-subtitle stk-block-subtitle stk-block stk-ede5e3f\" data-block-id=\"ede5e3f\"><style>.stk-ede5e3f {margin-bottom:4px !important;}.stk-ede5e3f .stk-block-subtitle__text{color:var(--stk-global-color-9296, #000000) !important;text-transform:uppercase !important;}<\/style><p class=\"stk-block-subtitle__text stk-subtitle has-text-color has-stk-global-color-9296-color\">rochefort<\/p><\/div>\n\n\n\n<div class=\"wp-block-stackable-heading stk-block-heading stk-block-heading--v2 stk-block stk-2ffcdad\" id=\"span-data-stk-dynamic-other-posts-post-title-2669-contenteditable-false-class-stk-dynamic-content-marche-r-e-l-a-i-s-span\" data-block-id=\"2ffcdad\"><style>.stk-2ffcdad {margin-bottom:15px !important;}.stk-2ffcdad .stk-block-heading__text{text-transform:uppercase !important;}<\/style><h2 class=\"stk-block-heading__text\">R.E.L.A.I.S Market<\/h2><\/div>\n<\/div><\/div><a class=\"stk-link stk-block-link stk--transparent-overlay\" href=\"https:\/\/rocheforttourisme.be\/nl\/marche-relais\/\" aria-hidden=\"true\" tabindex=\"-1\"><\/a><\/div><\/div>\n<\/div><\/div><\/div>\n\n\n\n<div class=\"wp-block-stackable-column stk-block-column stk-column stk-block stk-8724842\" data-v=\"4\" data-block-id=\"8724842\"><style>.stk-8724842-container{margin-top:0px !important;margin-right:0px !important;margin-bottom:0px !important;margin-left:0px !important;}<\/style><div class=\"stk-column-wrapper stk-block-column__content stk-container stk-8724842-container stk--no-background stk--no-padding\"><div class=\"stk-block-content stk-inner-blocks stk-8724842-inner-blocks\">\n<div class=\"wp-block-stackable-card stk-block-card stk-block stk-0e28aae is-style-default\" data-v=\"2\" data-block-id=\"0e28aae\"><style>.stk-0e28aae:hover{transform:scale(1.05) !important;}.stk-0e28aae-container{background-color:#ffca0e !important;border-top-left-radius:12px !important;border-top-right-radius:12px !important;border-bottom-right-radius:12px !important;border-bottom-left-radius:12px !important;overflow:hidden !important;box-shadow:none !important;}.stk-0e28aae-container:before{background-color:#ffca0e !important;}<\/style><div class=\"stk--no-padding stk-container stk-0e28aae-container stk-hover-parent\"><figure class=\"stk-block-card__image stk-img-wrapper stk-image--shape-stretch\"><img width=\"640\" height=\"427\"  class=\"attachment-full size-full wp-post-image lws-optimize-lazyload\" alt=\"\" srcset=\"https:\/\/rocheforttourisme.be\/wp-content\/uploads\/2024\/02\/Hangers.webp 640w, https:\/\/rocheforttourisme.be\/wp-content\/uploads\/2024\/02\/Hangers-300x200.webp 300w\" sizes=\"(max-width: 640px) 100vw, 640px\" \/ data-src=\"https:\/\/rocheforttourisme.be\/wp-content\/uploads\/2024\/02\/Hangers.webp\"><\/figure><div class=\"stk-container-padding stk-block-card__content\"><div class=\"stk-block-content stk-inner-blocks stk-0e28aae-inner-blocks\">\n<div class=\"wp-block-stackable-subtitle stk-block-subtitle stk-block stk-fdb1209\" data-block-id=\"fdb1209\"><style>.stk-fdb1209 {margin-bottom:4px !important;}.stk-fdb1209 .stk-block-subtitle__text{color:var(--stk-global-color-9296, #000000) !important;text-transform:uppercase !important;}<\/style><p class=\"stk-block-subtitle__text stk-subtitle has-text-color has-stk-global-color-9296-color\">han-sur-lesse<\/p><\/div>\n\n\n\n<div class=\"wp-block-stackable-heading stk-block-heading stk-block-heading--v2 stk-block stk-1099b83\" id=\"span-data-stk-dynamic-other-posts-post-title-2678-contenteditable-false-class-stk-dynamic-content-marche-nocturne-span\" data-block-id=\"1099b83\"><style>.stk-1099b83 {margin-bottom:15px !important;}.stk-1099b83 .stk-block-heading__text{text-transform:uppercase !important;}<\/style><h2 class=\"stk-block-heading__text\">Nachtmarkt<\/h2><\/div>\n<\/div><\/div><a class=\"stk-link stk-block-link stk--transparent-overlay\" href=\"https:\/\/rocheforttourisme.be\/nl\/marche-nocturne\/\" aria-hidden=\"true\" tabindex=\"-1\"><\/a><\/div><\/div>\n<\/div><\/div><\/div>\n\n\n\n<div class=\"wp-block-stackable-column stk-block-column stk-column stk-block stk-9182a5a\" data-v=\"4\" data-block-id=\"9182a5a\"><style>.stk-9182a5a-container{margin-top:0px !important;margin-right:0px !important;margin-bottom:0px !important;margin-left:0px !important;}<\/style><div class=\"stk-column-wrapper stk-block-column__content stk-container stk-9182a5a-container stk--no-background stk--no-padding\"><div class=\"stk-block-content stk-inner-blocks stk-9182a5a-inner-blocks\"><\/div><\/div><\/div>\n<\/div><\/div>\n<\/div><\/div><\/div>\n<\/div><\/div>\n","protected":false},"excerpt":{"rendered":"<p>Rochefort heeft heel veel kleine plaatselijke producenten ! U vindt ze elk seizoen terug op de markten van Rochefort. Coup de coeur : mis de markt niet in Relais Rochefort op vrijdag : naast er uw inkopen doen kan u er ook een lekker lokaal biertje proeven ! rochefort R.E.L.A.I.S Market han-sur-lesse Nachtmarkt<\/p>\n","protected":false},"author":5,"featured_media":1857,"parent":119,"menu_order":2,"comment_status":"closed","ping_status":"closed","template":"","meta":{"neve_meta_sidebar":"","neve_meta_container":"","neve_meta_enable_content_width":"","neve_meta_content_width":0,"neve_meta_title_alignment":"","neve_meta_author_avatar":"","neve_post_elements_order":"","neve_meta_disable_header":"","neve_meta_disable_footer":"","neve_meta_disable_title":"","footnotes":""},"class_list":["post-160","page","type-page","status-publish","has-post-thumbnail","hentry"],"yoast_head":"<!-- This site is optimized with the Yoast SEO plugin v27.3 - https:\/\/yoast.com\/product\/yoast-seo-wordpress\/ -->\n<title>Lokale Markten<\/title>\n<meta name=\"description\" content=\"Rochefort zit vol met kleine lokale producenten! In alle seizoenen kunt u ze vinden op de markten van Rochefort.\" \/>\n<meta name=\"robots\" content=\"index, follow, max-snippet:-1, max-image-preview:large, max-video-preview:-1\" \/>\n<link rel=\"canonical\" href=\"https:\/\/rocheforttourisme.be\/nl\/boire-et-manger\/marches-locaux\/\" \/>\n<meta property=\"og:locale\" content=\"nl_NL\" \/>\n<meta property=\"og:locale:alternate\" content=\"en_GB\" \/>\n<meta property=\"og:locale:alternate\" content=\"fr_FR\" \/>\n<meta property=\"og:type\" content=\"article\" \/>\n<meta property=\"og:title\" content=\"Lokale Markten\" \/>\n<meta property=\"og:description\" content=\"Rochefort regorge de petits producteurs locaux\u00a0! A toutes saisons, retrouvez-les sur les march\u00e9s de Rochefort.\" \/>\n<meta property=\"og:url\" content=\"https:\/\/rocheforttourisme.be\/nl\/boire-et-manger\/marches-locaux\/\" \/>\n<meta property=\"og:site_name\" content=\"Rochefort Tourisme\" \/>\n<meta property=\"article:publisher\" content=\"https:\/\/www.facebook.com\/rochefort.tourisme\/\" \/>\n<meta property=\"article:modified_time\" content=\"2024-11-06T13:09:47+00:00\" \/>\n<meta property=\"og:image\" content=\"https:\/\/rocheforttourisme.be\/wp-content\/uploads\/2023\/11\/RT-marche-rochefort-scaled.jpg\" \/>\n\t<meta property=\"og:image:width\" content=\"2560\" \/>\n\t<meta property=\"og:image:height\" content=\"1714\" \/>\n\t<meta property=\"og:image:type\" content=\"image\/jpeg\" \/>\n<meta name=\"twitter:label1\" content=\"Verwachte leestijd\" \/>\n\t<meta name=\"twitter:data1\" content=\"1 minuut\" \/>\n<script type=\"application\/ld+json\" class=\"yoast-schema-graph\">{\"@context\":\"https:\\\/\\\/schema.org\",\"@graph\":[{\"@type\":\"WebPage\",\"@id\":\"https:\\\/\\\/rocheforttourisme.be\\\/fr\\\/boire-et-manger\\\/marches-locaux\\\/\",\"url\":\"https:\\\/\\\/rocheforttourisme.be\\\/fr\\\/boire-et-manger\\\/marches-locaux\\\/\",\"name\":\"Lokale Markten\",\"isPartOf\":{\"@id\":\"https:\\\/\\\/rocheforttourisme.be\\\/fr\\\/#website\"},\"primaryImageOfPage\":{\"@id\":\"https:\\\/\\\/rocheforttourisme.be\\\/fr\\\/boire-et-manger\\\/marches-locaux\\\/#primaryimage\"},\"image\":{\"@id\":\"https:\\\/\\\/rocheforttourisme.be\\\/fr\\\/boire-et-manger\\\/marches-locaux\\\/#primaryimage\"},\"thumbnailUrl\":\"https:\\\/\\\/rocheforttourisme.be\\\/wp-content\\\/uploads\\\/2023\\\/11\\\/RT-marche-rochefort-scaled.webp\",\"datePublished\":\"2023-02-17T12:33:35+00:00\",\"dateModified\":\"2024-11-06T13:09:47+00:00\",\"description\":\"Rochefort regorge de petits producteurs locaux\u00a0! A toutes saisons, retrouvez-les sur les march\u00e9s de Rochefort.\",\"breadcrumb\":{\"@id\":\"https:\\\/\\\/rocheforttourisme.be\\\/fr\\\/boire-et-manger\\\/marches-locaux\\\/#breadcrumb\"},\"inLanguage\":\"nl-NL-formal\",\"potentialAction\":[{\"@type\":\"ReadAction\",\"target\":[\"https:\\\/\\\/rocheforttourisme.be\\\/fr\\\/boire-et-manger\\\/marches-locaux\\\/\"]}]},{\"@type\":\"ImageObject\",\"inLanguage\":\"nl-NL-formal\",\"@id\":\"https:\\\/\\\/rocheforttourisme.be\\\/fr\\\/boire-et-manger\\\/marches-locaux\\\/#primaryimage\",\"url\":\"https:\\\/\\\/rocheforttourisme.be\\\/wp-content\\\/uploads\\\/2023\\\/11\\\/RT-marche-rochefort-scaled.webp\",\"contentUrl\":\"https:\\\/\\\/rocheforttourisme.be\\\/wp-content\\\/uploads\\\/2023\\\/11\\\/RT-marche-rochefort-scaled.webp\",\"width\":2560,\"height\":1714,\"caption\":\"Vue du centre-ville de la ville, ferm\u00e9 \u00e0 la circulation pour une brocante. Des \u00e9tals color\u00e9s sont install\u00e9s le long des rues, avec des objets divers tels que des v\u00eatements vintage, des livres et des objets de collection. Des personnes fl\u00e2nent entre les stands, tandis que les rues habituellement anim\u00e9es sont plus calmes, cr\u00e9ant une ambiance conviviale et festive pour l'\u00e9v\u00e9nement. En toile de fond, on peut y voir l'Eglise.\"},{\"@type\":\"BreadcrumbList\",\"@id\":\"https:\\\/\\\/rocheforttourisme.be\\\/fr\\\/boire-et-manger\\\/marches-locaux\\\/#breadcrumb\",\"itemListElement\":[{\"@type\":\"ListItem\",\"position\":1,\"name\":\"Boire &#038; Manger\",\"item\":\"https:\\\/\\\/rocheforttourisme.be\\\/fr\\\/boire-et-manger\\\/\"},{\"@type\":\"ListItem\",\"position\":2,\"name\":\"March\u00e9s locaux\"}]},{\"@type\":\"WebSite\",\"@id\":\"https:\\\/\\\/rocheforttourisme.be\\\/fr\\\/#website\",\"url\":\"https:\\\/\\\/rocheforttourisme.be\\\/fr\\\/\",\"name\":\"Rochefort Tourisme\",\"description\":\"\",\"publisher\":{\"@id\":\"https:\\\/\\\/rocheforttourisme.be\\\/fr\\\/#organization\"},\"potentialAction\":[{\"@type\":\"SearchAction\",\"target\":{\"@type\":\"EntryPoint\",\"urlTemplate\":\"https:\\\/\\\/rocheforttourisme.be\\\/fr\\\/?s={search_term_string}\"},\"query-input\":{\"@type\":\"PropertyValueSpecification\",\"valueRequired\":true,\"valueName\":\"search_term_string\"}}],\"inLanguage\":\"nl-NL-formal\"},{\"@type\":\"Organization\",\"@id\":\"https:\\\/\\\/rocheforttourisme.be\\\/fr\\\/#organization\",\"name\":\"Rochefort Tourisme\",\"url\":\"https:\\\/\\\/rocheforttourisme.be\\\/fr\\\/\",\"logo\":{\"@type\":\"ImageObject\",\"inLanguage\":\"nl-NL-formal\",\"@id\":\"https:\\\/\\\/rocheforttourisme.be\\\/fr\\\/#\\\/schema\\\/logo\\\/image\\\/\",\"url\":\"https:\\\/\\\/rocheforttourisme.be\\\/wp-content\\\/uploads\\\/2023\\\/10\\\/Rochefort-Tourisme-R-logo.png\",\"contentUrl\":\"https:\\\/\\\/rocheforttourisme.be\\\/wp-content\\\/uploads\\\/2023\\\/10\\\/Rochefort-Tourisme-R-logo.png\",\"width\":544,\"height\":544,\"caption\":\"Rochefort Tourisme\"},\"image\":{\"@id\":\"https:\\\/\\\/rocheforttourisme.be\\\/fr\\\/#\\\/schema\\\/logo\\\/image\\\/\"},\"sameAs\":[\"https:\\\/\\\/www.facebook.com\\\/rochefort.tourisme\\\/\",\"https:\\\/\\\/www.instagram.com\\\/rocheforttourisme\"]}]}<\/script>\n<!-- \/ Yoast SEO plugin. -->","yoast_head_json":{"title":"Lokale Markten","description":"Rochefort zit vol met kleine lokale producenten! In alle seizoenen kunt u ze vinden op de markten van Rochefort.","robots":{"index":"index","follow":"follow","max-snippet":"max-snippet:-1","max-image-preview":"max-image-preview:large","max-video-preview":"max-video-preview:-1"},"canonical":"https:\/\/rocheforttourisme.be\/nl\/boire-et-manger\/marches-locaux\/","og_locale":"nl_NL","og_type":"article","og_title":"[:en]Local markets[:fr]March\u00e9s locaux[:nl]Lokale Markten[:] - Rochefort Tourisme","og_description":"Rochefort regorge de petits producteurs locaux\u00a0! A toutes saisons, retrouvez-les sur les march\u00e9s de Rochefort.","og_url":"https:\/\/rocheforttourisme.be\/nl\/boire-et-manger\/marches-locaux\/","og_site_name":"Rochefort Tourisme","article_publisher":"https:\/\/www.facebook.com\/rochefort.tourisme\/","article_modified_time":"2024-11-06T13:09:47+00:00","og_image":[{"width":2560,"height":1714,"url":"https:\/\/rocheforttourisme.be\/wp-content\/uploads\/2023\/11\/RT-marche-rochefort-scaled.jpg","type":"image\/jpeg"}],"twitter_misc":{"Verwachte leestijd":"1 minuut"},"schema":{"@context":"https:\/\/schema.org","@graph":[{"@type":"WebPage","@id":"https:\/\/rocheforttourisme.be\/fr\/boire-et-manger\/marches-locaux\/","url":"https:\/\/rocheforttourisme.be\/fr\/boire-et-manger\/marches-locaux\/","name":"Lokale Markten","isPartOf":{"@id":"https:\/\/rocheforttourisme.be\/fr\/#website"},"primaryImageOfPage":{"@id":"https:\/\/rocheforttourisme.be\/fr\/boire-et-manger\/marches-locaux\/#primaryimage"},"image":{"@id":"https:\/\/rocheforttourisme.be\/fr\/boire-et-manger\/marches-locaux\/#primaryimage"},"thumbnailUrl":"https:\/\/rocheforttourisme.be\/wp-content\/uploads\/2023\/11\/RT-marche-rochefort-scaled.webp","datePublished":"2023-02-17T12:33:35+00:00","dateModified":"2024-11-06T13:09:47+00:00","description":"Rochefort regorge de petits producteurs locaux\u00a0! A toutes saisons, retrouvez-les sur les march\u00e9s de Rochefort.","breadcrumb":{"@id":"https:\/\/rocheforttourisme.be\/fr\/boire-et-manger\/marches-locaux\/#breadcrumb"},"inLanguage":"nl-NL-formal","potentialAction":[{"@type":"ReadAction","target":["https:\/\/rocheforttourisme.be\/fr\/boire-et-manger\/marches-locaux\/"]}]},{"@type":"ImageObject","inLanguage":"nl-NL-formal","@id":"https:\/\/rocheforttourisme.be\/fr\/boire-et-manger\/marches-locaux\/#primaryimage","url":"https:\/\/rocheforttourisme.be\/wp-content\/uploads\/2023\/11\/RT-marche-rochefort-scaled.webp","contentUrl":"https:\/\/rocheforttourisme.be\/wp-content\/uploads\/2023\/11\/RT-marche-rochefort-scaled.webp","width":2560,"height":1714,"caption":"Vue du centre-ville de la ville, ferm\u00e9 \u00e0 la circulation pour une brocante. Des \u00e9tals color\u00e9s sont install\u00e9s le long des rues, avec des objets divers tels que des v\u00eatements vintage, des livres et des objets de collection. Des personnes fl\u00e2nent entre les stands, tandis que les rues habituellement anim\u00e9es sont plus calmes, cr\u00e9ant une ambiance conviviale et festive pour l'\u00e9v\u00e9nement. En toile de fond, on peut y voir l'Eglise."},{"@type":"BreadcrumbList","@id":"https:\/\/rocheforttourisme.be\/fr\/boire-et-manger\/marches-locaux\/#breadcrumb","itemListElement":[{"@type":"ListItem","position":1,"name":"Boire &#038; Manger","item":"https:\/\/rocheforttourisme.be\/fr\/boire-et-manger\/"},{"@type":"ListItem","position":2,"name":"March\u00e9s locaux"}]},{"@type":"WebSite","@id":"https:\/\/rocheforttourisme.be\/fr\/#website","url":"https:\/\/rocheforttourisme.be\/fr\/","name":"Rochefort Tourisme","description":"","publisher":{"@id":"https:\/\/rocheforttourisme.be\/fr\/#organization"},"potentialAction":[{"@type":"SearchAction","target":{"@type":"EntryPoint","urlTemplate":"https:\/\/rocheforttourisme.be\/fr\/?s={search_term_string}"},"query-input":{"@type":"PropertyValueSpecification","valueRequired":true,"valueName":"search_term_string"}}],"inLanguage":"nl-NL-formal"},{"@type":"Organization","@id":"https:\/\/rocheforttourisme.be\/fr\/#organization","name":"Rochefort Tourisme","url":"https:\/\/rocheforttourisme.be\/fr\/","logo":{"@type":"ImageObject","inLanguage":"nl-NL-formal","@id":"https:\/\/rocheforttourisme.be\/fr\/#\/schema\/logo\/image\/","url":"https:\/\/rocheforttourisme.be\/wp-content\/uploads\/2023\/10\/Rochefort-Tourisme-R-logo.png","contentUrl":"https:\/\/rocheforttourisme.be\/wp-content\/uploads\/2023\/10\/Rochefort-Tourisme-R-logo.png","width":544,"height":544,"caption":"Rochefort Tourisme"},"image":{"@id":"https:\/\/rocheforttourisme.be\/fr\/#\/schema\/logo\/image\/"},"sameAs":["https:\/\/www.facebook.com\/rochefort.tourisme\/","https:\/\/www.instagram.com\/rocheforttourisme"]}]}},"_links":{"self":[{"href":"https:\/\/rocheforttourisme.be\/nl\/wp-json\/wp\/v2\/pages\/160","targetHints":{"allow":["GET"]}}],"collection":[{"href":"https:\/\/rocheforttourisme.be\/nl\/wp-json\/wp\/v2\/pages"}],"about":[{"href":"https:\/\/rocheforttourisme.be\/nl\/wp-json\/wp\/v2\/types\/page"}],"author":[{"embeddable":true,"href":"https:\/\/rocheforttourisme.be\/nl\/wp-json\/wp\/v2\/users\/5"}],"replies":[{"embeddable":true,"href":"https:\/\/rocheforttourisme.be\/nl\/wp-json\/wp\/v2\/comments?post=160"}],"version-history":[{"count":0,"href":"https:\/\/rocheforttourisme.be\/nl\/wp-json\/wp\/v2\/pages\/160\/revisions"}],"up":[{"embeddable":true,"href":"https:\/\/rocheforttourisme.be\/nl\/wp-json\/wp\/v2\/pages\/119"}],"wp:featuredmedia":[{"embeddable":true,"href":"https:\/\/rocheforttourisme.be\/nl\/wp-json\/wp\/v2\/media\/1857"}],"wp:attachment":[{"href":"https:\/\/rocheforttourisme.be\/nl\/wp-json\/wp\/v2\/media?parent=160"}],"curies":[{"name":"wp","href":"https:\/\/api.w.org\/{rel}","templated":true}]}}