{"id":5363,"date":"2024-10-30T11:02:06","date_gmt":"2024-10-30T10:02:06","guid":{"rendered":"https:\/\/rocheforttourisme.be\/fr\/?page_id=5363"},"modified":"2026-02-19T09:53:46","modified_gmt":"2026-02-19T08:53:46","slug":"blog","status":"publish","type":"page","link":"https:\/\/rocheforttourisme.be\/fr\/en-pratique\/blog\/","title":{"rendered":"Blog"},"content":{"rendered":"\n<div class=\"wp-block-stackable-text stk-block-text stk-block stk-ade0272\" data-block-id=\"ade0272\"><p class=\"stk-block-text__text has-text-align-center\">Sur cette page, vous trouverez diff\u00e9rentes informations et actualit\u00e9s de Rochefort et ses nombreux villages.<\/p><\/div>\n\n\n\n<div class=\"wp-block-stackable-timeline alignfull stk-block-timeline stk-block-timeline--right stk-block stk-a1a6073\" data-block-id=\"a1a6073\"><style>@media screen and (max-width:767px){.stk-a1a6073 .stk-inner-blocks:after{top:16px !important;}}<\/style><div class=\"stk-row stk-inner-blocks stk-block-content stk-content-align stk-a1a6073-column\"><div class=\"stk-block-timeline__date\">Fev 19, 2026<\/div><div class=\"stk-block-timeline__middle\"><\/div><div class=\"stk-block-timeline__content\">\n<div class=\"wp-block-stackable-column stk-block-column stk-column stk-block stk-10e10f3\" data-v=\"4\" data-block-id=\"10e10f3\"><style>.stk-10e10f3-container{margin-top:0px !important;margin-right:0px !important;margin-bottom:0px !important;margin-left:0px !important;}<\/style><div class=\"stk-column-wrapper stk-block-column__content stk-container stk-10e10f3-container stk--no-background stk--no-padding\"><div class=\"stk-block-content stk-inner-blocks stk-10e10f3-inner-blocks\">\n<div class=\"wp-block-stackable-card stk-block-card stk-block stk-293ea01 is-style-default\" data-v=\"2\" data-block-id=\"293ea01\"><style>.stk-293ea01:hover{transform:scale(1.05) !important;}.stk-293ea01-container{background-color:#ffca0e !important;border-top-left-radius:12px !important;border-top-right-radius:12px !important;border-bottom-right-radius:12px !important;border-bottom-left-radius:12px !important;overflow:hidden !important;box-shadow:none !important;}.stk-293ea01-container:before{background-color:#ffca0e !important;}.stk-293ea01 .stk-block-card__image{height:300px !important;}.stk-293ea01 .stk-block-card__image img{object-position:52% 79% !important;}<\/style><div class=\"stk--no-padding stk-container stk-293ea01-container stk-hover-parent\"><figure class=\"stk-block-card__image stk-img-wrapper stk-image--shape-stretch\"><img width=\"800\" height=\"600\"  class=\"attachment-full size-full wp-post-image lws-optimize-lazyload\" alt=\"\" srcset=\"https:\/\/rocheforttourisme.be\/wp-content\/uploads\/2025\/02\/RT-grandsfeux.webp 800w, https:\/\/rocheforttourisme.be\/wp-content\/uploads\/2025\/02\/RT-grandsfeux-300x225.webp 300w, https:\/\/rocheforttourisme.be\/wp-content\/uploads\/2025\/02\/RT-grandsfeux-768x576.webp 768w\" sizes=\"(max-width: 800px) 100vw, 800px\" \/ data-src=\"https:\/\/rocheforttourisme.be\/wp-content\/uploads\/2025\/02\/RT-grandsfeux.webp\"><\/figure><div class=\"stk-container-padding stk-block-card__content\"><div class=\"stk-block-content stk-inner-blocks stk-293ea01-inner-blocks\">\n<div class=\"wp-block-stackable-heading stk-block-heading stk-block-heading--v2 stk-block stk-8a2ce61\" id=\"span-data-stk-dynamic-other-posts-post-title-5712-contenteditable-false-class-stk-dynamic-content-les-grands-feux-a-rochefort-span\" data-block-id=\"8a2ce61\"><style>.stk-8a2ce61 {margin-bottom:15px !important;}<\/style><h2 class=\"stk-block-heading__text\">Les grands feux \u00e0 Rochefort<\/h2><\/div>\n<\/div><\/div><a class=\"stk-link stk-block-link stk--transparent-overlay\" href=\"https:\/\/rocheforttourisme.be\/fr\/grands-feux-rochefort\/\" aria-hidden=\"true\" tabindex=\"-1\"><\/a><\/div><\/div>\n<\/div><\/div><\/div>\n<\/div><\/div><\/div>\n\n\n\n<div class=\"wp-block-stackable-timeline alignfull stk-block-timeline stk-block-timeline--left stk-block stk-4f6ddda\" data-block-id=\"4f6ddda\"><style>@media screen and (max-width:767px){.stk-4f6ddda .stk-inner-blocks:after{top:16px !important;}}<\/style><div class=\"stk-row stk-inner-blocks stk-block-content stk-content-align stk-4f6ddda-column\"><div class=\"stk-block-timeline__date\">Oct 20, 2025<\/div><div class=\"stk-block-timeline__middle\"><\/div><div class=\"stk-block-timeline__content\">\n<div class=\"wp-block-stackable-column stk-block-column stk-column stk-block stk-df0644f\" data-v=\"4\" data-block-id=\"df0644f\"><style>.stk-df0644f-container{margin-top:0px !important;margin-right:0px !important;margin-bottom:0px !important;margin-left:0px !important;}<\/style><div class=\"stk-column-wrapper stk-block-column__content stk-container stk-df0644f-container stk--no-background stk--no-padding\"><div class=\"stk-block-content stk-inner-blocks stk-df0644f-inner-blocks\">\n<div class=\"wp-block-stackable-card stk-block-card stk-block stk-ab1c315 is-style-default\" data-v=\"2\" data-block-id=\"ab1c315\"><style>.stk-ab1c315:hover{transform:scale(1.05) !important;}.stk-ab1c315-container{background-color:#ffca0e !important;border-top-left-radius:12px !important;border-top-right-radius:12px !important;border-bottom-right-radius:12px !important;border-bottom-left-radius:12px !important;overflow:hidden !important;box-shadow:none !important;}.stk-ab1c315-container:before{background-color:#ffca0e !important;}.stk-ab1c315 .stk-block-card__image{height:300px !important;}<\/style><div class=\"stk--no-padding stk-container stk-ab1c315-container stk-hover-parent\"><figure class=\"stk-block-card__image stk-img-wrapper stk-image--shape-stretch\"><img width=\"2560\" height=\"1920\"  class=\"attachment-full size-full wp-post-image lws-optimize-lazyload\" alt=\"\" srcset=\"https:\/\/rocheforttourisme.be\/wp-content\/uploads\/2025\/10\/IMG_7173-scaled.jpg 2560w, https:\/\/rocheforttourisme.be\/wp-content\/uploads\/2025\/10\/IMG_7173-300x225.jpg 300w, https:\/\/rocheforttourisme.be\/wp-content\/uploads\/2025\/10\/IMG_7173-1024x768.jpg 1024w, https:\/\/rocheforttourisme.be\/wp-content\/uploads\/2025\/10\/IMG_7173-768x576.jpg 768w, https:\/\/rocheforttourisme.be\/wp-content\/uploads\/2025\/10\/IMG_7173-1536x1152.jpg 1536w, https:\/\/rocheforttourisme.be\/wp-content\/uploads\/2025\/10\/IMG_7173-2048x1536.jpg 2048w\" sizes=\"(max-width: 2560px) 100vw, 2560px\" \/ data-src=\"https:\/\/rocheforttourisme.be\/wp-content\/uploads\/2025\/10\/IMG_7173-scaled.jpg\"><\/figure><div class=\"stk-container-padding stk-block-card__content\"><div class=\"stk-block-content stk-inner-blocks stk-ab1c315-inner-blocks\">\n<div class=\"wp-block-stackable-heading stk-block-heading stk-block-heading--v2 stk-block stk-784ffe5\" id=\"span-data-stk-dynamic-other-posts-post-title-6459-contenteditable-false-class-stk-dynamic-content-rochefort-en-automne-span\" data-block-id=\"784ffe5\"><style>.stk-784ffe5 {margin-bottom:15px !important;}<\/style><h2 class=\"stk-block-heading__text\">Rochefort en automne<\/h2><\/div>\n<\/div><\/div><a class=\"stk-link stk-block-link stk--transparent-overlay\" href=\"https:\/\/rocheforttourisme.be\/fr\/rochefort-en-automne\/\" aria-hidden=\"true\" tabindex=\"-1\"><\/a><\/div><\/div>\n<\/div><\/div><\/div>\n<\/div><\/div><\/div>\n\n\n\n<div class=\"wp-block-stackable-timeline alignfull stk-block-timeline stk-block-timeline--right stk-block stk-f678866\" data-block-id=\"f678866\"><style>@media screen and (max-width:767px){.stk-f678866 .stk-inner-blocks:after{top:16px !important;}}<\/style><div class=\"stk-row stk-inner-blocks stk-block-content stk-content-align stk-f678866-column\"><div class=\"stk-block-timeline__date\">Fev 28, 2025<\/div><div class=\"stk-block-timeline__middle\"><\/div><div class=\"stk-block-timeline__content\">\n<div class=\"wp-block-stackable-column stk-block-column stk-column stk-block stk-741fb9c\" data-v=\"4\" data-block-id=\"741fb9c\"><style>.stk-741fb9c-container{margin-top:0px !important;margin-right:0px !important;margin-bottom:0px !important;margin-left:0px !important;}<\/style><div class=\"stk-column-wrapper stk-block-column__content stk-container stk-741fb9c-container stk--no-background stk--no-padding\"><div class=\"stk-block-content stk-inner-blocks stk-741fb9c-inner-blocks\">\n<div class=\"wp-block-stackable-card stk-block-card stk-block stk-edac339 is-style-default\" data-v=\"2\" data-block-id=\"edac339\"><style>.stk-edac339:hover{transform:scale(1.05) !important;}.stk-edac339-container{background-color:#ffca0e !important;border-top-left-radius:12px !important;border-top-right-radius:12px !important;border-bottom-right-radius:12px !important;border-bottom-left-radius:12px !important;overflow:hidden !important;box-shadow:none !important;}.stk-edac339-container:before{background-color:#ffca0e !important;}.stk-edac339 .stk-block-card__image{height:300px !important;}.stk-edac339 .stk-block-card__image img{object-position:52% 79% !important;}<\/style><div class=\"stk--no-padding stk-container stk-edac339-container stk-hover-parent\"><figure class=\"stk-block-card__image stk-img-wrapper stk-image--shape-stretch\"><img width=\"2560\" height=\"1707\"  class=\"attachment-full size-full wp-post-image lws-optimize-lazyload\" alt=\"\" srcset=\"https:\/\/rocheforttourisme.be\/wp-content\/uploads\/2025\/02\/MTFA_LAVAUX_07072020_009.webp 2560w, https:\/\/rocheforttourisme.be\/wp-content\/uploads\/2025\/02\/MTFA_LAVAUX_07072020_009-300x200.webp 300w, https:\/\/rocheforttourisme.be\/wp-content\/uploads\/2025\/02\/MTFA_LAVAUX_07072020_009-1024x683.webp 1024w, https:\/\/rocheforttourisme.be\/wp-content\/uploads\/2025\/02\/MTFA_LAVAUX_07072020_009-768x512.webp 768w, https:\/\/rocheforttourisme.be\/wp-content\/uploads\/2025\/02\/MTFA_LAVAUX_07072020_009-1536x1024.webp 1536w, https:\/\/rocheforttourisme.be\/wp-content\/uploads\/2025\/02\/MTFA_LAVAUX_07072020_009-2048x1366.webp 2048w, https:\/\/rocheforttourisme.be\/wp-content\/uploads\/2025\/02\/MTFA_LAVAUX_07072020_009-930x620.webp 930w\" sizes=\"(max-width: 2560px) 100vw, 2560px\" \/ data-src=\"https:\/\/rocheforttourisme.be\/wp-content\/uploads\/2025\/02\/MTFA_LAVAUX_07072020_009.webp\"><\/figure><div class=\"stk-container-padding stk-block-card__content\"><div class=\"stk-block-content stk-inner-blocks stk-edac339-inner-blocks\">\n<div class=\"wp-block-stackable-heading stk-block-heading stk-block-heading--v2 stk-block stk-e1186d9\" id=\"span-data-stk-dynamic-other-posts-post-title-6153-contenteditable-false-class-stk-dynamic-content-journee-mondiale-de-la-vie-sauvage-preserver-et-decouvrir-la-biodiversite-span\" data-block-id=\"e1186d9\"><style>.stk-e1186d9 {margin-bottom:15px !important;}<\/style><h2 class=\"stk-block-heading__text\">Journ\u00e9e mondiale de la vie sauvage : d\u00e9couvrir et pr\u00e9server la biodiversit\u00e9<\/h2><\/div>\n<\/div><\/div><a class=\"stk-link stk-block-link stk--transparent-overlay\" href=\"https:\/\/rocheforttourisme.be\/fr\/journee-mondiale-de-la-vie-sauvage\/\" aria-hidden=\"true\" tabindex=\"-1\"><\/a><\/div><\/div>\n<\/div><\/div><\/div>\n<\/div><\/div><\/div>\n\n\n\n<div class=\"wp-block-stackable-timeline alignfull stk-block-timeline stk-block-timeline--left stk-is-last stk-block stk-193577e\" data-block-id=\"193577e\"><style>@media screen and (max-width:767px){.stk-193577e .stk-inner-blocks:after{top:16px !important;bottom:calc(0px + (100% - 0px) - 16px) !important;}}<\/style><div class=\"stk-row stk-inner-blocks stk-block-content stk-content-align stk-193577e-column\"><div class=\"stk-block-timeline__date\">Fev 3, 2025<\/div><div class=\"stk-block-timeline__middle\"><\/div><div class=\"stk-block-timeline__content\">\n<div class=\"wp-block-stackable-column stk-block-column stk-column stk-block stk-ee3cd28\" data-v=\"4\" data-block-id=\"ee3cd28\"><style>.stk-ee3cd28-container{margin-top:0px !important;margin-right:0px !important;margin-bottom:0px !important;margin-left:0px !important;}<\/style><div class=\"stk-column-wrapper stk-block-column__content stk-container stk-ee3cd28-container stk--no-background stk--no-padding\"><div class=\"stk-block-content stk-inner-blocks stk-ee3cd28-inner-blocks\">\n<div class=\"wp-block-stackable-card stk-block-card stk-block stk-3f4d1fb is-style-default\" data-v=\"2\" data-block-id=\"3f4d1fb\"><style>.stk-3f4d1fb:hover{transform:scale(1.05) !important;}.stk-3f4d1fb-container{background-color:#ffca0e !important;border-top-left-radius:12px !important;border-top-right-radius:12px !important;border-bottom-right-radius:12px !important;border-bottom-left-radius:12px !important;overflow:hidden !important;box-shadow:none !important;}.stk-3f4d1fb-container:before{background-color:#ffca0e !important;}.stk-3f4d1fb .stk-block-card__image{height:300px !important;}<\/style><div class=\"stk--no-padding stk-container stk-3f4d1fb-container stk-hover-parent\"><figure class=\"stk-block-card__image stk-img-wrapper stk-image--shape-stretch\"><img width=\"800\" height=\"600\"  class=\"attachment-full size-full wp-post-image lws-optimize-lazyload\" alt=\"\" srcset=\"https:\/\/rocheforttourisme.be\/wp-content\/uploads\/2025\/02\/Growing-team.webp 800w, https:\/\/rocheforttourisme.be\/wp-content\/uploads\/2025\/02\/Growing-team-300x225.webp 300w, https:\/\/rocheforttourisme.be\/wp-content\/uploads\/2025\/02\/Growing-team-768x576.webp 768w\" sizes=\"(max-width: 800px) 100vw, 800px\" \/ data-src=\"https:\/\/rocheforttourisme.be\/wp-content\/uploads\/2025\/02\/Growing-team.webp\"><\/figure><div class=\"stk-container-padding stk-block-card__content\"><div class=\"stk-block-content stk-inner-blocks stk-3f4d1fb-inner-blocks\">\n<div class=\"wp-block-stackable-heading stk-block-heading stk-block-heading--v2 stk-block stk-3045196\" id=\"span-data-stk-dynamic-other-posts-post-title-5714-contenteditable-false-class-stk-dynamic-content-80-eme-anniversaire-de-la-bataille-des-ardennes-span\" data-block-id=\"3045196\"><style>.stk-3045196 {margin-bottom:15px !important;}<\/style><h2 class=\"stk-block-heading__text\">Nous recherchons des membres pour notre Conseil d\u2019Administration !<\/h2><\/div>\n<\/div><\/div><a class=\"stk-link stk-block-link stk--transparent-overlay\" href=\"https:\/\/rocheforttourisme.be\/fr\/nouveaux-membres\/\" aria-hidden=\"true\" tabindex=\"-1\"><\/a><\/div><\/div>\n<\/div><\/div><\/div>\n<\/div><\/div><\/div>\n\n\n\n<div class=\"wp-block-stackable-spacer stk-block-spacer stk--no-padding stk-block stk-b614658\" data-block-id=\"b614658\"><\/div>\n","protected":false},"excerpt":{"rendered":"<p>Sur cette page, vous trouverez diff\u00e9rentes informations et actualit\u00e9s de Rochefort et ses nombreux villages. Les grands feux \u00e0 Rochefort Rochefort en automne Journ\u00e9e mondiale de la vie sauvage : d\u00e9couvrir et pr\u00e9server la biodiversit\u00e9 Nous recherchons des membres pour notre Conseil d\u2019Administration !<\/p>\n","protected":false},"author":5,"featured_media":4599,"parent":131,"menu_order":2,"comment_status":"closed","ping_status":"closed","template":"","meta":{"neve_meta_sidebar":"","neve_meta_container":"","neve_meta_enable_content_width":"","neve_meta_content_width":0,"neve_meta_title_alignment":"","neve_meta_author_avatar":"","neve_post_elements_order":"","neve_meta_disable_header":"off","neve_meta_disable_footer":"","neve_meta_disable_title":"","footnotes":""},"class_list":["post-5363","page","type-page","status-publish","has-post-thumbnail","hentry"],"yoast_head":"<!-- This site is optimized with the Yoast SEO plugin v27.4 - https:\/\/yoast.com\/product\/yoast-seo-wordpress\/ -->\n<title>Blog<\/title>\n<meta name=\"description\" content=\"Vous retrouverez sur cette page diff\u00e9rentes informations et actualit\u00e9s de Rochefort et ses nombreux villages.\" \/>\n<meta name=\"robots\" content=\"index, follow, max-snippet:-1, max-image-preview:large, max-video-preview:-1\" \/>\n<link rel=\"canonical\" href=\"https:\/\/rocheforttourisme.be\/fr\/en-pratique\/blog\/\" \/>\n<meta property=\"og:locale\" content=\"fr_FR\" \/>\n<meta property=\"og:locale:alternate\" content=\"en_GB\" \/>\n<meta property=\"og:locale:alternate\" content=\"nl_BE\" \/>\n<meta property=\"og:type\" content=\"article\" \/>\n<meta property=\"og:title\" content=\"Blog\" \/>\n<meta property=\"og:description\" content=\"Vous retrouverez sur cette page diff\u00e9rentes informations et actualit\u00e9s de Rochefort et ses nombreux villages.\" \/>\n<meta property=\"og:url\" content=\"https:\/\/rocheforttourisme.be\/fr\/en-pratique\/blog\/\" \/>\n<meta property=\"og:site_name\" content=\"Rochefort Tourisme\" \/>\n<meta property=\"article:publisher\" content=\"https:\/\/www.facebook.com\/rochefort.tourisme\/\" \/>\n<meta property=\"article:modified_time\" content=\"2026-02-19T08:53:46+00:00\" \/>\n<meta property=\"og:image\" content=\"https:\/\/rocheforttourisme.be\/wp-content\/uploads\/2023\/02\/RT24-City-Tour-View.png\" \/>\n\t<meta property=\"og:image:width\" content=\"800\" \/>\n\t<meta property=\"og:image:height\" content=\"600\" \/>\n\t<meta property=\"og:image:type\" content=\"image\/png\" \/>\n<meta name=\"twitter:label1\" content=\"Dur\u00e9e de lecture estim\u00e9e\" \/>\n\t<meta name=\"twitter:data1\" content=\"1 minute\" \/>\n<script type=\"application\/ld+json\" class=\"yoast-schema-graph\">{\"@context\":\"https:\\\/\\\/schema.org\",\"@graph\":[{\"@type\":\"WebPage\",\"@id\":\"https:\\\/\\\/rocheforttourisme.be\\\/en\\\/en-pratique\\\/blog\\\/\",\"url\":\"https:\\\/\\\/rocheforttourisme.be\\\/en\\\/en-pratique\\\/blog\\\/\",\"name\":\"Blog\",\"isPartOf\":{\"@id\":\"https:\\\/\\\/rocheforttourisme.be\\\/fr\\\/#website\"},\"primaryImageOfPage\":{\"@id\":\"https:\\\/\\\/rocheforttourisme.be\\\/en\\\/en-pratique\\\/blog\\\/#primaryimage\"},\"image\":{\"@id\":\"https:\\\/\\\/rocheforttourisme.be\\\/en\\\/en-pratique\\\/blog\\\/#primaryimage\"},\"thumbnailUrl\":\"https:\\\/\\\/rocheforttourisme.be\\\/wp-content\\\/uploads\\\/2023\\\/02\\\/RT24-City-Tour-View.png\",\"datePublished\":\"2024-10-30T10:02:06+00:00\",\"dateModified\":\"2026-02-19T08:53:46+00:00\",\"description\":\"Vous retrouverez sur cette page diff\u00e9rentes informations et actualit\u00e9s de Rochefort et ses nombreux villages.\",\"breadcrumb\":{\"@id\":\"https:\\\/\\\/rocheforttourisme.be\\\/en\\\/en-pratique\\\/blog\\\/#breadcrumb\"},\"inLanguage\":\"fr-FR\",\"potentialAction\":[{\"@type\":\"ReadAction\",\"target\":[\"https:\\\/\\\/rocheforttourisme.be\\\/en\\\/en-pratique\\\/blog\\\/\"]}]},{\"@type\":\"ImageObject\",\"inLanguage\":\"fr-FR\",\"@id\":\"https:\\\/\\\/rocheforttourisme.be\\\/en\\\/en-pratique\\\/blog\\\/#primaryimage\",\"url\":\"https:\\\/\\\/rocheforttourisme.be\\\/wp-content\\\/uploads\\\/2023\\\/02\\\/RT24-City-Tour-View.png\",\"contentUrl\":\"https:\\\/\\\/rocheforttourisme.be\\\/wp-content\\\/uploads\\\/2023\\\/02\\\/RT24-City-Tour-View.png\",\"width\":800,\"height\":600},{\"@type\":\"BreadcrumbList\",\"@id\":\"https:\\\/\\\/rocheforttourisme.be\\\/en\\\/en-pratique\\\/blog\\\/#breadcrumb\",\"itemListElement\":[{\"@type\":\"ListItem\",\"position\":1,\"name\":\"En pratique\",\"item\":\"https:\\\/\\\/rocheforttourisme.be\\\/fr\\\/en-pratique\\\/\"},{\"@type\":\"ListItem\",\"position\":2,\"name\":\"Blog\"}]},{\"@type\":\"WebSite\",\"@id\":\"https:\\\/\\\/rocheforttourisme.be\\\/fr\\\/#website\",\"url\":\"https:\\\/\\\/rocheforttourisme.be\\\/fr\\\/\",\"name\":\"Rochefort Tourisme\",\"description\":\"\",\"publisher\":{\"@id\":\"https:\\\/\\\/rocheforttourisme.be\\\/fr\\\/#organization\"},\"potentialAction\":[{\"@type\":\"SearchAction\",\"target\":{\"@type\":\"EntryPoint\",\"urlTemplate\":\"https:\\\/\\\/rocheforttourisme.be\\\/fr\\\/?s={search_term_string}\"},\"query-input\":{\"@type\":\"PropertyValueSpecification\",\"valueRequired\":true,\"valueName\":\"search_term_string\"}}],\"inLanguage\":\"fr-FR\"},{\"@type\":\"Organization\",\"@id\":\"https:\\\/\\\/rocheforttourisme.be\\\/fr\\\/#organization\",\"name\":\"Rochefort Tourisme\",\"url\":\"https:\\\/\\\/rocheforttourisme.be\\\/fr\\\/\",\"logo\":{\"@type\":\"ImageObject\",\"inLanguage\":\"fr-FR\",\"@id\":\"https:\\\/\\\/rocheforttourisme.be\\\/fr\\\/#\\\/schema\\\/logo\\\/image\\\/\",\"url\":\"https:\\\/\\\/rocheforttourisme.be\\\/wp-content\\\/uploads\\\/2023\\\/10\\\/Rochefort-Tourisme-R-logo.png\",\"contentUrl\":\"https:\\\/\\\/rocheforttourisme.be\\\/wp-content\\\/uploads\\\/2023\\\/10\\\/Rochefort-Tourisme-R-logo.png\",\"width\":544,\"height\":544,\"caption\":\"Rochefort Tourisme\"},\"image\":{\"@id\":\"https:\\\/\\\/rocheforttourisme.be\\\/fr\\\/#\\\/schema\\\/logo\\\/image\\\/\"},\"sameAs\":[\"https:\\\/\\\/www.facebook.com\\\/rochefort.tourisme\\\/\",\"https:\\\/\\\/www.instagram.com\\\/rocheforttourisme\"]}]}<\/script>\n<!-- \/ Yoast SEO plugin. -->","yoast_head_json":{"title":"Blog","description":"Vous retrouverez sur cette page diff\u00e9rentes informations et actualit\u00e9s de Rochefort et ses nombreux villages.","robots":{"index":"index","follow":"follow","max-snippet":"max-snippet:-1","max-image-preview":"max-image-preview:large","max-video-preview":"max-video-preview:-1"},"canonical":"https:\/\/rocheforttourisme.be\/fr\/en-pratique\/blog\/","og_locale":"fr_FR","og_type":"article","og_title":"[:fr]Blog[:] - Rochefort Tourisme","og_description":"[:fr]Vous retrouverez sur cette page diff\u00e9rentes informations et actualit\u00e9s de Rochefort et ses nombreux villages.[:]","og_url":"https:\/\/rocheforttourisme.be\/fr\/en-pratique\/blog\/","og_site_name":"Rochefort Tourisme","article_publisher":"https:\/\/www.facebook.com\/rochefort.tourisme\/","article_modified_time":"2026-02-19T08:53:46+00:00","og_image":[{"width":800,"height":600,"url":"https:\/\/rocheforttourisme.be\/wp-content\/uploads\/2023\/02\/RT24-City-Tour-View.png","type":"image\/png"}],"twitter_misc":{"Dur\u00e9e de lecture estim\u00e9e":"1 minute"},"schema":{"@context":"https:\/\/schema.org","@graph":[{"@type":"WebPage","@id":"https:\/\/rocheforttourisme.be\/en\/en-pratique\/blog\/","url":"https:\/\/rocheforttourisme.be\/en\/en-pratique\/blog\/","name":"Blog","isPartOf":{"@id":"https:\/\/rocheforttourisme.be\/fr\/#website"},"primaryImageOfPage":{"@id":"https:\/\/rocheforttourisme.be\/en\/en-pratique\/blog\/#primaryimage"},"image":{"@id":"https:\/\/rocheforttourisme.be\/en\/en-pratique\/blog\/#primaryimage"},"thumbnailUrl":"https:\/\/rocheforttourisme.be\/wp-content\/uploads\/2023\/02\/RT24-City-Tour-View.png","datePublished":"2024-10-30T10:02:06+00:00","dateModified":"2026-02-19T08:53:46+00:00","description":"Vous retrouverez sur cette page diff\u00e9rentes informations et actualit\u00e9s de Rochefort et ses nombreux villages.","breadcrumb":{"@id":"https:\/\/rocheforttourisme.be\/en\/en-pratique\/blog\/#breadcrumb"},"inLanguage":"fr-FR","potentialAction":[{"@type":"ReadAction","target":["https:\/\/rocheforttourisme.be\/en\/en-pratique\/blog\/"]}]},{"@type":"ImageObject","inLanguage":"fr-FR","@id":"https:\/\/rocheforttourisme.be\/en\/en-pratique\/blog\/#primaryimage","url":"https:\/\/rocheforttourisme.be\/wp-content\/uploads\/2023\/02\/RT24-City-Tour-View.png","contentUrl":"https:\/\/rocheforttourisme.be\/wp-content\/uploads\/2023\/02\/RT24-City-Tour-View.png","width":800,"height":600},{"@type":"BreadcrumbList","@id":"https:\/\/rocheforttourisme.be\/en\/en-pratique\/blog\/#breadcrumb","itemListElement":[{"@type":"ListItem","position":1,"name":"En pratique","item":"https:\/\/rocheforttourisme.be\/fr\/en-pratique\/"},{"@type":"ListItem","position":2,"name":"Blog"}]},{"@type":"WebSite","@id":"https:\/\/rocheforttourisme.be\/fr\/#website","url":"https:\/\/rocheforttourisme.be\/fr\/","name":"Rochefort Tourisme","description":"","publisher":{"@id":"https:\/\/rocheforttourisme.be\/fr\/#organization"},"potentialAction":[{"@type":"SearchAction","target":{"@type":"EntryPoint","urlTemplate":"https:\/\/rocheforttourisme.be\/fr\/?s={search_term_string}"},"query-input":{"@type":"PropertyValueSpecification","valueRequired":true,"valueName":"search_term_string"}}],"inLanguage":"fr-FR"},{"@type":"Organization","@id":"https:\/\/rocheforttourisme.be\/fr\/#organization","name":"Rochefort Tourisme","url":"https:\/\/rocheforttourisme.be\/fr\/","logo":{"@type":"ImageObject","inLanguage":"fr-FR","@id":"https:\/\/rocheforttourisme.be\/fr\/#\/schema\/logo\/image\/","url":"https:\/\/rocheforttourisme.be\/wp-content\/uploads\/2023\/10\/Rochefort-Tourisme-R-logo.png","contentUrl":"https:\/\/rocheforttourisme.be\/wp-content\/uploads\/2023\/10\/Rochefort-Tourisme-R-logo.png","width":544,"height":544,"caption":"Rochefort Tourisme"},"image":{"@id":"https:\/\/rocheforttourisme.be\/fr\/#\/schema\/logo\/image\/"},"sameAs":["https:\/\/www.facebook.com\/rochefort.tourisme\/","https:\/\/www.instagram.com\/rocheforttourisme"]}]}},"_links":{"self":[{"href":"https:\/\/rocheforttourisme.be\/fr\/wp-json\/wp\/v2\/pages\/5363","targetHints":{"allow":["GET"]}}],"collection":[{"href":"https:\/\/rocheforttourisme.be\/fr\/wp-json\/wp\/v2\/pages"}],"about":[{"href":"https:\/\/rocheforttourisme.be\/fr\/wp-json\/wp\/v2\/types\/page"}],"author":[{"embeddable":true,"href":"https:\/\/rocheforttourisme.be\/fr\/wp-json\/wp\/v2\/users\/5"}],"replies":[{"embeddable":true,"href":"https:\/\/rocheforttourisme.be\/fr\/wp-json\/wp\/v2\/comments?post=5363"}],"version-history":[{"count":11,"href":"https:\/\/rocheforttourisme.be\/fr\/wp-json\/wp\/v2\/pages\/5363\/revisions"}],"predecessor-version":[{"id":6565,"href":"https:\/\/rocheforttourisme.be\/fr\/wp-json\/wp\/v2\/pages\/5363\/revisions\/6565"}],"up":[{"embeddable":true,"href":"https:\/\/rocheforttourisme.be\/fr\/wp-json\/wp\/v2\/pages\/131"}],"wp:featuredmedia":[{"embeddable":true,"href":"https:\/\/rocheforttourisme.be\/fr\/wp-json\/wp\/v2\/media\/4599"}],"wp:attachment":[{"href":"https:\/\/rocheforttourisme.be\/fr\/wp-json\/wp\/v2\/media?parent=5363"}],"curies":[{"name":"wp","href":"https:\/\/api.w.org\/{rel}","templated":true}]}}