{"id":221,"date":"2023-02-17T13:53:58","date_gmt":"2023-02-17T12:53:58","guid":{"rendered":"http:\/\/rocheforttourisme.be\/?page_id=221"},"modified":"2025-03-20T12:46:31","modified_gmt":"2025-03-20T11:46:31","slug":"mentions-legales","status":"publish","type":"page","link":"https:\/\/rocheforttourisme.be\/fr\/rochefort-tourisme-belgique\/mentions-legales\/","title":{"rendered":"Mentions l\u00e9gales"},"content":{"rendered":"\n<ul class=\"wp-block-list\">\n<li><strong>Editeur responsable : <\/strong>Asbl Syndicat d&rsquo;Initiative de la ville de Rochefort<\/li>\n\n\n\n<li><strong>Si\u00e8ge social : <\/strong>Rue de Behogne, 5, 5580 Rochefort, BELGIQUE<\/li>\n\n\n\n<li><strong>Num\u00e9ro BCE :<\/strong> 0410.579.719<\/li>\n<\/ul>\n\n\n\n<div class=\"wp-block-stackable-heading stk-block-heading stk-block-heading--v2 stk-block stk-2582f40\" id=\"politique-de-confidentialite\" data-block-id=\"2582f40\"><h2 class=\"stk-block-heading__text\">Politique de confidentialit\u00e9<\/h2><\/div>\n\n\n\n<p>L\u2019utilisation du site Internet par les Utilisateurs pourra entra\u00eener la communication de donn\u00e9es personnelles mais il est possible de visiter le site Internet sans fournir de donn\u00e9es personnelles. Le traitement de ces donn\u00e9es par l&rsquo;Asbl Syndicat d&rsquo;Initiative de la ville de Rochefort, en sa qualit\u00e9 de Responsable du traitement, ou par les prestataires agissant au nom et pour le compte de l&rsquo;Asbl, sera conforme \u00e0 la Loi et au R\u00e8glement en vigueur.<\/p>\n\n\n\n<p><strong>Ce que nous collectons:<\/strong><\/p>\n\n\n\n<p>Les donn\u00e9es \u00e0 caract\u00e8re personnel seront trait\u00e9es par l&rsquo;Asbl via&nbsp;:<\/p>\n\n\n\n<ul class=\"wp-block-list\">\n<li>le formulaire de contact du site Internet,<\/li>\n\n\n\n<li>les cookies du site internet,<\/li>\n\n\n\n<li>les donn\u00e9es fournies par \u00e9crit ou oralement, \u00e9lectroniquement ou non, par l\u2019Utilisateur.<\/li>\n<\/ul>\n\n\n\n<p><strong>Ce que nous faisons des donn\u00e9es que nous collectons:<\/strong><\/p>\n\n\n\n<p>L&rsquo;Asbl qui est le Responsable des Traitements, ne conserve les donn\u00e9es \u00e0 caract\u00e8re personnel que pendant le temps raisonnablement n\u00e9cessaire pour permettre l\u2019accomplissement des finalit\u00e9s pour lesquelles elles sont trait\u00e9es.<\/p>\n\n\n\n<p><strong>Consentement<\/strong><\/p>\n\n\n\n<p>En acc\u00e9dant au site et en l\u2019utilisant, l\u2019Utilisateur d\u00e9clare avoir pris connaissance et marqu\u00e9 son accord de fa\u00e7on libre, sp\u00e9cifique, \u00e9clair\u00e9e et univoque au traitement des donn\u00e9es \u00e0 caract\u00e8re personnel le concernant. Cet accord porte sur le contenu de la pr\u00e9sente Politique de confidentialit\u00e9. En fournissant ces informations, l\u2019Utilisateur accepte express\u00e9ment qu\u2019elles soient trait\u00e9es par l&rsquo;Asbl Syndicat d&rsquo;Initiative de la ville de Rochefort.<\/p>\n\n\n\n<p><strong>S\u00e9curit\u00e9<\/strong><\/p>\n\n\n\n<p>Nous sommes d\u00e9termin\u00e9s \u00e0 faire en sorte que vos informations soient s\u00e9curis\u00e9es. Ce site est notamment h\u00e9berg\u00e9 sur un serveur disposant d\u2019outils de protection tel qu\u2019un pare-feu et est crypt\u00e9 \u00e0 l\u2019aide d\u2019un certificat SSL.<\/p>\n\n\n\n<p><strong>Liens externes<\/strong><\/p>\n\n\n\n<p>Le site Internet de l&rsquo;Asbl Syndicat d&rsquo;Initiative mentionne des liens externes pour documenter certaines informations. L\u2019activation de ces liens rel\u00e8ve de la responsabilit\u00e9 de l\u2019utilisateur et nous ne sommes plus responsables du traitement des donn\u00e9es sur ces liens.<\/p>\n\n\n\n<div class=\"wp-block-stackable-heading stk-block-heading stk-block-heading--v2 stk-block stk-a3fd0c9\" id=\"cookies\" data-block-id=\"a3fd0c9\"><h2 class=\"stk-block-heading__text\">Cookies<\/h2><\/div>\n\n\n<div class=\"uc-embed\"\n\tuc-embed-type=\"all\"\n\t\tuc-embed-show-toggle=\"false\"\n><\/div>\n\n\n\n\n<div class=\"wp-block-stackable-heading stk-block-heading stk-block-heading--v2 stk-block stk-592e0f1\" id=\"responsable-des-traitements\" data-block-id=\"592e0f1\"><h2 class=\"stk-block-heading__text\">Responsable des traitements<\/h2><\/div>\n\n\n\n<p>Le responsable du traitement des donn\u00e9es \u00e0 caract\u00e8re personnel est le Syndicat d&rsquo;Initiative de la ville de Rochefort, repr\u00e9sent\u00e9 par Monsieur Pierre Vuylsteke, Pr\u00e9sident.&nbsp;<\/p>\n\n\n\n<p>Pour toute question relative \u00e0 la protection des donn\u00e9es \u00e0 caract\u00e8re personnel, veuillez vous adresser au Syndicat d&rsquo;Initiative de la ville de Rochefort, par courrier postal \u00e0 l\u2019adresse en ent\u00eate de page ou par courrier \u00e9lectronique : infos@rochefort-tourisme.be.<\/p>\n","protected":false},"excerpt":{"rendered":"<p>Politique de confidentialit\u00e9 L\u2019utilisation du site Internet par les Utilisateurs pourra entra\u00eener la communication de donn\u00e9es personnelles mais il est possible de visiter le site Internet sans fournir de donn\u00e9es personnelles. Le traitement de ces donn\u00e9es par l&rsquo;Asbl Syndicat d&rsquo;Initiative de la ville de Rochefort, en sa qualit\u00e9 de Responsable du traitement, ou par les&hellip;&nbsp;<a href=\"https:\/\/rocheforttourisme.be\/fr\/rochefort-tourisme-belgique\/mentions-legales\/\" rel=\"bookmark\">Lire la suite &raquo;<span class=\"screen-reader-text\">Mentions l\u00e9gales<\/span><\/a><\/p>\n","protected":false},"author":5,"featured_media":0,"parent":5,"menu_order":0,"comment_status":"closed","ping_status":"closed","template":"","meta":{"neve_meta_sidebar":"default","neve_meta_container":"default","neve_meta_enable_content_width":"","neve_meta_content_width":0,"neve_meta_title_alignment":"left","neve_meta_author_avatar":"","neve_post_elements_order":"","neve_meta_disable_header":"off","neve_meta_disable_footer":"off","neve_meta_disable_title":"off","footnotes":""},"class_list":["post-221","page","type-page","status-publish","hentry"],"yoast_head":"<!-- This site is optimized with the Yoast SEO plugin v27.3 - https:\/\/yoast.com\/product\/yoast-seo-wordpress\/ -->\n<title>Mentions l\u00e9gales<\/title>\n<meta name=\"description\" content=\"Retrouvez ici toutes les mentions l\u00e9gales du site web de Rochefort Tourisme qui sont appliqu\u00e9es\" \/>\n<meta name=\"robots\" content=\"index, follow, max-snippet:-1, max-image-preview:large, max-video-preview:-1\" \/>\n<link rel=\"canonical\" href=\"https:\/\/rocheforttourisme.be\/fr\/rochefort-tourisme-belgique\/mentions-legales\/\" \/>\n<meta property=\"og:locale\" content=\"fr_FR\" \/>\n<meta property=\"og:locale:alternate\" content=\"en_GB\" \/>\n<meta property=\"og:locale:alternate\" content=\"nl_BE\" \/>\n<meta property=\"og:type\" content=\"article\" \/>\n<meta property=\"og:title\" content=\"Mentions l\u00e9gales\" \/>\n<meta property=\"og:description\" content=\"Retrouvez ici toutes les mentions l\u00e9gales du site web de Rochefort Tourisme qui sont appliqu\u00e9es\" \/>\n<meta property=\"og:url\" content=\"https:\/\/rocheforttourisme.be\/fr\/rochefort-tourisme-belgique\/mentions-legales\/\" \/>\n<meta property=\"og:site_name\" content=\"Rochefort Tourisme\" \/>\n<meta property=\"article:publisher\" content=\"https:\/\/www.facebook.com\/rochefort.tourisme\/\" \/>\n<meta property=\"article:modified_time\" content=\"2025-03-20T11:46:31+00:00\" \/>\n<meta name=\"twitter:label1\" content=\"Dur\u00e9e de lecture estim\u00e9e\" \/>\n\t<meta name=\"twitter:data1\" content=\"2 minutes\" \/>\n<script type=\"application\/ld+json\" class=\"yoast-schema-graph\">{\"@context\":\"https:\\\/\\\/schema.org\",\"@graph\":[{\"@type\":\"WebPage\",\"@id\":\"https:\\\/\\\/rocheforttourisme.be\\\/nl\\\/rochefort-tourisme-belgique\\\/mentions-legales\\\/\",\"url\":\"https:\\\/\\\/rocheforttourisme.be\\\/nl\\\/rochefort-tourisme-belgique\\\/mentions-legales\\\/\",\"name\":\"Mentions l\u00e9gales\",\"isPartOf\":{\"@id\":\"https:\\\/\\\/rocheforttourisme.be\\\/fr\\\/#website\"},\"datePublished\":\"2023-02-17T12:53:58+00:00\",\"dateModified\":\"2025-03-20T11:46:31+00:00\",\"description\":\"Retrouvez ici toutes les mentions l\u00e9gales du site web de Rochefort Tourisme qui sont appliqu\u00e9es\",\"breadcrumb\":{\"@id\":\"https:\\\/\\\/rocheforttourisme.be\\\/nl\\\/rochefort-tourisme-belgique\\\/mentions-legales\\\/#breadcrumb\"},\"inLanguage\":\"fr-FR\",\"potentialAction\":[{\"@type\":\"ReadAction\",\"target\":[\"https:\\\/\\\/rocheforttourisme.be\\\/nl\\\/rochefort-tourisme-belgique\\\/mentions-legales\\\/\"]}]},{\"@type\":\"BreadcrumbList\",\"@id\":\"https:\\\/\\\/rocheforttourisme.be\\\/nl\\\/rochefort-tourisme-belgique\\\/mentions-legales\\\/#breadcrumb\",\"itemListElement\":[{\"@type\":\"ListItem\",\"position\":1,\"name\":\"Rochefort Tourisme Belgique\",\"item\":\"https:\\\/\\\/rocheforttourisme.be\\\/nl\\\/\"},{\"@type\":\"ListItem\",\"position\":2,\"name\":\"Mentions l\u00e9gales\"}]},{\"@type\":\"WebSite\",\"@id\":\"https:\\\/\\\/rocheforttourisme.be\\\/fr\\\/#website\",\"url\":\"https:\\\/\\\/rocheforttourisme.be\\\/fr\\\/\",\"name\":\"Rochefort Tourisme\",\"description\":\"\",\"publisher\":{\"@id\":\"https:\\\/\\\/rocheforttourisme.be\\\/fr\\\/#organization\"},\"potentialAction\":[{\"@type\":\"SearchAction\",\"target\":{\"@type\":\"EntryPoint\",\"urlTemplate\":\"https:\\\/\\\/rocheforttourisme.be\\\/fr\\\/?s={search_term_string}\"},\"query-input\":{\"@type\":\"PropertyValueSpecification\",\"valueRequired\":true,\"valueName\":\"search_term_string\"}}],\"inLanguage\":\"fr-FR\"},{\"@type\":\"Organization\",\"@id\":\"https:\\\/\\\/rocheforttourisme.be\\\/fr\\\/#organization\",\"name\":\"Rochefort Tourisme\",\"url\":\"https:\\\/\\\/rocheforttourisme.be\\\/fr\\\/\",\"logo\":{\"@type\":\"ImageObject\",\"inLanguage\":\"fr-FR\",\"@id\":\"https:\\\/\\\/rocheforttourisme.be\\\/fr\\\/#\\\/schema\\\/logo\\\/image\\\/\",\"url\":\"https:\\\/\\\/rocheforttourisme.be\\\/wp-content\\\/uploads\\\/2023\\\/10\\\/Rochefort-Tourisme-R-logo.png\",\"contentUrl\":\"https:\\\/\\\/rocheforttourisme.be\\\/wp-content\\\/uploads\\\/2023\\\/10\\\/Rochefort-Tourisme-R-logo.png\",\"width\":544,\"height\":544,\"caption\":\"Rochefort Tourisme\"},\"image\":{\"@id\":\"https:\\\/\\\/rocheforttourisme.be\\\/fr\\\/#\\\/schema\\\/logo\\\/image\\\/\"},\"sameAs\":[\"https:\\\/\\\/www.facebook.com\\\/rochefort.tourisme\\\/\",\"https:\\\/\\\/www.instagram.com\\\/rocheforttourisme\"]}]}<\/script>\n<!-- \/ Yoast SEO plugin. -->","yoast_head_json":{"title":"Mentions l\u00e9gales","description":"Retrouvez ici toutes les mentions l\u00e9gales du site web de Rochefort Tourisme qui sont appliqu\u00e9es","robots":{"index":"index","follow":"follow","max-snippet":"max-snippet:-1","max-image-preview":"max-image-preview:large","max-video-preview":"max-video-preview:-1"},"canonical":"https:\/\/rocheforttourisme.be\/fr\/rochefort-tourisme-belgique\/mentions-legales\/","og_locale":"fr_FR","og_type":"article","og_title":"[:en]Legal notice[:fr]Mentions l\u00e9gales[:] - Rochefort Tourisme","og_description":"[:fr]Retrouvez ici toutes les mentions l\u00e9gales du site web de Rochefort Tourisme qui sont appliqu\u00e9es[:nl]Rochefort is bier, geschiedenis, natuur en nog veel meer te ontdekken. Dompel jezelf onder in onze wereld met Rochefort Tourisme![:]","og_url":"https:\/\/rocheforttourisme.be\/fr\/rochefort-tourisme-belgique\/mentions-legales\/","og_site_name":"Rochefort Tourisme","article_publisher":"https:\/\/www.facebook.com\/rochefort.tourisme\/","article_modified_time":"2025-03-20T11:46:31+00:00","twitter_misc":{"Dur\u00e9e de lecture estim\u00e9e":"2 minutes"},"schema":{"@context":"https:\/\/schema.org","@graph":[{"@type":"WebPage","@id":"https:\/\/rocheforttourisme.be\/nl\/rochefort-tourisme-belgique\/mentions-legales\/","url":"https:\/\/rocheforttourisme.be\/nl\/rochefort-tourisme-belgique\/mentions-legales\/","name":"Mentions l\u00e9gales","isPartOf":{"@id":"https:\/\/rocheforttourisme.be\/fr\/#website"},"datePublished":"2023-02-17T12:53:58+00:00","dateModified":"2025-03-20T11:46:31+00:00","description":"Retrouvez ici toutes les mentions l\u00e9gales du site web de Rochefort Tourisme qui sont appliqu\u00e9es","breadcrumb":{"@id":"https:\/\/rocheforttourisme.be\/nl\/rochefort-tourisme-belgique\/mentions-legales\/#breadcrumb"},"inLanguage":"fr-FR","potentialAction":[{"@type":"ReadAction","target":["https:\/\/rocheforttourisme.be\/nl\/rochefort-tourisme-belgique\/mentions-legales\/"]}]},{"@type":"BreadcrumbList","@id":"https:\/\/rocheforttourisme.be\/nl\/rochefort-tourisme-belgique\/mentions-legales\/#breadcrumb","itemListElement":[{"@type":"ListItem","position":1,"name":"Rochefort Tourisme Belgique","item":"https:\/\/rocheforttourisme.be\/nl\/"},{"@type":"ListItem","position":2,"name":"Mentions l\u00e9gales"}]},{"@type":"WebSite","@id":"https:\/\/rocheforttourisme.be\/fr\/#website","url":"https:\/\/rocheforttourisme.be\/fr\/","name":"Rochefort Tourisme","description":"","publisher":{"@id":"https:\/\/rocheforttourisme.be\/fr\/#organization"},"potentialAction":[{"@type":"SearchAction","target":{"@type":"EntryPoint","urlTemplate":"https:\/\/rocheforttourisme.be\/fr\/?s={search_term_string}"},"query-input":{"@type":"PropertyValueSpecification","valueRequired":true,"valueName":"search_term_string"}}],"inLanguage":"fr-FR"},{"@type":"Organization","@id":"https:\/\/rocheforttourisme.be\/fr\/#organization","name":"Rochefort Tourisme","url":"https:\/\/rocheforttourisme.be\/fr\/","logo":{"@type":"ImageObject","inLanguage":"fr-FR","@id":"https:\/\/rocheforttourisme.be\/fr\/#\/schema\/logo\/image\/","url":"https:\/\/rocheforttourisme.be\/wp-content\/uploads\/2023\/10\/Rochefort-Tourisme-R-logo.png","contentUrl":"https:\/\/rocheforttourisme.be\/wp-content\/uploads\/2023\/10\/Rochefort-Tourisme-R-logo.png","width":544,"height":544,"caption":"Rochefort Tourisme"},"image":{"@id":"https:\/\/rocheforttourisme.be\/fr\/#\/schema\/logo\/image\/"},"sameAs":["https:\/\/www.facebook.com\/rochefort.tourisme\/","https:\/\/www.instagram.com\/rocheforttourisme"]}]}},"_links":{"self":[{"href":"https:\/\/rocheforttourisme.be\/fr\/wp-json\/wp\/v2\/pages\/221","targetHints":{"allow":["GET"]}}],"collection":[{"href":"https:\/\/rocheforttourisme.be\/fr\/wp-json\/wp\/v2\/pages"}],"about":[{"href":"https:\/\/rocheforttourisme.be\/fr\/wp-json\/wp\/v2\/types\/page"}],"author":[{"embeddable":true,"href":"https:\/\/rocheforttourisme.be\/fr\/wp-json\/wp\/v2\/users\/5"}],"replies":[{"embeddable":true,"href":"https:\/\/rocheforttourisme.be\/fr\/wp-json\/wp\/v2\/comments?post=221"}],"version-history":[{"count":3,"href":"https:\/\/rocheforttourisme.be\/fr\/wp-json\/wp\/v2\/pages\/221\/revisions"}],"predecessor-version":[{"id":6191,"href":"https:\/\/rocheforttourisme.be\/fr\/wp-json\/wp\/v2\/pages\/221\/revisions\/6191"}],"up":[{"embeddable":true,"href":"https:\/\/rocheforttourisme.be\/fr\/wp-json\/wp\/v2\/pages\/5"}],"wp:attachment":[{"href":"https:\/\/rocheforttourisme.be\/fr\/wp-json\/wp\/v2\/media?parent=221"}],"curies":[{"name":"wp","href":"https:\/\/api.w.org\/{rel}","templated":true}]}}