{"id":142,"date":"2023-02-17T13:27:16","date_gmt":"2023-02-17T12:27:16","guid":{"rendered":"http:\/\/rocheforttourisme.be\/?page_id=142"},"modified":"2024-11-06T14:08:52","modified_gmt":"2024-11-06T13:08:52","slug":"ou-dormir","status":"publish","type":"page","link":"https:\/\/rocheforttourisme.be\/fr\/ou-dormir\/","title":{"rendered":"O\u00f9 dormir"},"content":{"rendered":"\n<div class=\"wp-block-stackable-image alignwide stk-block-image stk-block stk-aa9def4\" data-block-id=\"aa9def4\"><figure><span class=\"stk-img-wrapper stk-image--shape-stretch\"><img class=\"stk-img wp-image-4306 lws-optimize-lazyload\"  width=\"1440\" height=\"608\"\/ data-src=\"https:\/\/rocheforttourisme.be\/wp-content\/uploads\/2024\/09\/Banner-Dormir-Site-web-FR.png\" srcset=\"https:\/\/rocheforttourisme.be\/wp-content\/uploads\/2024\/09\/Banner-Dormir-Site-web-FR.png 1440w, https:\/\/rocheforttourisme.be\/wp-content\/uploads\/2024\/09\/Banner-Dormir-Site-web-FR-300x127.png 300w, https:\/\/rocheforttourisme.be\/wp-content\/uploads\/2024\/09\/Banner-Dormir-Site-web-FR-1024x432.png 1024w, https:\/\/rocheforttourisme.be\/wp-content\/uploads\/2024\/09\/Banner-Dormir-Site-web-FR-768x324.png 768w\" sizes=\"(max-width: 1440px) 100vw, 1440px\" \/><\/span><\/figure><\/div>\n\n\n\n<div style=\"height:25px\" aria-hidden=\"true\" class=\"wp-block-spacer\"><\/div>\n\n\n\n<p class=\"has-text-align-center has-medium-font-size\">Dormir \u00e0 la belle \u00e9toile, dans un camping ou en bivouac, dormir sur vos deux oreilles dans h\u00f4tel ou une chambre d\u2019h\u00f4te ou encore un logement insolite,\u2026. Quels que soit votre budget ou votre envie, vous trouverez sans aucun doute l\u2019<strong>h\u00e9bergement id\u00e9al<\/strong> pour votre s\u00e9jour chez nous.<\/p>\n\n\n\n<div class=\"wp-block-stackable-columns alignfull stk-block-columns stk-block stk-7aac3b4 stk-block-background\" data-block-id=\"7aac3b4\"><style>.stk-7aac3b4 {background-color:var(--stk-global-color-58834, #ffffff) !important;padding-top:80px !important;padding-bottom:80px !important;}.stk-7aac3b4:before{background-color:var(--stk-global-color-58834, #ffffff) !important;}.stk-7aac3b4 > .stk-separator__top svg{fill:var(--stk-global-color-81840, #f6f6f6) !important;filter:none !important;}.stk-7aac3b4 > .stk-separator__top .stk-separator__wrapper{height:400px !important;}<\/style><div class=\"stk-row stk-inner-blocks stk-block-content stk-content-align stk-7aac3b4-column alignwide\">\n<div class=\"wp-block-stackable-column stk-block-column stk-column stk-block stk-3426f5d\" data-v=\"4\" data-block-id=\"3426f5d\"><div class=\"stk-column-wrapper stk-block-column__content stk-container stk-3426f5d-container stk--no-background stk--no-padding\"><div class=\"stk-block-content stk-inner-blocks stk-3426f5d-inner-blocks\">\n<div class=\"wp-block-stackable-columns stk-block-columns stk-block stk-3657623\" data-block-id=\"3657623\"><style>.stk-3657623-column{--stk-column-gap:24px !important;row-gap:24px !important;}<\/style><div class=\"stk-row stk-inner-blocks stk-block-content stk-content-align stk-3657623-column\">\n<div class=\"wp-block-stackable-column stk-block-column stk-column stk-block stk-861c837\" data-v=\"4\" data-block-id=\"861c837\"><style>.stk-861c837-container{margin-top:0px !important;margin-right:0px !important;margin-bottom:0px !important;margin-left:0px !important;}<\/style><div class=\"stk-column-wrapper stk-block-column__content stk-container stk-861c837-container stk--no-background stk--no-padding\"><div class=\"stk-block-content stk-inner-blocks stk-861c837-inner-blocks\">\n<div class=\"wp-block-stackable-card stk-block-card stk-block stk-198ea96 is-style-default\" data-v=\"2\" data-block-id=\"198ea96\"><style>.stk-198ea96:hover{transform:scale(1.05) !important;}.stk-198ea96-container{background-color:#ffca0e !important;border-top-left-radius:12px !important;border-top-right-radius:12px !important;border-bottom-right-radius:12px !important;border-bottom-left-radius:12px !important;overflow:hidden !important;box-shadow:none !important;}.stk-198ea96-container:before{background-color:#ffca0e !important;}.stk-198ea96 .stk-block-card__image{height:300px !important;}<\/style><div class=\"stk--no-padding stk-container stk-198ea96-container stk-hover-parent\"><figure class=\"stk-block-card__image stk-img-wrapper stk-image--shape-stretch\"><img width=\"800\" height=\"600\"  class=\"attachment-full size-full wp-post-image lws-optimize-lazyload\" alt=\"\" srcset=\"https:\/\/rocheforttourisme.be\/wp-content\/uploads\/2024\/09\/RT24-Hotels.png 800w, https:\/\/rocheforttourisme.be\/wp-content\/uploads\/2024\/09\/RT24-Hotels-300x225.png 300w, https:\/\/rocheforttourisme.be\/wp-content\/uploads\/2024\/09\/RT24-Hotels-768x576.png 768w\" sizes=\"(max-width: 800px) 100vw, 800px\" \/ data-src=\"https:\/\/rocheforttourisme.be\/wp-content\/uploads\/2024\/09\/RT24-Hotels.png\"><\/figure><div class=\"stk-container-padding stk-block-card__content\"><div class=\"stk-block-content stk-inner-blocks stk-198ea96-inner-blocks\">\n<div class=\"wp-block-stackable-heading stk-block-heading stk-block-heading--v2 stk-block stk-2ffcdad\" id=\"span-data-stk-dynamic-other-posts-post-title-166-contenteditable-false-class-stk-dynamic-content-hotels-span\" data-block-id=\"2ffcdad\"><style>.stk-2ffcdad {margin-bottom:15px !important;}.stk-2ffcdad .stk-block-heading__text{text-transform:uppercase !important;}<\/style><h2 class=\"stk-block-heading__text\">H\u00f4tels<\/h2><\/div>\n<\/div><\/div><a class=\"stk-link stk-block-link stk--transparent-overlay\" href=\"https:\/\/rocheforttourisme.be\/fr\/ou-dormir\/hotels\/\" aria-hidden=\"true\" tabindex=\"-1\"><\/a><\/div><\/div>\n<\/div><\/div><\/div>\n\n\n\n<div class=\"wp-block-stackable-column stk-block-column stk-column stk-block stk-8724842\" data-v=\"4\" data-block-id=\"8724842\"><style>.stk-8724842-container{margin-top:0px !important;margin-right:0px !important;margin-bottom:0px !important;margin-left:0px !important;}<\/style><div class=\"stk-column-wrapper stk-block-column__content stk-container stk-8724842-container stk--no-background stk--no-padding\"><div class=\"stk-block-content stk-inner-blocks stk-8724842-inner-blocks\">\n<div class=\"wp-block-stackable-card stk-block-card stk-block stk-0e28aae is-style-default\" data-v=\"2\" data-block-id=\"0e28aae\"><style>.stk-0e28aae:hover{transform:scale(1.05) !important;}.stk-0e28aae-container{background-color:#ffca0e !important;border-top-left-radius:12px !important;border-top-right-radius:12px !important;border-bottom-right-radius:12px !important;border-bottom-left-radius:12px !important;overflow:hidden !important;box-shadow:none !important;}.stk-0e28aae-container:before{background-color:#ffca0e !important;}<\/style><div class=\"stk--no-padding stk-container stk-0e28aae-container stk-hover-parent\"><figure class=\"stk-block-card__image stk-img-wrapper stk-image--shape-stretch\"><img width=\"800\" height=\"600\"  class=\"attachment-full size-full wp-post-image lws-optimize-lazyload\" alt=\"\" srcset=\"https:\/\/rocheforttourisme.be\/wp-content\/uploads\/2024\/09\/RT24-BnB.png 800w, https:\/\/rocheforttourisme.be\/wp-content\/uploads\/2024\/09\/RT24-BnB-300x225.png 300w, https:\/\/rocheforttourisme.be\/wp-content\/uploads\/2024\/09\/RT24-BnB-768x576.png 768w\" sizes=\"(max-width: 800px) 100vw, 800px\" \/ data-src=\"https:\/\/rocheforttourisme.be\/wp-content\/uploads\/2024\/09\/RT24-BnB.png\"><\/figure><div class=\"stk-container-padding stk-block-card__content\"><div class=\"stk-block-content stk-inner-blocks stk-0e28aae-inner-blocks\">\n<div class=\"wp-block-stackable-heading stk-block-heading stk-block-heading--v2 stk-block stk-1099b83\" id=\"span-data-stk-dynamic-other-posts-post-title-168-contenteditable-false-class-stk-dynamic-content-gites-038-chambres-d-8217-hotes-span\" data-block-id=\"1099b83\"><style>.stk-1099b83 {margin-bottom:15px !important;}.stk-1099b83 .stk-block-heading__text{text-transform:uppercase !important;}<\/style><h2 class=\"stk-block-heading__text\">G\u00eetes &#038; Chambres d&rsquo;h\u00f4tes<\/h2><\/div>\n<\/div><\/div><a class=\"stk-link stk-block-link stk--transparent-overlay\" href=\"https:\/\/rocheforttourisme.be\/fr\/ou-dormir\/gites-bnb\/\" aria-hidden=\"true\" tabindex=\"-1\"><\/a><\/div><\/div>\n<\/div><\/div><\/div>\n\n\n\n<div class=\"wp-block-stackable-column stk-block-column stk-column stk-block stk-9182a5a\" data-v=\"4\" data-block-id=\"9182a5a\"><style>.stk-9182a5a-container{margin-top:0px !important;margin-right:0px !important;margin-bottom:0px !important;margin-left:0px !important;}<\/style><div class=\"stk-column-wrapper stk-block-column__content stk-container stk-9182a5a-container stk--no-background stk--no-padding\"><div class=\"stk-block-content stk-inner-blocks stk-9182a5a-inner-blocks\">\n<div class=\"wp-block-stackable-card stk-block-card stk-block stk-890e427 is-style-default\" data-v=\"2\" data-block-id=\"890e427\"><style>.stk-890e427:hover{transform:scale(1.05) !important;}.stk-890e427-container{background-color:#ffca0e !important;border-top-left-radius:12px !important;border-top-right-radius:12px !important;border-bottom-right-radius:12px !important;border-bottom-left-radius:12px !important;overflow:hidden !important;box-shadow:none !important;}.stk-890e427-container:before{background-color:#ffca0e !important;}<\/style><div class=\"stk--no-padding stk-container stk-890e427-container stk-hover-parent\"><figure class=\"stk-block-card__image stk-img-wrapper stk-image--shape-stretch\"><img width=\"800\" height=\"600\"  class=\"attachment-full size-full wp-post-image lws-optimize-lazyload\" alt=\"\" srcset=\"https:\/\/rocheforttourisme.be\/wp-content\/uploads\/2024\/09\/RT24-Oudoor-Sleep.png 800w, https:\/\/rocheforttourisme.be\/wp-content\/uploads\/2024\/09\/RT24-Oudoor-Sleep-300x225.png 300w, https:\/\/rocheforttourisme.be\/wp-content\/uploads\/2024\/09\/RT24-Oudoor-Sleep-768x576.png 768w\" sizes=\"(max-width: 800px) 100vw, 800px\" \/ data-src=\"https:\/\/rocheforttourisme.be\/wp-content\/uploads\/2024\/09\/RT24-Oudoor-Sleep.png\"><\/figure><div class=\"stk-container-padding stk-block-card__content\"><div class=\"stk-block-content stk-inner-blocks stk-890e427-inner-blocks\">\n<div class=\"wp-block-stackable-heading stk-block-heading stk-block-heading--v2 stk-block stk-87589ce\" id=\"span-data-stk-dynamic-other-posts-post-title-164-contenteditable-false-class-stk-dynamic-content-campings-038-bivouac-span\" data-block-id=\"87589ce\"><style>.stk-87589ce {margin-bottom:15px !important;}.stk-87589ce .stk-block-heading__text{text-transform:uppercase !important;}<\/style><h2 class=\"stk-block-heading__text\">Campings &#038; bivouac<\/h2><\/div>\n<\/div><\/div><a class=\"stk-link stk-block-link stk--transparent-overlay\" href=\"https:\/\/rocheforttourisme.be\/fr\/ou-dormir\/campings-bivouac\/\" aria-hidden=\"true\" tabindex=\"-1\"><\/a><\/div><\/div>\n<\/div><\/div><\/div>\n\n\n\n<div class=\"wp-block-stackable-column stk-block-column stk-column stk-block stk-271420c\" data-v=\"4\" data-block-id=\"271420c\"><style>.stk-271420c-container{margin-top:0px !important;margin-right:0px !important;margin-bottom:0px !important;margin-left:0px !important;}<\/style><div class=\"stk-column-wrapper stk-block-column__content stk-container stk-271420c-container stk--no-background stk--no-padding\"><div class=\"stk-block-content stk-inner-blocks stk-271420c-inner-blocks\">\n<div class=\"wp-block-stackable-card stk-block-card stk-block stk-0fcf587 is-style-default\" data-v=\"2\" data-block-id=\"0fcf587\"><style>.stk-0fcf587:hover{transform:scale(1.05) !important;}.stk-0fcf587-container{background-color:#ffca0e !important;border-top-left-radius:12px !important;border-top-right-radius:12px !important;border-bottom-right-radius:12px !important;border-bottom-left-radius:12px !important;overflow:hidden !important;box-shadow:none !important;}.stk-0fcf587-container:before{background-color:#ffca0e !important;}<\/style><div class=\"stk--no-padding stk-container stk-0fcf587-container stk-hover-parent\"><figure class=\"stk-block-card__image stk-img-wrapper stk-image--shape-stretch\"><img width=\"800\" height=\"600\"  class=\"attachment-full size-full wp-post-image lws-optimize-lazyload\" alt=\"\" srcset=\"https:\/\/rocheforttourisme.be\/wp-content\/uploads\/2024\/09\/RT24-campingcars.png 800w, https:\/\/rocheforttourisme.be\/wp-content\/uploads\/2024\/09\/RT24-campingcars-300x225.png 300w, https:\/\/rocheforttourisme.be\/wp-content\/uploads\/2024\/09\/RT24-campingcars-768x576.png 768w\" sizes=\"(max-width: 800px) 100vw, 800px\" \/ data-src=\"https:\/\/rocheforttourisme.be\/wp-content\/uploads\/2024\/09\/RT24-campingcars.png\"><\/figure><div class=\"stk-container-padding stk-block-card__content\"><div class=\"stk-block-content stk-inner-blocks stk-0fcf587-inner-blocks\">\n<div class=\"wp-block-stackable-heading stk-block-heading stk-block-heading--v2 stk-block stk-04045fb\" id=\"span-data-stk-dynamic-other-posts-post-title-1132-contenteditable-false-class-stk-dynamic-content-aires-de-campings-cars-span\" data-block-id=\"04045fb\"><style>.stk-04045fb {margin-bottom:15px !important;}.stk-04045fb .stk-block-heading__text{text-transform:uppercase !important;}<\/style><h2 class=\"stk-block-heading__text\">Aires pour motorhome<\/h2><\/div>\n<\/div><\/div><a class=\"stk-link stk-block-link stk--transparent-overlay\" href=\"https:\/\/rocheforttourisme.be\/fr\/ou-dormir\/parking-mobilhomes\/\" aria-hidden=\"true\" tabindex=\"-1\"><\/a><\/div><\/div>\n<\/div><\/div><\/div>\n<\/div><\/div>\n<\/div><\/div><\/div>\n<\/div><\/div>\n","protected":false},"excerpt":{"rendered":"<p>Dormir \u00e0 la belle \u00e9toile, dans un camping ou en bivouac, dormir sur vos deux oreilles dans h\u00f4tel ou une chambre d\u2019h\u00f4te ou encore un logement insolite,\u2026. Quels que soit votre budget ou votre envie, vous trouverez sans aucun doute l\u2019h\u00e9bergement id\u00e9al pour votre s\u00e9jour chez nous. H\u00f4tels G\u00eetes &#038; Chambres d&rsquo;h\u00f4tes Campings &#038; bivouac&hellip;&nbsp;<a href=\"https:\/\/rocheforttourisme.be\/fr\/ou-dormir\/\" rel=\"bookmark\">Lire la suite &raquo;<span class=\"screen-reader-text\">O\u00f9 dormir<\/span><\/a><\/p>\n","protected":false},"author":5,"featured_media":0,"parent":0,"menu_order":0,"comment_status":"closed","ping_status":"closed","template":"","meta":{"neve_meta_sidebar":"","neve_meta_container":"","neve_meta_enable_content_width":"","neve_meta_content_width":0,"neve_meta_title_alignment":"","neve_meta_author_avatar":"","neve_post_elements_order":"","neve_meta_disable_header":"","neve_meta_disable_footer":"","neve_meta_disable_title":"on","footnotes":""},"class_list":["post-142","page","type-page","status-publish","hentry"],"yoast_head":"<!-- This site is optimized with the Yoast SEO plugin v27.4 - https:\/\/yoast.com\/product\/yoast-seo-wordpress\/ -->\n<title>O\u00f9 dormir<\/title>\n<meta name=\"robots\" content=\"index, follow, max-snippet:-1, max-image-preview:large, max-video-preview:-1\" \/>\n<link rel=\"canonical\" href=\"https:\/\/rocheforttourisme.be\/fr\/ou-dormir\/\" \/>\n<meta property=\"og:locale\" content=\"fr_FR\" \/>\n<meta property=\"og:locale:alternate\" content=\"en_GB\" \/>\n<meta property=\"og:locale:alternate\" content=\"nl_BE\" \/>\n<meta property=\"og:type\" content=\"article\" \/>\n<meta property=\"og:title\" content=\"O\u00f9 dormir\" \/>\n<meta property=\"og:description\" content=\"Dormir \u00e0 la belle \u00e9toile, dans un camping ou en bivouac, dormir sur vos deux oreilles dans h\u00f4tel ou une chambre d\u2019h\u00f4te ou encore un logement insolite,\u2026. Quels que soit votre budget ou votre envie, vous trouverez sans aucun doute l\u2019h\u00e9bergement id\u00e9al pour votre s\u00e9jour chez nous. H\u00f4tels G\u00eetes &amp; Chambres d&rsquo;h\u00f4tes Campings &amp; bivouac&hellip;&nbsp;Lire la suite &raquo;O\u00f9 dormir\" \/>\n<meta property=\"og:url\" content=\"https:\/\/rocheforttourisme.be\/fr\/ou-dormir\/\" \/>\n<meta property=\"og:site_name\" content=\"Rochefort Tourisme\" \/>\n<meta property=\"article:publisher\" content=\"https:\/\/www.facebook.com\/rochefort.tourisme\/\" \/>\n<meta property=\"article:modified_time\" content=\"2024-11-06T13:08:52+00:00\" \/>\n<meta property=\"og:image\" content=\"https:\/\/rocheforttourisme.be\/wp-content\/uploads\/2024\/09\/Banner-Dormir-Site-web-EN.png\" \/>\n<script type=\"application\/ld+json\" class=\"yoast-schema-graph\">{\"@context\":\"https:\\\/\\\/schema.org\",\"@graph\":[{\"@type\":\"WebPage\",\"@id\":\"https:\\\/\\\/rocheforttourisme.be\\\/fr\\\/ou-dormir\\\/\",\"url\":\"https:\\\/\\\/rocheforttourisme.be\\\/fr\\\/ou-dormir\\\/\",\"name\":\"O\u00f9 dormir\",\"isPartOf\":{\"@id\":\"https:\\\/\\\/rocheforttourisme.be\\\/fr\\\/#website\"},\"primaryImageOfPage\":{\"@id\":\"https:\\\/\\\/rocheforttourisme.be\\\/fr\\\/ou-dormir\\\/#primaryimage\"},\"image\":{\"@id\":\"https:\\\/\\\/rocheforttourisme.be\\\/fr\\\/ou-dormir\\\/#primaryimage\"},\"thumbnailUrl\":\"https:\\\/\\\/rocheforttourisme.be\\\/wp-content\\\/uploads\\\/2024\\\/09\\\/Banner-Dormir-Site-web-EN.png\",\"datePublished\":\"2023-02-17T12:27:16+00:00\",\"dateModified\":\"2024-11-06T13:08:52+00:00\",\"inLanguage\":\"fr-FR\",\"potentialAction\":[{\"@type\":\"ReadAction\",\"target\":[\"https:\\\/\\\/rocheforttourisme.be\\\/fr\\\/ou-dormir\\\/\"]}]},{\"@type\":\"ImageObject\",\"inLanguage\":\"fr-FR\",\"@id\":\"https:\\\/\\\/rocheforttourisme.be\\\/fr\\\/ou-dormir\\\/#primaryimage\",\"url\":\"https:\\\/\\\/rocheforttourisme.be\\\/wp-content\\\/uploads\\\/2024\\\/09\\\/Banner-Dormir-Site-web-EN.png\",\"contentUrl\":\"https:\\\/\\\/rocheforttourisme.be\\\/wp-content\\\/uploads\\\/2024\\\/09\\\/Banner-Dormir-Site-web-EN.png\"},{\"@type\":\"WebSite\",\"@id\":\"https:\\\/\\\/rocheforttourisme.be\\\/fr\\\/#website\",\"url\":\"https:\\\/\\\/rocheforttourisme.be\\\/fr\\\/\",\"name\":\"Rochefort Tourisme\",\"description\":\"\",\"publisher\":{\"@id\":\"https:\\\/\\\/rocheforttourisme.be\\\/fr\\\/#organization\"},\"potentialAction\":[{\"@type\":\"SearchAction\",\"target\":{\"@type\":\"EntryPoint\",\"urlTemplate\":\"https:\\\/\\\/rocheforttourisme.be\\\/fr\\\/?s={search_term_string}\"},\"query-input\":{\"@type\":\"PropertyValueSpecification\",\"valueRequired\":true,\"valueName\":\"search_term_string\"}}],\"inLanguage\":\"fr-FR\"},{\"@type\":\"Organization\",\"@id\":\"https:\\\/\\\/rocheforttourisme.be\\\/fr\\\/#organization\",\"name\":\"Rochefort Tourisme\",\"url\":\"https:\\\/\\\/rocheforttourisme.be\\\/fr\\\/\",\"logo\":{\"@type\":\"ImageObject\",\"inLanguage\":\"fr-FR\",\"@id\":\"https:\\\/\\\/rocheforttourisme.be\\\/fr\\\/#\\\/schema\\\/logo\\\/image\\\/\",\"url\":\"https:\\\/\\\/rocheforttourisme.be\\\/wp-content\\\/uploads\\\/2023\\\/10\\\/Rochefort-Tourisme-R-logo.png\",\"contentUrl\":\"https:\\\/\\\/rocheforttourisme.be\\\/wp-content\\\/uploads\\\/2023\\\/10\\\/Rochefort-Tourisme-R-logo.png\",\"width\":544,\"height\":544,\"caption\":\"Rochefort Tourisme\"},\"image\":{\"@id\":\"https:\\\/\\\/rocheforttourisme.be\\\/fr\\\/#\\\/schema\\\/logo\\\/image\\\/\"},\"sameAs\":[\"https:\\\/\\\/www.facebook.com\\\/rochefort.tourisme\\\/\",\"https:\\\/\\\/www.instagram.com\\\/rocheforttourisme\"]}]}<\/script>\n<!-- \/ Yoast SEO plugin. -->","yoast_head_json":{"title":"O\u00f9 dormir","robots":{"index":"index","follow":"follow","max-snippet":"max-snippet:-1","max-image-preview":"max-image-preview:large","max-video-preview":"max-video-preview:-1"},"canonical":"https:\/\/rocheforttourisme.be\/fr\/ou-dormir\/","og_locale":"fr_FR","og_type":"article","og_title":"[:en]Where to sleep[:fr]O\u00f9 dormir[:nl]Overnachten[:] - Rochefort Tourisme","og_description":"Dormir \u00e0 la belle \u00e9toile, dans un camping ou en bivouac, dormir sur vos deux oreilles dans h\u00f4tel ou une chambre d\u2019h\u00f4te ou encore un logement insolite,\u2026. Quels que soit votre budget ou votre envie, vous trouverez sans aucun doute l\u2019h\u00e9bergement id\u00e9al pour votre s\u00e9jour chez nous. H\u00f4tels G\u00eetes &#038; Chambres d&rsquo;h\u00f4tes Campings &#038; bivouac&hellip;&nbsp;Lire la suite &raquo;O\u00f9 dormir","og_url":"https:\/\/rocheforttourisme.be\/fr\/ou-dormir\/","og_site_name":"Rochefort Tourisme","article_publisher":"https:\/\/www.facebook.com\/rochefort.tourisme\/","article_modified_time":"2024-11-06T13:08:52+00:00","og_image":[{"url":"https:\/\/rocheforttourisme.be\/wp-content\/uploads\/2024\/09\/Banner-Dormir-Site-web-EN.png","type":"","width":"","height":""}],"schema":{"@context":"https:\/\/schema.org","@graph":[{"@type":"WebPage","@id":"https:\/\/rocheforttourisme.be\/fr\/ou-dormir\/","url":"https:\/\/rocheforttourisme.be\/fr\/ou-dormir\/","name":"O\u00f9 dormir","isPartOf":{"@id":"https:\/\/rocheforttourisme.be\/fr\/#website"},"primaryImageOfPage":{"@id":"https:\/\/rocheforttourisme.be\/fr\/ou-dormir\/#primaryimage"},"image":{"@id":"https:\/\/rocheforttourisme.be\/fr\/ou-dormir\/#primaryimage"},"thumbnailUrl":"https:\/\/rocheforttourisme.be\/wp-content\/uploads\/2024\/09\/Banner-Dormir-Site-web-EN.png","datePublished":"2023-02-17T12:27:16+00:00","dateModified":"2024-11-06T13:08:52+00:00","inLanguage":"fr-FR","potentialAction":[{"@type":"ReadAction","target":["https:\/\/rocheforttourisme.be\/fr\/ou-dormir\/"]}]},{"@type":"ImageObject","inLanguage":"fr-FR","@id":"https:\/\/rocheforttourisme.be\/fr\/ou-dormir\/#primaryimage","url":"https:\/\/rocheforttourisme.be\/wp-content\/uploads\/2024\/09\/Banner-Dormir-Site-web-EN.png","contentUrl":"https:\/\/rocheforttourisme.be\/wp-content\/uploads\/2024\/09\/Banner-Dormir-Site-web-EN.png"},{"@type":"WebSite","@id":"https:\/\/rocheforttourisme.be\/fr\/#website","url":"https:\/\/rocheforttourisme.be\/fr\/","name":"Rochefort Tourisme","description":"","publisher":{"@id":"https:\/\/rocheforttourisme.be\/fr\/#organization"},"potentialAction":[{"@type":"SearchAction","target":{"@type":"EntryPoint","urlTemplate":"https:\/\/rocheforttourisme.be\/fr\/?s={search_term_string}"},"query-input":{"@type":"PropertyValueSpecification","valueRequired":true,"valueName":"search_term_string"}}],"inLanguage":"fr-FR"},{"@type":"Organization","@id":"https:\/\/rocheforttourisme.be\/fr\/#organization","name":"Rochefort Tourisme","url":"https:\/\/rocheforttourisme.be\/fr\/","logo":{"@type":"ImageObject","inLanguage":"fr-FR","@id":"https:\/\/rocheforttourisme.be\/fr\/#\/schema\/logo\/image\/","url":"https:\/\/rocheforttourisme.be\/wp-content\/uploads\/2023\/10\/Rochefort-Tourisme-R-logo.png","contentUrl":"https:\/\/rocheforttourisme.be\/wp-content\/uploads\/2023\/10\/Rochefort-Tourisme-R-logo.png","width":544,"height":544,"caption":"Rochefort Tourisme"},"image":{"@id":"https:\/\/rocheforttourisme.be\/fr\/#\/schema\/logo\/image\/"},"sameAs":["https:\/\/www.facebook.com\/rochefort.tourisme\/","https:\/\/www.instagram.com\/rocheforttourisme"]}]}},"_links":{"self":[{"href":"https:\/\/rocheforttourisme.be\/fr\/wp-json\/wp\/v2\/pages\/142","targetHints":{"allow":["GET"]}}],"collection":[{"href":"https:\/\/rocheforttourisme.be\/fr\/wp-json\/wp\/v2\/pages"}],"about":[{"href":"https:\/\/rocheforttourisme.be\/fr\/wp-json\/wp\/v2\/types\/page"}],"author":[{"embeddable":true,"href":"https:\/\/rocheforttourisme.be\/fr\/wp-json\/wp\/v2\/users\/5"}],"replies":[{"embeddable":true,"href":"https:\/\/rocheforttourisme.be\/fr\/wp-json\/wp\/v2\/comments?post=142"}],"version-history":[{"count":0,"href":"https:\/\/rocheforttourisme.be\/fr\/wp-json\/wp\/v2\/pages\/142\/revisions"}],"wp:attachment":[{"href":"https:\/\/rocheforttourisme.be\/fr\/wp-json\/wp\/v2\/media?parent=142"}],"curies":[{"name":"wp","href":"https:\/\/api.w.org\/{rel}","templated":true}]}}