{"id":957,"date":"2023-10-06T07:40:02","date_gmt":"2023-10-06T06:40:02","guid":{"rendered":"http:\/\/rocheforttourisme.be\/?page_id=957"},"modified":"2024-10-31T09:41:21","modified_gmt":"2024-10-31T08:41:21","slug":"parc-des-roches","status":"publish","type":"page","link":"https:\/\/rocheforttourisme.be\/en\/que-faire\/sport-et-loisirs\/parc-des-roches\/","title":{"rendered":"Parc des Roches"},"content":{"rendered":"\n<div class=\"wp-block-stackable-carousel stk-block-carousel stk--is-slide stk--arrows-justify-space-between stk--arrows-align-center stk-block stk-04fb28d\" data-slides-to-show=\"\" data-block-id=\"04fb28d\"><div class=\"stk-block-carousel__content-wrapper\"><div class=\"stk-row stk-inner-blocks stk-block-content stk-block-carousel__slider-wrapper stk-content-align stk-04fb28d-column\"><div class=\"stk-block-carousel__slider\" role=\"list\" data-autoplay=\"4000\" data-label-slide-of=\"Slide %%d of %%d\">\n<div class=\"wp-block-stackable-column stk-block-column stk-column stk-block stk-10e975f\" data-v=\"4\" data-block-id=\"10e975f\"><div class=\"stk-column-wrapper stk-block-column__content stk-container stk-10e975f-container stk--no-background stk--no-padding\"><div class=\"stk-block-content stk-inner-blocks stk-10e975f-inner-blocks\">\n<div class=\"wp-block-stackable-image stk-block-image stk-block stk-d99f72c\" data-block-id=\"d99f72c\"><style>.stk-d99f72c .stk-img-figcaption{text-align:right !important;font-size:5px !important;}.stk-d99f72c .stk-img-wrapper{aspect-ratio:4\/3 !important;height:auto !important;}.stk-d99f72c .stk-img-wrapper img{object-position:49% 75% !important;}@media screen and (max-width: 1023px){.stk-d99f72c .stk-img-figcaption{font-size:5px !important;}.stk-d99f72c .stk-img-wrapper{height:auto !important;}}@media screen and (max-width:767px){.stk-d99f72c .stk-img-wrapper{height:auto !important;}}<\/style><figure><span class=\"stk-img-wrapper stk-image--shape-stretch\"><img class=\"stk-img wp-image-4716 lws-optimize-lazyload\"  width=\"1920\" height=\"2560\"\/ data-src=\"https:\/\/rocheforttourisme.be\/wp-content\/uploads\/2023\/10\/IMG_7209-scaled.jpg\"><\/span><figcaption class=\"stk-img-figcaption\">Copyright : Rochefort Tourisme<\/figcaption><\/figure><\/div>\n<\/div><\/div><\/div>\n\n\n\n<div class=\"wp-block-stackable-column stk-block-column stk-column stk-block stk-ef9e152\" data-v=\"4\" data-block-id=\"ef9e152\"><div class=\"stk-column-wrapper stk-block-column__content stk-container stk-ef9e152-container stk--no-background stk--no-padding\"><div class=\"stk-block-content stk-inner-blocks stk-ef9e152-inner-blocks\">\n<div class=\"wp-block-stackable-image stk-block-image stk-block stk-e8dd87d\" data-block-id=\"e8dd87d\"><style>.stk-e8dd87d .stk-img-figcaption{text-align:right !important;font-size:5px !important;}.stk-e8dd87d .stk-img-wrapper{aspect-ratio:4\/3 !important;height:auto !important;}@media screen and (max-width: 1023px){.stk-e8dd87d .stk-img-figcaption{font-size:5px !important;}.stk-e8dd87d .stk-img-wrapper{height:auto !important;}}@media screen and (max-width:767px){.stk-e8dd87d .stk-img-wrapper{height:auto !important;}}<\/style><figure><span class=\"stk-img-wrapper stk-image--shape-stretch\"><img class=\"stk-img wp-image-5502 lws-optimize-lazyload\"  width=\"1920\" height=\"2560\"\/ data-src=\"https:\/\/rocheforttourisme.be\/wp-content\/uploads\/2024\/10\/IMG_9520-scaled.jpeg\"><\/span><figcaption class=\"stk-img-figcaption\">Copyright : Rochefort Tourisme<\/figcaption><\/figure><\/div>\n<\/div><\/div><\/div>\n<\/div><div class=\"stk-block-carousel__buttons\"><button class=\"stk-block-carousel__button stk-block-carousel__button__prev\" aria-label=\"Previous slide\"><svg aria-hidden=\"true\" focusable=\"false\" data-prefix=\"fas\" data-icon=\"chevron-left\" class=\"svg-inline--fa fa-chevron-left\" xmlns=\"http:\/\/www.w3.org\/2000\/svg\" viewBox=\"0 0 320 512\" width=\"32\" height=\"32\"><path d=\"M34.52 239.03L228.87 44.69c9.37-9.37 24.57-9.37 33.94 0l22.67 22.67c9.36 9.36 9.37 24.52.04 33.9L131.49 256l154.02 154.75c9.34 9.38 9.32 24.54-.04 33.9l-22.67 22.67c-9.37 9.37-24.57 9.37-33.94 0L34.52 272.97c-9.37-9.37-9.37-24.57 0-33.94z\"><\/path><\/svg><\/button><button class=\"stk-block-carousel__button stk-block-carousel__button__next\" aria-label=\"Next slide\"><svg aria-hidden=\"true\" focusable=\"false\" data-prefix=\"fas\" data-icon=\"chevron-right\" class=\"svg-inline--fa fa-chevron-right\" xmlns=\"http:\/\/www.w3.org\/2000\/svg\" viewBox=\"0 0 320 512\" width=\"32\" height=\"32\"><path d=\"M285.476 272.971L91.132 467.314c-9.373 9.373-24.569 9.373-33.941 0l-22.667-22.667c-9.357-9.357-9.375-24.522-.04-33.901L188.505 256 34.484 101.255c-9.335-9.379-9.317-24.544.04-33.901l22.667-22.667c9.373-9.373 24.569-9.373 33.941 0L285.475 239.03c9.373 9.372 9.373 24.568.001 33.941z\"><\/path><\/svg><\/button><\/div><\/div><div class=\"stk-block-carousel__dots\" role=\"list\" data-label=\"Slide %%d\"><\/div><\/div><\/div>\n\n\n\n<div class=\"wp-block-group is-vertical is-content-justification-stretch is-layout-flex wp-container-core-group-is-layout-b16ad781 wp-block-group-is-layout-flex\">\n<div class=\"wp-block-stackable-text stk-block-text stk-block stk-57c6813\" data-block-id=\"57c6813\"><p class=\"stk-block-text__text has-text-align-center\">Considered the green lung of Rochefort, the Parc des Roches occupies an essential place in the heart of the city and its inhabitants. Since the devastating floods of July 2021, this precious natural space has been undergoing rehabilitation, an ambitious project aimed at restoring its beauty and functionality. Despite the work in progress, the park remains a popular place of relaxation, where it is still possible to stroll along its paths. Visitors can also indulge in recreational activities such as <strong>mini-golf<\/strong>, which delights young and old, or take advantage of the <strong>playground<\/strong>, a friendly space where children can have fun in complete safety. Thus, even in this phase of renewal, the Parc des Roches continues to offer an ideal setting to recharge your batteries and spend pleasant moments in the open air.<\/p><\/div>\n<\/div>\n\n\n\n<div style=\"height:25px\" aria-hidden=\"true\" class=\"wp-block-spacer\"><\/div>\n\n\n\n<div class=\"wp-block-stackable-columns alignfull stk-block-columns stk-block stk-9d351e7\" data-block-id=\"9d351e7\"><div class=\"stk-row stk-inner-blocks stk-block-content stk-content-align stk-9d351e7-column\">\n<div class=\"wp-block-stackable-column stk-block-column stk-column stk-block stk-bb54ab0\" data-v=\"4\" data-block-id=\"bb54ab0\"><div class=\"stk-column-wrapper stk-block-column__content stk-container stk-bb54ab0-container stk--no-background stk--no-padding\"><div class=\"stk-block-content stk-inner-blocks stk-bb54ab0-inner-blocks\">\n<div class=\"wp-block-stackable-columns stk-block-columns stk-block stk-e1d763f\" data-block-id=\"e1d763f\"><style>.stk-e1d763f .stk--block-align-e1d763f{align-items:center !important;}<\/style><div class=\"stk-row stk-inner-blocks stk--block-align-e1d763f stk-block-content stk-content-align stk-e1d763f-column\">\n<div class=\"wp-block-stackable-column stk-block-column stk-column stk-block stk-7aff027\" data-v=\"4\" data-block-id=\"7aff027\"><div class=\"stk-column-wrapper stk-block-column__content stk-container stk-7aff027-container stk--no-background stk--no-padding\"><div class=\"stk-block-content stk-inner-blocks stk-7aff027-inner-blocks\">\n<div class=\"wp-block-stackable-image stk-block-image stk-block stk-f3fa6cc\" data-block-id=\"f3fa6cc\"><style>.stk-f3fa6cc .stk-img-wrapper{height:400px !important;}.stk-f3fa6cc .stk-img-wrapper img{object-position:51% 6% !important;}<\/style><figure><span class=\"stk-img-wrapper stk-image--shape-stretch\"><img width=\"2560\" height=\"1714\"  class=\"attachment-full size-full wp-post-image lws-optimize-lazyload\" alt=\"Une famille assise sur un banc dans un mini-golf, entour\u00e9e de v\u00e9g\u00e9tation luxuriante. Le parcours de mini-golf est visible. Des arbres et leur feuillage vert ajoutent un c magnifique \u00e0 l&#039;ambiance paisible et naturelle du lieu.\" srcset=\"https:\/\/rocheforttourisme.be\/wp-content\/uploads\/2023\/10\/RT-Mini-golf-famille-1-scaled.webp 2560w, https:\/\/rocheforttourisme.be\/wp-content\/uploads\/2023\/10\/RT-Mini-golf-famille-1-scaled-300x201.webp 300w, https:\/\/rocheforttourisme.be\/wp-content\/uploads\/2023\/10\/RT-Mini-golf-famille-1-scaled-1024x686.webp 1024w, https:\/\/rocheforttourisme.be\/wp-content\/uploads\/2023\/10\/RT-Mini-golf-famille-1-scaled-768x514.webp 768w, https:\/\/rocheforttourisme.be\/wp-content\/uploads\/2023\/10\/RT-Mini-golf-famille-1-scaled-1536x1028.webp 1536w, https:\/\/rocheforttourisme.be\/wp-content\/uploads\/2023\/10\/RT-Mini-golf-famille-1-scaled-2048x1371.webp 2048w\" sizes=\"(max-width: 2560px) 100vw, 2560px\" \/ data-src=\"https:\/\/rocheforttourisme.be\/wp-content\/uploads\/2023\/10\/RT-Mini-golf-famille-1-scaled.webp\"><\/span><\/figure><\/div>\n<\/div><a class=\"stk-link stk-block-link stk--transparent-overlay\" href=\"https:\/\/rocheforttourisme.be\/en\/rochefort-mini-golf\/\" aria-hidden=\"true\" tabindex=\"-1\"><\/a><\/div><\/div>\n\n\n\n<div class=\"wp-block-stackable-column stk-block-column stk-column stk-block stk-acc26e9\" data-v=\"4\" data-block-id=\"acc26e9\"><div class=\"stk-column-wrapper stk-block-column__content stk-container stk-acc26e9-container stk--no-background stk--no-padding\"><div class=\"stk-block-content stk-inner-blocks stk-acc26e9-inner-blocks\">\n<div class=\"wp-block-stackable-heading stk-block-heading stk-block-heading--v2 stk-block stk-3e372e0\" id=\"span-data-stk-dynamic-other-posts-post-title-961-contenteditable-false-class-stk-dynamic-content-mini-golf-de-rochefort-span\" data-block-id=\"3e372e0\"><h2 class=\"stk-block-heading__text has-text-align-left\">Mini Golf of Rochefort<\/h2><\/div>\n\n\n\n<div class=\"wp-block-stackable-text stk-block-text stk-block stk-bf6d23b\" data-block-id=\"bf6d23b\"><p class=\"stk-block-text__text has-text-align-justify\">Spend a pleasant time with your family at our mini-golf. A 18-hole course, located in the heart of the Parc des Roches, \u00e0 true green area where you will also find a playground.<\/p><\/div>\n\n\n\n<div class=\"wp-block-stackable-button-group stk-block-button-group stk-block stk-8fd32aa\" data-block-id=\"8fd32aa\"><style>.stk-8fd32aa .stk-button-group{flex-direction:row !important;}@media screen and (max-width: 1023px){.stk-8fd32aa .stk-button-group{flex-direction:row !important;}}@media screen and (max-width:767px){.stk-8fd32aa .stk-button-group{flex-direction:row !important;}}<\/style><div class=\"stk-row stk-inner-blocks stk-block-content stk-button-group\">\n<div class=\"wp-block-stackable-button stk-block-button stk-block stk-8338336\" data-block-id=\"8338336\"><style>.stk-8338336 {border-top-left-radius:10px !important;border-top-right-radius:10px !important;border-bottom-right-radius:10px !important;border-bottom-left-radius:10px !important;overflow:hidden !important;}.stk-8338336:hover{opacity:0.8 !important;}.stk-8338336 .stk-button{background:#000000 !important;}<\/style><a class=\"stk-link stk-button stk--hover-effect-darken\" href=\"https:\/\/rocheforttourisme.be\/en\/rochefort-mini-golf\/\"><span class=\"stk-button__inner-text\">Read more<\/span><\/a><\/div>\n<\/div><\/div>\n<\/div><\/div><\/div>\n<\/div><\/div>\n\n\n\n<div class=\"wp-block-stackable-columns stk-block-columns stk-block stk-9f76125\" data-block-id=\"9f76125\"><style>.stk-9f76125 .stk--block-align-9f76125{align-items:center !important;}<\/style><div class=\"stk-row stk-inner-blocks stk--block-align-9f76125 stk-block-content stk-content-align stk-9f76125-column\">\n<div class=\"wp-block-stackable-column stk-block-column stk-column stk-block stk-50d6f73\" data-v=\"4\" data-block-id=\"50d6f73\"><div class=\"stk-column-wrapper stk-block-column__content stk-container stk-50d6f73-container stk--no-background stk--no-padding\"><div class=\"stk-block-content stk-inner-blocks stk-50d6f73-inner-blocks\">\n<div class=\"wp-block-stackable-image stk-block-image stk-block stk-a9c8d26\" data-block-id=\"a9c8d26\"><style>.stk-a9c8d26 .stk-img-wrapper{height:400px !important;}<\/style><figure><span class=\"stk-img-wrapper stk-image--shape-stretch\"><img class=\"stk-img wp-image-2150 lws-optimize-lazyload\"  width=\"600\" height=\"400\"\/ data-src=\"https:\/\/rocheforttourisme.be\/wp-content\/uploads\/2023\/10\/RT-Plaine-de-jeux-de-Rochefort.jpg\"><\/span><\/figure><\/div>\n<\/div><\/div><\/div>\n\n\n\n<div class=\"wp-block-stackable-column stk-block-column stk-column stk-block stk-cef1568\" data-v=\"4\" data-block-id=\"cef1568\"><div class=\"stk-column-wrapper stk-block-column__content stk-container stk-cef1568-container stk--no-background stk--no-padding\"><div class=\"stk-block-content stk-inner-blocks stk-cef1568-inner-blocks\">\n<div class=\"wp-block-stackable-heading stk-block-heading stk-block-heading--v2 stk-block stk-a9f0f63\" id=\"span-data-stk-dynamic-other-posts-post-title-977-contenteditable-false-class-stk-dynamic-content-plaine-de-jeux-de-rochefort-span\" data-block-id=\"a9f0f63\"><h2 class=\"stk-block-heading__text\"><\/h2><\/div>\n\n\n\n<div class=\"wp-block-stackable-text stk-block-text stk-block stk-1b6ca8e\" data-block-id=\"1b6ca8e\"><p class=\"stk-block-text__text has-text-align-justify\">Rehabilitated in 2022, this playground is full of <strong>new features!<\/strong><\/p><\/div>\n<\/div><\/div><\/div>\n<\/div><\/div>\n<\/div><\/div><\/div>\n<\/div><\/div>\n","protected":false},"excerpt":{"rendered":"<p>Considered the green lung of Rochefort, the Parc des Roches occupies an essential place in the heart of the city and its inhabitants. Since the devastating floods of July 2021, this precious natural space has been undergoing rehabilitation, an ambitious project aimed at restoring its beauty and functionality. Despite the work in progress, the park&hellip;&nbsp;<a href=\"https:\/\/rocheforttourisme.be\/en\/que-faire\/sport-et-loisirs\/parc-des-roches\/\" rel=\"bookmark\">Read More &raquo;<span class=\"screen-reader-text\">Parc des Roches<\/span><\/a><\/p>\n","protected":false},"author":5,"featured_media":2494,"parent":129,"menu_order":1,"comment_status":"closed","ping_status":"closed","template":"","meta":{"neve_meta_sidebar":"","neve_meta_container":"","neve_meta_enable_content_width":"","neve_meta_content_width":0,"neve_meta_title_alignment":"","neve_meta_author_avatar":"","neve_post_elements_order":"","neve_meta_disable_header":"","neve_meta_disable_footer":"","neve_meta_disable_title":"off","footnotes":""},"class_list":["post-957","page","type-page","status-publish","has-post-thumbnail","hentry"],"yoast_head":"<!-- This site is optimized with the Yoast SEO plugin v27.4 - https:\/\/yoast.com\/product\/yoast-seo-wordpress\/ -->\n<title>Parc des Roches<\/title>\n<meta name=\"description\" content=\"\" \/>\n<meta name=\"robots\" content=\"index, follow, max-snippet:-1, max-image-preview:large, max-video-preview:-1\" \/>\n<link rel=\"canonical\" href=\"https:\/\/rocheforttourisme.be\/en\/que-faire\/sport-et-loisirs\/parc-des-roches\/\" \/>\n<meta property=\"og:locale\" content=\"en_GB\" \/>\n<meta property=\"og:locale:alternate\" content=\"fr_FR\" \/>\n<meta property=\"og:locale:alternate\" content=\"nl_BE\" \/>\n<meta property=\"og:type\" content=\"article\" \/>\n<meta property=\"og:title\" content=\"Parc des Roches\" \/>\n<meta property=\"og:description\" content=\"\" \/>\n<meta property=\"og:url\" content=\"https:\/\/rocheforttourisme.be\/en\/que-faire\/sport-et-loisirs\/parc-des-roches\/\" \/>\n<meta property=\"og:site_name\" content=\"Rochefort Tourisme\" \/>\n<meta property=\"article:publisher\" content=\"https:\/\/www.facebook.com\/rochefort.tourisme\/\" \/>\n<meta property=\"article:modified_time\" content=\"2024-10-31T08:41:21+00:00\" \/>\n<meta property=\"og:image\" content=\"https:\/\/rocheforttourisme.be\/wp-content\/uploads\/2024\/01\/RT-Parc-des-Roches-576x1024.png\" \/>\n\t<meta property=\"og:image:width\" content=\"576\" \/>\n\t<meta property=\"og:image:height\" content=\"1024\" \/>\n\t<meta property=\"og:image:type\" content=\"image\/png\" \/>\n<meta name=\"twitter:label1\" content=\"Estimated reading time\" \/>\n\t<meta name=\"twitter:data1\" content=\"3 minutes\" \/>\n<script type=\"application\/ld+json\" class=\"yoast-schema-graph\">{\"@context\":\"https:\\\/\\\/schema.org\",\"@graph\":[{\"@type\":\"WebPage\",\"@id\":\"https:\\\/\\\/rocheforttourisme.be\\\/fr\\\/que-faire\\\/sport-et-loisirs\\\/parc-des-roches\\\/\",\"url\":\"https:\\\/\\\/rocheforttourisme.be\\\/fr\\\/que-faire\\\/sport-et-loisirs\\\/parc-des-roches\\\/\",\"name\":\"Parc des Roches\",\"isPartOf\":{\"@id\":\"https:\\\/\\\/rocheforttourisme.be\\\/fr\\\/#website\"},\"primaryImageOfPage\":{\"@id\":\"https:\\\/\\\/rocheforttourisme.be\\\/fr\\\/que-faire\\\/sport-et-loisirs\\\/parc-des-roches\\\/#primaryimage\"},\"image\":{\"@id\":\"https:\\\/\\\/rocheforttourisme.be\\\/fr\\\/que-faire\\\/sport-et-loisirs\\\/parc-des-roches\\\/#primaryimage\"},\"thumbnailUrl\":\"https:\\\/\\\/rocheforttourisme.be\\\/wp-content\\\/uploads\\\/2024\\\/01\\\/RT-Parc-des-Roches.png\",\"datePublished\":\"2023-10-06T06:40:02+00:00\",\"dateModified\":\"2024-10-31T08:41:21+00:00\",\"description\":\"\",\"breadcrumb\":{\"@id\":\"https:\\\/\\\/rocheforttourisme.be\\\/fr\\\/que-faire\\\/sport-et-loisirs\\\/parc-des-roches\\\/#breadcrumb\"},\"inLanguage\":\"en-GB\",\"potentialAction\":[{\"@type\":\"ReadAction\",\"target\":[\"https:\\\/\\\/rocheforttourisme.be\\\/fr\\\/que-faire\\\/sport-et-loisirs\\\/parc-des-roches\\\/\"]}]},{\"@type\":\"ImageObject\",\"inLanguage\":\"en-GB\",\"@id\":\"https:\\\/\\\/rocheforttourisme.be\\\/fr\\\/que-faire\\\/sport-et-loisirs\\\/parc-des-roches\\\/#primaryimage\",\"url\":\"https:\\\/\\\/rocheforttourisme.be\\\/wp-content\\\/uploads\\\/2024\\\/01\\\/RT-Parc-des-Roches.png\",\"contentUrl\":\"https:\\\/\\\/rocheforttourisme.be\\\/wp-content\\\/uploads\\\/2024\\\/01\\\/RT-Parc-des-Roches.png\",\"width\":1080,\"height\":1920},{\"@type\":\"BreadcrumbList\",\"@id\":\"https:\\\/\\\/rocheforttourisme.be\\\/fr\\\/que-faire\\\/sport-et-loisirs\\\/parc-des-roches\\\/#breadcrumb\",\"itemListElement\":[{\"@type\":\"ListItem\",\"position\":1,\"name\":\"Que faire\",\"item\":\"https:\\\/\\\/rocheforttourisme.be\\\/fr\\\/que-faire\\\/\"},{\"@type\":\"ListItem\",\"position\":2,\"name\":\"Sport &#038; Loisirs\",\"item\":\"https:\\\/\\\/rocheforttourisme.be\\\/fr\\\/que-faire\\\/sport-et-loisirs\\\/\"},{\"@type\":\"ListItem\",\"position\":3,\"name\":\"Park des Roches\"}]},{\"@type\":\"WebSite\",\"@id\":\"https:\\\/\\\/rocheforttourisme.be\\\/fr\\\/#website\",\"url\":\"https:\\\/\\\/rocheforttourisme.be\\\/fr\\\/\",\"name\":\"Rochefort Tourisme\",\"description\":\"\",\"publisher\":{\"@id\":\"https:\\\/\\\/rocheforttourisme.be\\\/fr\\\/#organization\"},\"potentialAction\":[{\"@type\":\"SearchAction\",\"target\":{\"@type\":\"EntryPoint\",\"urlTemplate\":\"https:\\\/\\\/rocheforttourisme.be\\\/fr\\\/?s={search_term_string}\"},\"query-input\":{\"@type\":\"PropertyValueSpecification\",\"valueRequired\":true,\"valueName\":\"search_term_string\"}}],\"inLanguage\":\"en-GB\"},{\"@type\":\"Organization\",\"@id\":\"https:\\\/\\\/rocheforttourisme.be\\\/fr\\\/#organization\",\"name\":\"Rochefort Tourisme\",\"url\":\"https:\\\/\\\/rocheforttourisme.be\\\/fr\\\/\",\"logo\":{\"@type\":\"ImageObject\",\"inLanguage\":\"en-GB\",\"@id\":\"https:\\\/\\\/rocheforttourisme.be\\\/fr\\\/#\\\/schema\\\/logo\\\/image\\\/\",\"url\":\"https:\\\/\\\/rocheforttourisme.be\\\/wp-content\\\/uploads\\\/2023\\\/10\\\/Rochefort-Tourisme-R-logo.png\",\"contentUrl\":\"https:\\\/\\\/rocheforttourisme.be\\\/wp-content\\\/uploads\\\/2023\\\/10\\\/Rochefort-Tourisme-R-logo.png\",\"width\":544,\"height\":544,\"caption\":\"Rochefort Tourisme\"},\"image\":{\"@id\":\"https:\\\/\\\/rocheforttourisme.be\\\/fr\\\/#\\\/schema\\\/logo\\\/image\\\/\"},\"sameAs\":[\"https:\\\/\\\/www.facebook.com\\\/rochefort.tourisme\\\/\",\"https:\\\/\\\/www.instagram.com\\\/rocheforttourisme\"]}]}<\/script>\n<!-- \/ Yoast SEO plugin. -->","yoast_head_json":{"title":"Parc des Roches","description":"[:nl]Het Parc des Roches wordt beschouwd als de groene long van Rochefort en ondergaat herstel sinds de overstromingen van juli 2021.[:]","robots":{"index":"index","follow":"follow","max-snippet":"max-snippet:-1","max-image-preview":"max-image-preview:large","max-video-preview":"max-video-preview:-1"},"canonical":"https:\/\/rocheforttourisme.be\/en\/que-faire\/sport-et-loisirs\/parc-des-roches\/","og_locale":"en_GB","og_type":"article","og_title":"[:fr]Parc des Roches[:nl]Park des Roches[:] - Rochefort Tourisme","og_description":"[:nl]Het Parc des Roches wordt beschouwd als de groene long van Rochefort en ondergaat herstel sinds de overstromingen van juli 2021.[:]","og_url":"https:\/\/rocheforttourisme.be\/en\/que-faire\/sport-et-loisirs\/parc-des-roches\/","og_site_name":"Rochefort Tourisme","article_publisher":"https:\/\/www.facebook.com\/rochefort.tourisme\/","article_modified_time":"2024-10-31T08:41:21+00:00","og_image":[{"width":576,"height":1024,"url":"https:\/\/rocheforttourisme.be\/wp-content\/uploads\/2024\/01\/RT-Parc-des-Roches-576x1024.png","type":"image\/png"}],"twitter_misc":{"Estimated reading time":"3 minutes"},"schema":{"@context":"https:\/\/schema.org","@graph":[{"@type":"WebPage","@id":"https:\/\/rocheforttourisme.be\/fr\/que-faire\/sport-et-loisirs\/parc-des-roches\/","url":"https:\/\/rocheforttourisme.be\/fr\/que-faire\/sport-et-loisirs\/parc-des-roches\/","name":"Parc des Roches","isPartOf":{"@id":"https:\/\/rocheforttourisme.be\/fr\/#website"},"primaryImageOfPage":{"@id":"https:\/\/rocheforttourisme.be\/fr\/que-faire\/sport-et-loisirs\/parc-des-roches\/#primaryimage"},"image":{"@id":"https:\/\/rocheforttourisme.be\/fr\/que-faire\/sport-et-loisirs\/parc-des-roches\/#primaryimage"},"thumbnailUrl":"https:\/\/rocheforttourisme.be\/wp-content\/uploads\/2024\/01\/RT-Parc-des-Roches.png","datePublished":"2023-10-06T06:40:02+00:00","dateModified":"2024-10-31T08:41:21+00:00","description":"","breadcrumb":{"@id":"https:\/\/rocheforttourisme.be\/fr\/que-faire\/sport-et-loisirs\/parc-des-roches\/#breadcrumb"},"inLanguage":"en-GB","potentialAction":[{"@type":"ReadAction","target":["https:\/\/rocheforttourisme.be\/fr\/que-faire\/sport-et-loisirs\/parc-des-roches\/"]}]},{"@type":"ImageObject","inLanguage":"en-GB","@id":"https:\/\/rocheforttourisme.be\/fr\/que-faire\/sport-et-loisirs\/parc-des-roches\/#primaryimage","url":"https:\/\/rocheforttourisme.be\/wp-content\/uploads\/2024\/01\/RT-Parc-des-Roches.png","contentUrl":"https:\/\/rocheforttourisme.be\/wp-content\/uploads\/2024\/01\/RT-Parc-des-Roches.png","width":1080,"height":1920},{"@type":"BreadcrumbList","@id":"https:\/\/rocheforttourisme.be\/fr\/que-faire\/sport-et-loisirs\/parc-des-roches\/#breadcrumb","itemListElement":[{"@type":"ListItem","position":1,"name":"Que faire","item":"https:\/\/rocheforttourisme.be\/fr\/que-faire\/"},{"@type":"ListItem","position":2,"name":"Sport &#038; Loisirs","item":"https:\/\/rocheforttourisme.be\/fr\/que-faire\/sport-et-loisirs\/"},{"@type":"ListItem","position":3,"name":"Park des Roches"}]},{"@type":"WebSite","@id":"https:\/\/rocheforttourisme.be\/fr\/#website","url":"https:\/\/rocheforttourisme.be\/fr\/","name":"Rochefort Tourisme","description":"","publisher":{"@id":"https:\/\/rocheforttourisme.be\/fr\/#organization"},"potentialAction":[{"@type":"SearchAction","target":{"@type":"EntryPoint","urlTemplate":"https:\/\/rocheforttourisme.be\/fr\/?s={search_term_string}"},"query-input":{"@type":"PropertyValueSpecification","valueRequired":true,"valueName":"search_term_string"}}],"inLanguage":"en-GB"},{"@type":"Organization","@id":"https:\/\/rocheforttourisme.be\/fr\/#organization","name":"Rochefort Tourisme","url":"https:\/\/rocheforttourisme.be\/fr\/","logo":{"@type":"ImageObject","inLanguage":"en-GB","@id":"https:\/\/rocheforttourisme.be\/fr\/#\/schema\/logo\/image\/","url":"https:\/\/rocheforttourisme.be\/wp-content\/uploads\/2023\/10\/Rochefort-Tourisme-R-logo.png","contentUrl":"https:\/\/rocheforttourisme.be\/wp-content\/uploads\/2023\/10\/Rochefort-Tourisme-R-logo.png","width":544,"height":544,"caption":"Rochefort Tourisme"},"image":{"@id":"https:\/\/rocheforttourisme.be\/fr\/#\/schema\/logo\/image\/"},"sameAs":["https:\/\/www.facebook.com\/rochefort.tourisme\/","https:\/\/www.instagram.com\/rocheforttourisme"]}]}},"_links":{"self":[{"href":"https:\/\/rocheforttourisme.be\/en\/wp-json\/wp\/v2\/pages\/957","targetHints":{"allow":["GET"]}}],"collection":[{"href":"https:\/\/rocheforttourisme.be\/en\/wp-json\/wp\/v2\/pages"}],"about":[{"href":"https:\/\/rocheforttourisme.be\/en\/wp-json\/wp\/v2\/types\/page"}],"author":[{"embeddable":true,"href":"https:\/\/rocheforttourisme.be\/en\/wp-json\/wp\/v2\/users\/5"}],"replies":[{"embeddable":true,"href":"https:\/\/rocheforttourisme.be\/en\/wp-json\/wp\/v2\/comments?post=957"}],"version-history":[{"count":0,"href":"https:\/\/rocheforttourisme.be\/en\/wp-json\/wp\/v2\/pages\/957\/revisions"}],"up":[{"embeddable":true,"href":"https:\/\/rocheforttourisme.be\/en\/wp-json\/wp\/v2\/pages\/129"}],"wp:featuredmedia":[{"embeddable":true,"href":"https:\/\/rocheforttourisme.be\/en\/wp-json\/wp\/v2\/media\/2494"}],"wp:attachment":[{"href":"https:\/\/rocheforttourisme.be\/en\/wp-json\/wp\/v2\/media?parent=957"}],"curies":[{"name":"wp","href":"https:\/\/api.w.org\/{rel}","templated":true}]}}