{"id":621,"date":"2023-03-30T14:02:39","date_gmt":"2023-03-30T13:02:39","guid":{"rendered":"http:\/\/rocheforttourisme.be\/?page_id=621"},"modified":"2025-09-22T12:54:43","modified_gmt":"2025-09-22T11:54:43","slug":"balades-a-cheval","status":"publish","type":"page","link":"https:\/\/rocheforttourisme.be\/en\/que-faire\/balades\/balades-a-cheval\/","title":{"rendered":"On horseback"},"content":{"rendered":"\n<div class=\"wp-block-group is-vertical is-layout-flex wp-container-core-group-is-layout-8cf370e7 wp-block-group-is-layout-flex\">\n<div class=\"wp-block-stackable-text stk-block-text stk-block stk-c8e9657\" data-block-id=\"c8e9657\"><p class=\"stk-block-text__text\">Would you like a horseback ride in the region? Here&#8217;s everything you need to know to walk <strong>differently<\/strong>.<\/p><\/div>\n\n\n\n<div class=\"wp-block-stackable-text stk-block-text stk-block stk-04cc02c\" data-block-id=\"04cc02c\"><p class=\"stk-block-text__text\"><strong>MARKED WALKS : <\/strong>we offer a map with&nbsp;:<\/p><\/div>\n\n\n\n<div class=\"wp-block-stackable-icon-list stk-block-icon-list stk-block stk-af2fd49\" data-block-id=\"af2fd49\"><svg style=\"display:none\"><defs><g id=\"stk-icon-list__icon-svg-def-af2fd49\"><svg xmlns=\"http:\/\/www.w3.org\/2000\/svg\" viewBox=\"0 0 190 190\"><polygon points=\"173.8,28.4 60.4,141.8 15.7,97.2 5.1,107.8 60.4,163 184.4,39 173.8,28.4\"\/><\/svg><\/g><\/defs><\/svg><ul class=\"stk-block-icon-list__ul stk-block-icon-list--column\">\n<li class=\"wp-block-stackable-icon-list-item stk-block-icon-list-item stk-block stk-652556e\" data-block-id=\"652556e\"><div class=\"stk-block-icon-list-item__content\"><span class=\"stk--svg-wrapper\"><div class=\"stk--inner-svg\"><svg aria-hidden=\"true\" width=\"32\" height=\"32\"><use xlink:href=\"#stk-icon-list__icon-svg-def-af2fd49\"><\/use><\/svg><\/div><\/span><span class=\"stk-block-icon-list-item__text\"><strong>4 marked walks <\/strong>in the Rochefort area varying from<strong> 9 to 30 km<\/strong><\/span><\/div><\/li>\n\n\n\n<li class=\"wp-block-stackable-icon-list-item stk-block-icon-list-item stk-block stk-a1f7ee5\" data-block-id=\"a1f7ee5\"><div class=\"stk-block-icon-list-item__content\"><span class=\"stk--svg-wrapper\"><div class=\"stk--inner-svg\"><svg aria-hidden=\"true\" width=\"32\" height=\"32\"><use xlink:href=\"#stk-icon-list__icon-svg-def-af2fd49\"><\/use><\/svg><\/div><\/span><span class=\"stk-block-icon-list-item__text\"><strong>3 different departure points<\/strong> located in Rochefort and Ave-et-Auffe<\/span><\/div><\/li>\n<\/ul><\/div>\n\n\n\n<div class=\"wp-block-stackable-text stk-block-text stk-block stk-fa5bdc7\" data-block-id=\"fa5bdc7\"><p class=\"stk-block-text__text\">This marked map is on sale in our tourist front desk office at the rate of \u20ac8 (Rochefort &#038; its villages)<\/p><\/div>\n\n\n\n<div class=\"wp-block-stackable-feature alignwide stk-block-feature stk-block stk-96a221d stk-block-background is-style-default\" data-v=\"2\" data-block-id=\"96a221d\"><style>.stk-96a221d {--stk-feature-flex-wrap:nowrap !important;min-height:700px !important;align-items:center !important;display:flex !important;}<\/style><div class=\"stk-content-align stk-96a221d-column alignwide stk-container stk-96a221d-container stk--no-background stk--no-padding\"><div class=\"stk-inner-blocks stk-block-content stk-row\">\n<div class=\"wp-block-stackable-column stk-block-column stk-column stk-block stk-53d335c\" data-v=\"4\" data-block-id=\"53d335c\"><style>.stk-53d335c {align-self:center !important;}<\/style><div class=\"stk-column-wrapper stk-block-column__content stk-container stk-53d335c-container stk--no-background stk--no-padding\"><div class=\"has-text-align-center stk-block-content stk-inner-blocks stk-53d335c-inner-blocks\">\n<div class=\"wp-block-stackable-heading stk-block-heading stk-block-heading--v2 stk-block stk-7c973e1\" id=\"where-to-go-for-a-walk-during-the-hunting-season\" data-block-id=\"7c973e1\"><h2 class=\"stk-block-heading__text\">Where to go for a walk during the hunting season ?<\/h2><\/div>\n\n\n\n<p>During the hunting season, take every precaution to walk safely.<\/p>\n\n\n\n<div class=\"wp-block-stackable-button-group stk-block-button-group stk-block stk-aaca84b\" data-block-id=\"aaca84b\"><div class=\"stk-row stk-inner-blocks stk-block-content stk-button-group\">\n<div class=\"wp-block-stackable-button stk-block-button stk-block stk-9aa22fc\" data-block-id=\"9aa22fc\"><style>.stk-9aa22fc:hover{opacity:0.8 !important;}.stk-9aa22fc .stk-button{padding-right:32px !important;padding-left:32px !important;background:var(--nv-dark-bg) !important;border-top-left-radius:10px !important;border-top-right-radius:10px !important;border-bottom-right-radius:10px !important;border-bottom-left-radius:10px !important;}.stk-9aa22fc .stk-button:hover:after{background:var(--nv-dark-bg) !important;opacity:1 !important;}<\/style><a class=\"stk-link stk-button stk--hover-effect-darken\" href=\"https:\/\/rocheforttourisme.be\/wp-content\/uploads\/2025\/09\/Chasse-balades-equestres-Cyclo-et-VTT.pdf\" target=\"_blank\" rel=\"noreferrer noopener\"><span class=\"stk-button__inner-text\">Hunting season Calendar<\/span><\/a><\/div>\n\n\n\n<div class=\"wp-block-stackable-button stk-block-button stk-block stk-922f509\" data-block-id=\"922f509\"><style>.stk-922f509:hover{opacity:0.8 !important;}.stk-922f509 .stk-button{padding-right:32px !important;padding-left:32px !important;background:var(--nv-dark-bg) !important;border-top-left-radius:10px !important;border-top-right-radius:10px !important;border-bottom-right-radius:10px !important;border-bottom-left-radius:10px !important;}.stk-922f509 .stk-button:hover:after{background:var(--nv-dark-bg) !important;opacity:1 !important;}.stk-922f509 .stk-button__inner-text{color:var(--nv-site-bg) !important;}<\/style><a class=\"stk-link stk-button stk--hover-effect-darken\" href=\"https:\/\/portalarcgis.spw.wallonie.be\/portail\/apps\/webappviewer\/index.html?id=0460ad15c519483399a78622450b17a4\" target=\"_blank\" rel=\"noreferrer noopener\"><span class=\"has-text-color stk-button__inner-text\">ChasseOnWeb<\/span><\/a><\/div>\n<\/div><\/div>\n<\/div><\/div><\/div>\n\n\n\n<div class=\"wp-block-stackable-column stk-block-column stk-column stk-block stk-8b50cb6\" data-v=\"4\" data-block-id=\"8b50cb6\"><style>.stk-8b50cb6 {align-self:center !important;}<\/style><div class=\"stk-column-wrapper stk-block-column__content stk-container stk-8b50cb6-container stk--no-background stk--no-padding\"><div class=\"stk-block-content stk-inner-blocks stk-8b50cb6-inner-blocks\">\n<div class=\"wp-block-stackable-image stk-block-image stk-block stk-a20a29f\" data-block-id=\"a20a29f\"><style>.stk-a20a29f .stk-img-figcaption{text-align:right !important;font-size:10px !important;}.stk-a20a29f .stk-img-wrapper{height:500px !important;}@media screen and (max-width: 1023px){.stk-a20a29f .stk-img-figcaption{font-size:10px !important;}}<\/style><figure><span class=\"stk-img-wrapper stk-image--shape-stretch\"><img class=\"stk-img wp-image-2436 lws-optimize-lazyload\"  width=\"768\" height=\"960\"\/ data-src=\"https:\/\/rocheforttourisme.be\/wp-content\/uploads\/2024\/01\/RT-Copyright-Xavier-Ethuin.jpg\"><\/span><figcaption class=\"stk-img-figcaption\">Copyright : Xavier Ethuin<\/figcaption><\/figure><\/div>\n<\/div><\/div><\/div>\n<\/div><\/div><\/div>\n<\/div>\n\n\n\n<div class=\"wp-block-stackable-image aligncenter stk-block-image stk-block stk-1605d59\" data-block-id=\"1605d59\"><figure><span class=\"stk-img-wrapper stk-image--shape-stretch\"><img class=\"stk-img wp-image-1686 lws-optimize-lazyload\"  width=\"1280\" height=\"853\" alt=\"A cheval\"\/ data-src=\"https:\/\/rocheforttourisme.be\/wp-content\/uploads\/2023\/11\/RT-a-cheval.jpg\"><\/span><\/figure><\/div>\n","protected":false},"excerpt":{"rendered":"<p>Would you like a horseback ride in the region? Here&#8217;s everything you need to know to walk differently. MARKED WALKS : we offer a map with&nbsp;: This marked map is on sale in our tourist front desk office at the rate of \u20ac8 (Rochefort &#038; its villages) Where to go for a walk during the&hellip;&nbsp;<a href=\"https:\/\/rocheforttourisme.be\/en\/que-faire\/balades\/balades-a-cheval\/\" rel=\"bookmark\">Read More &raquo;<span class=\"screen-reader-text\">On horseback<\/span><\/a><\/p>\n","protected":false},"author":5,"featured_media":1686,"parent":115,"menu_order":3,"comment_status":"closed","ping_status":"closed","template":"","meta":{"neve_meta_sidebar":"","neve_meta_container":"","neve_meta_enable_content_width":"","neve_meta_content_width":0,"neve_meta_title_alignment":"center","neve_meta_author_avatar":"","neve_post_elements_order":"","neve_meta_disable_header":"","neve_meta_disable_footer":"","neve_meta_disable_title":"","footnotes":""},"class_list":["post-621","page","type-page","status-publish","has-post-thumbnail","hentry"],"yoast_head":"<!-- This site is optimized with the Yoast SEO plugin v27.4 - https:\/\/yoast.com\/product\/yoast-seo-wordpress\/ -->\n<title>On horseback<\/title>\n<meta name=\"description\" content=\"La commune de Rochefort propose des sentiers balis\u00e9s d\u00e9di\u00e9s \u00e0 l&#039;\u00e9quitation. Retrouvez toutes les infos pratiques pour votre sortie \u00e0 cheval!\" \/>\n<meta name=\"robots\" content=\"index, follow, max-snippet:-1, max-image-preview:large, max-video-preview:-1\" \/>\n<link rel=\"canonical\" href=\"https:\/\/rocheforttourisme.be\/en\/que-faire\/balades\/balades-a-cheval\/\" \/>\n<meta property=\"og:locale\" content=\"en_GB\" \/>\n<meta property=\"og:locale:alternate\" content=\"fr_FR\" \/>\n<meta property=\"og:locale:alternate\" content=\"nl_BE\" \/>\n<meta property=\"og:type\" content=\"article\" \/>\n<meta property=\"og:title\" content=\"On horseback\" \/>\n<meta property=\"og:description\" content=\"La commune de Rochefort propose des sentiers balis\u00e9s d\u00e9di\u00e9s \u00e0 l&#039;\u00e9quitation. Retrouvez toutes les infos pratiques pour votre sortie \u00e0 cheval!\" \/>\n<meta property=\"og:url\" content=\"https:\/\/rocheforttourisme.be\/en\/que-faire\/balades\/balades-a-cheval\/\" \/>\n<meta property=\"og:site_name\" content=\"Rochefort Tourisme\" \/>\n<meta property=\"article:publisher\" content=\"https:\/\/www.facebook.com\/rochefort.tourisme\/\" \/>\n<meta property=\"article:modified_time\" content=\"2025-09-22T11:54:43+00:00\" \/>\n<meta property=\"og:image\" content=\"https:\/\/rocheforttourisme.be\/wp-content\/uploads\/2023\/11\/RT-a-cheval.webp\" \/>\n\t<meta property=\"og:image:width\" content=\"1280\" \/>\n\t<meta property=\"og:image:height\" content=\"853\" \/>\n\t<meta property=\"og:image:type\" content=\"image\/webp\" \/>\n<meta name=\"twitter:label1\" content=\"Estimated reading time\" \/>\n\t<meta name=\"twitter:data1\" content=\"2 minutes\" \/>\n<script type=\"application\/ld+json\" class=\"yoast-schema-graph\">{\"@context\":\"https:\\\/\\\/schema.org\",\"@graph\":[{\"@type\":\"WebPage\",\"@id\":\"https:\\\/\\\/rocheforttourisme.be\\\/fr\\\/que-faire\\\/balades\\\/balades-a-cheval\\\/\",\"url\":\"https:\\\/\\\/rocheforttourisme.be\\\/fr\\\/que-faire\\\/balades\\\/balades-a-cheval\\\/\",\"name\":\"On horseback\",\"isPartOf\":{\"@id\":\"https:\\\/\\\/rocheforttourisme.be\\\/fr\\\/#website\"},\"primaryImageOfPage\":{\"@id\":\"https:\\\/\\\/rocheforttourisme.be\\\/fr\\\/que-faire\\\/balades\\\/balades-a-cheval\\\/#primaryimage\"},\"image\":{\"@id\":\"https:\\\/\\\/rocheforttourisme.be\\\/fr\\\/que-faire\\\/balades\\\/balades-a-cheval\\\/#primaryimage\"},\"thumbnailUrl\":\"https:\\\/\\\/rocheforttourisme.be\\\/wp-content\\\/uploads\\\/2023\\\/11\\\/RT-a-cheval.webp\",\"datePublished\":\"2023-03-30T13:02:39+00:00\",\"dateModified\":\"2025-09-22T11:54:43+00:00\",\"description\":\"La commune de Rochefort propose des sentiers balis\u00e9s d\u00e9di\u00e9s \u00e0 l'\u00e9quitation. Retrouvez toutes les infos pratiques pour votre sortie \u00e0 cheval!\",\"breadcrumb\":{\"@id\":\"https:\\\/\\\/rocheforttourisme.be\\\/fr\\\/que-faire\\\/balades\\\/balades-a-cheval\\\/#breadcrumb\"},\"inLanguage\":\"en-GB\",\"potentialAction\":[{\"@type\":\"ReadAction\",\"target\":[\"https:\\\/\\\/rocheforttourisme.be\\\/fr\\\/que-faire\\\/balades\\\/balades-a-cheval\\\/\"]}]},{\"@type\":\"ImageObject\",\"inLanguage\":\"en-GB\",\"@id\":\"https:\\\/\\\/rocheforttourisme.be\\\/fr\\\/que-faire\\\/balades\\\/balades-a-cheval\\\/#primaryimage\",\"url\":\"https:\\\/\\\/rocheforttourisme.be\\\/wp-content\\\/uploads\\\/2023\\\/11\\\/RT-a-cheval.webp\",\"contentUrl\":\"https:\\\/\\\/rocheforttourisme.be\\\/wp-content\\\/uploads\\\/2023\\\/11\\\/RT-a-cheval.webp\",\"width\":1280,\"height\":853,\"caption\":\"Une dame, vue de dos, se tient aux c\u00f4t\u00e9s de son cheval dans un cadre naturel. La silhouette de la cavali\u00e8re et de l'animal se dessine sur un paysage verdoyant, avec des arbres et des collines \u00e0 l'horizon, cr\u00e9ant une atmosph\u00e8re calme et sereine.\"},{\"@type\":\"BreadcrumbList\",\"@id\":\"https:\\\/\\\/rocheforttourisme.be\\\/fr\\\/que-faire\\\/balades\\\/balades-a-cheval\\\/#breadcrumb\",\"itemListElement\":[{\"@type\":\"ListItem\",\"position\":1,\"name\":\"Que faire\",\"item\":\"https:\\\/\\\/rocheforttourisme.be\\\/fr\\\/que-faire\\\/\"},{\"@type\":\"ListItem\",\"position\":2,\"name\":\"Balades\",\"item\":\"https:\\\/\\\/rocheforttourisme.be\\\/fr\\\/que-faire\\\/balades\\\/\"},{\"@type\":\"ListItem\",\"position\":3,\"name\":\"\u00c0 cheval\"}]},{\"@type\":\"WebSite\",\"@id\":\"https:\\\/\\\/rocheforttourisme.be\\\/fr\\\/#website\",\"url\":\"https:\\\/\\\/rocheforttourisme.be\\\/fr\\\/\",\"name\":\"Rochefort Tourisme\",\"description\":\"\",\"publisher\":{\"@id\":\"https:\\\/\\\/rocheforttourisme.be\\\/fr\\\/#organization\"},\"potentialAction\":[{\"@type\":\"SearchAction\",\"target\":{\"@type\":\"EntryPoint\",\"urlTemplate\":\"https:\\\/\\\/rocheforttourisme.be\\\/fr\\\/?s={search_term_string}\"},\"query-input\":{\"@type\":\"PropertyValueSpecification\",\"valueRequired\":true,\"valueName\":\"search_term_string\"}}],\"inLanguage\":\"en-GB\"},{\"@type\":\"Organization\",\"@id\":\"https:\\\/\\\/rocheforttourisme.be\\\/fr\\\/#organization\",\"name\":\"Rochefort Tourisme\",\"url\":\"https:\\\/\\\/rocheforttourisme.be\\\/fr\\\/\",\"logo\":{\"@type\":\"ImageObject\",\"inLanguage\":\"en-GB\",\"@id\":\"https:\\\/\\\/rocheforttourisme.be\\\/fr\\\/#\\\/schema\\\/logo\\\/image\\\/\",\"url\":\"https:\\\/\\\/rocheforttourisme.be\\\/wp-content\\\/uploads\\\/2023\\\/10\\\/Rochefort-Tourisme-R-logo.png\",\"contentUrl\":\"https:\\\/\\\/rocheforttourisme.be\\\/wp-content\\\/uploads\\\/2023\\\/10\\\/Rochefort-Tourisme-R-logo.png\",\"width\":544,\"height\":544,\"caption\":\"Rochefort Tourisme\"},\"image\":{\"@id\":\"https:\\\/\\\/rocheforttourisme.be\\\/fr\\\/#\\\/schema\\\/logo\\\/image\\\/\"},\"sameAs\":[\"https:\\\/\\\/www.facebook.com\\\/rochefort.tourisme\\\/\",\"https:\\\/\\\/www.instagram.com\\\/rocheforttourisme\"]}]}<\/script>\n<!-- \/ Yoast SEO plugin. -->","yoast_head_json":{"title":"On horseback","description":"La commune de Rochefort propose des sentiers balis\u00e9s d\u00e9di\u00e9s \u00e0 l'\u00e9quitation. Retrouvez toutes les infos pratiques pour votre sortie \u00e0 cheval!","robots":{"index":"index","follow":"follow","max-snippet":"max-snippet:-1","max-image-preview":"max-image-preview:large","max-video-preview":"max-video-preview:-1"},"canonical":"https:\/\/rocheforttourisme.be\/en\/que-faire\/balades\/balades-a-cheval\/","og_locale":"en_GB","og_type":"article","og_title":"[:en]On horseback[:fr]\u00c0 cheval[:nl]Te paard[:] - Rochefort Tourisme","og_description":"[:fr]La commune de Rochefort propose des sentiers balis\u00e9s d\u00e9di\u00e9s \u00e0 l'\u00e9quitation. Retrouvez toutes les infos pratiques pour votre sortie \u00e0 cheval![:nl]De stad Rochefort biedt gemarkeerde routes gewijd aan paardrijden. Vind alle praktische informatie voor uw paardrijtocht![:]","og_url":"https:\/\/rocheforttourisme.be\/en\/que-faire\/balades\/balades-a-cheval\/","og_site_name":"Rochefort Tourisme","article_publisher":"https:\/\/www.facebook.com\/rochefort.tourisme\/","article_modified_time":"2025-09-22T11:54:43+00:00","og_image":[{"width":1280,"height":853,"url":"https:\/\/rocheforttourisme.be\/wp-content\/uploads\/2023\/11\/RT-a-cheval.webp","type":"image\/webp"}],"twitter_misc":{"Estimated reading time":"2 minutes"},"schema":{"@context":"https:\/\/schema.org","@graph":[{"@type":"WebPage","@id":"https:\/\/rocheforttourisme.be\/fr\/que-faire\/balades\/balades-a-cheval\/","url":"https:\/\/rocheforttourisme.be\/fr\/que-faire\/balades\/balades-a-cheval\/","name":"On horseback","isPartOf":{"@id":"https:\/\/rocheforttourisme.be\/fr\/#website"},"primaryImageOfPage":{"@id":"https:\/\/rocheforttourisme.be\/fr\/que-faire\/balades\/balades-a-cheval\/#primaryimage"},"image":{"@id":"https:\/\/rocheforttourisme.be\/fr\/que-faire\/balades\/balades-a-cheval\/#primaryimage"},"thumbnailUrl":"https:\/\/rocheforttourisme.be\/wp-content\/uploads\/2023\/11\/RT-a-cheval.webp","datePublished":"2023-03-30T13:02:39+00:00","dateModified":"2025-09-22T11:54:43+00:00","description":"La commune de Rochefort propose des sentiers balis\u00e9s d\u00e9di\u00e9s \u00e0 l'\u00e9quitation. Retrouvez toutes les infos pratiques pour votre sortie \u00e0 cheval!","breadcrumb":{"@id":"https:\/\/rocheforttourisme.be\/fr\/que-faire\/balades\/balades-a-cheval\/#breadcrumb"},"inLanguage":"en-GB","potentialAction":[{"@type":"ReadAction","target":["https:\/\/rocheforttourisme.be\/fr\/que-faire\/balades\/balades-a-cheval\/"]}]},{"@type":"ImageObject","inLanguage":"en-GB","@id":"https:\/\/rocheforttourisme.be\/fr\/que-faire\/balades\/balades-a-cheval\/#primaryimage","url":"https:\/\/rocheforttourisme.be\/wp-content\/uploads\/2023\/11\/RT-a-cheval.webp","contentUrl":"https:\/\/rocheforttourisme.be\/wp-content\/uploads\/2023\/11\/RT-a-cheval.webp","width":1280,"height":853,"caption":"Une dame, vue de dos, se tient aux c\u00f4t\u00e9s de son cheval dans un cadre naturel. La silhouette de la cavali\u00e8re et de l'animal se dessine sur un paysage verdoyant, avec des arbres et des collines \u00e0 l'horizon, cr\u00e9ant une atmosph\u00e8re calme et sereine."},{"@type":"BreadcrumbList","@id":"https:\/\/rocheforttourisme.be\/fr\/que-faire\/balades\/balades-a-cheval\/#breadcrumb","itemListElement":[{"@type":"ListItem","position":1,"name":"Que faire","item":"https:\/\/rocheforttourisme.be\/fr\/que-faire\/"},{"@type":"ListItem","position":2,"name":"Balades","item":"https:\/\/rocheforttourisme.be\/fr\/que-faire\/balades\/"},{"@type":"ListItem","position":3,"name":"\u00c0 cheval"}]},{"@type":"WebSite","@id":"https:\/\/rocheforttourisme.be\/fr\/#website","url":"https:\/\/rocheforttourisme.be\/fr\/","name":"Rochefort Tourisme","description":"","publisher":{"@id":"https:\/\/rocheforttourisme.be\/fr\/#organization"},"potentialAction":[{"@type":"SearchAction","target":{"@type":"EntryPoint","urlTemplate":"https:\/\/rocheforttourisme.be\/fr\/?s={search_term_string}"},"query-input":{"@type":"PropertyValueSpecification","valueRequired":true,"valueName":"search_term_string"}}],"inLanguage":"en-GB"},{"@type":"Organization","@id":"https:\/\/rocheforttourisme.be\/fr\/#organization","name":"Rochefort Tourisme","url":"https:\/\/rocheforttourisme.be\/fr\/","logo":{"@type":"ImageObject","inLanguage":"en-GB","@id":"https:\/\/rocheforttourisme.be\/fr\/#\/schema\/logo\/image\/","url":"https:\/\/rocheforttourisme.be\/wp-content\/uploads\/2023\/10\/Rochefort-Tourisme-R-logo.png","contentUrl":"https:\/\/rocheforttourisme.be\/wp-content\/uploads\/2023\/10\/Rochefort-Tourisme-R-logo.png","width":544,"height":544,"caption":"Rochefort Tourisme"},"image":{"@id":"https:\/\/rocheforttourisme.be\/fr\/#\/schema\/logo\/image\/"},"sameAs":["https:\/\/www.facebook.com\/rochefort.tourisme\/","https:\/\/www.instagram.com\/rocheforttourisme"]}]}},"_links":{"self":[{"href":"https:\/\/rocheforttourisme.be\/en\/wp-json\/wp\/v2\/pages\/621","targetHints":{"allow":["GET"]}}],"collection":[{"href":"https:\/\/rocheforttourisme.be\/en\/wp-json\/wp\/v2\/pages"}],"about":[{"href":"https:\/\/rocheforttourisme.be\/en\/wp-json\/wp\/v2\/types\/page"}],"author":[{"embeddable":true,"href":"https:\/\/rocheforttourisme.be\/en\/wp-json\/wp\/v2\/users\/5"}],"replies":[{"embeddable":true,"href":"https:\/\/rocheforttourisme.be\/en\/wp-json\/wp\/v2\/comments?post=621"}],"version-history":[{"count":3,"href":"https:\/\/rocheforttourisme.be\/en\/wp-json\/wp\/v2\/pages\/621\/revisions"}],"predecessor-version":[{"id":6436,"href":"https:\/\/rocheforttourisme.be\/en\/wp-json\/wp\/v2\/pages\/621\/revisions\/6436"}],"up":[{"embeddable":true,"href":"https:\/\/rocheforttourisme.be\/en\/wp-json\/wp\/v2\/pages\/115"}],"wp:featuredmedia":[{"embeddable":true,"href":"https:\/\/rocheforttourisme.be\/en\/wp-json\/wp\/v2\/media\/1686"}],"wp:attachment":[{"href":"https:\/\/rocheforttourisme.be\/en\/wp-json\/wp\/v2\/media?parent=621"}],"curies":[{"name":"wp","href":"https:\/\/api.w.org\/{rel}","templated":true}]}}