{"id":119,"date":"2023-02-17T13:19:11","date_gmt":"2023-02-17T12:19:11","guid":{"rendered":"http:\/\/rocheforttourisme.be\/?page_id=119"},"modified":"2024-11-06T14:08:01","modified_gmt":"2024-11-06T13:08:01","slug":"boire-et-manger","status":"publish","type":"page","link":"https:\/\/rocheforttourisme.be\/en\/boire-et-manger\/","title":{"rendered":"Eat &#038; Drink"},"content":{"rendered":"\n<div style=\"height:20px\" aria-hidden=\"true\" class=\"wp-block-spacer\"><\/div>\n\n\n\n<div class=\"wp-block-stackable-image alignwide stk-block-image stk-block stk-298dddf\" data-block-id=\"298dddf\"><figure><span class=\"stk-img-wrapper stk-image--shape-stretch\"><img class=\"stk-img wp-image-4322 lws-optimize-lazyload\"  width=\"1440\" height=\"608\" alt=\"R\u00e9galez vous \u00e0 Rochefort\"\/ data-src=\"https:\/\/rocheforttourisme.be\/wp-content\/uploads\/2024\/09\/Banner-Manger-Site-web-EN.png\" srcset=\"https:\/\/rocheforttourisme.be\/wp-content\/uploads\/2024\/09\/Banner-Manger-Site-web-EN.png 1440w, https:\/\/rocheforttourisme.be\/wp-content\/uploads\/2024\/09\/Banner-Manger-Site-web-EN-300x127.png 300w, https:\/\/rocheforttourisme.be\/wp-content\/uploads\/2024\/09\/Banner-Manger-Site-web-EN-1024x432.png 1024w, https:\/\/rocheforttourisme.be\/wp-content\/uploads\/2024\/09\/Banner-Manger-Site-web-EN-768x324.png 768w\" sizes=\"(max-width: 1440px) 100vw, 1440px\" \/><\/span><\/figure><\/div>\n\n\n\n<div class=\"wp-block-group is-vertical is-content-justification-stretch is-layout-flex wp-container-core-group-is-layout-b16ad781 wp-block-group-is-layout-flex\">\n<p class=\"has-text-align-center has-medium-font-size\">From small bistros to gourmet restaurants, find something here to delight your taste buds. The town of Rochefort is famous for its Trappists and its cheese. But the region is full of little culinary treasures! From the local farmers&#8217; market to gourmet restaurants, find everything you need here to indulge your culinary desires. <strong>Enjoy the Rochefort region!<\/strong><\/p>\n<\/div>\n\n\n\n<div class=\"wp-block-stackable-columns alignfull stk-block-columns stk-block stk-7aac3b4 stk-block-background\" data-block-id=\"7aac3b4\"><style>.stk-7aac3b4 {background-color:var(--stk-global-color-58834, #ffffff) !important;padding-top:80px !important;padding-bottom:80px !important;}.stk-7aac3b4:before{background-color:var(--stk-global-color-58834, #ffffff) !important;}.stk-7aac3b4 > .stk-separator__top svg{fill:var(--stk-global-color-81840, #f6f6f6) !important;filter:none !important;}.stk-7aac3b4 > .stk-separator__top .stk-separator__wrapper{height:400px !important;}<\/style><div class=\"stk-row stk-inner-blocks stk-block-content stk-content-align stk-7aac3b4-column alignwide\">\n<div class=\"wp-block-stackable-column stk-block-column stk-column stk-block stk-3426f5d\" data-v=\"4\" data-block-id=\"3426f5d\"><div class=\"stk-column-wrapper stk-block-column__content stk-container stk-3426f5d-container stk--no-background stk--no-padding\"><div class=\"stk-block-content stk-inner-blocks stk-3426f5d-inner-blocks\">\n<div class=\"wp-block-stackable-columns stk-block-columns stk-block stk-3657623\" data-block-id=\"3657623\"><style>.stk-3657623-column{--stk-column-gap:24px !important;row-gap:24px !important;}<\/style><div class=\"stk-row stk-inner-blocks stk-block-content stk-content-align stk-3657623-column\">\n<div class=\"wp-block-stackable-column stk-block-column stk-column stk-block stk-861c837\" data-v=\"4\" data-block-id=\"861c837\"><style>.stk-861c837-container{margin-top:0px !important;margin-right:0px !important;margin-bottom:0px !important;margin-left:0px !important;}<\/style><div class=\"stk-column-wrapper stk-block-column__content stk-container stk-861c837-container stk--no-background stk--no-padding\"><div class=\"stk-block-content stk-inner-blocks stk-861c837-inner-blocks\">\n<div class=\"wp-block-stackable-card stk-block-card stk-block stk-fe65bb1 is-style-default\" data-v=\"2\" data-block-id=\"fe65bb1\"><style>.stk-fe65bb1:hover{transform:scale(1.05) !important;}.stk-fe65bb1-container{background-color:#ffca0e !important;border-top-left-radius:12px !important;border-top-right-radius:12px !important;border-bottom-right-radius:12px !important;border-bottom-left-radius:12px !important;overflow:hidden !important;box-shadow:none !important;}.stk-fe65bb1-container:before{background-color:#ffca0e !important;}.stk-fe65bb1 .stk-block-card__image{height:300px !important;}<\/style><div class=\"stk--no-padding stk-container stk-fe65bb1-container stk-hover-parent\"><figure class=\"stk-block-card__image stk-img-wrapper stk-image--shape-stretch\"><img width=\"800\" height=\"600\"  class=\"attachment-full size-full wp-post-image lws-optimize-lazyload\" alt=\"\" srcset=\"https:\/\/rocheforttourisme.be\/wp-content\/uploads\/2024\/09\/RT24-restaurants.png 800w, https:\/\/rocheforttourisme.be\/wp-content\/uploads\/2024\/09\/RT24-restaurants-300x225.png 300w, https:\/\/rocheforttourisme.be\/wp-content\/uploads\/2024\/09\/RT24-restaurants-768x576.png 768w\" sizes=\"(max-width: 800px) 100vw, 800px\" \/ data-src=\"https:\/\/rocheforttourisme.be\/wp-content\/uploads\/2024\/09\/RT24-restaurants.png\"><\/figure><div class=\"stk-container-padding stk-block-card__content\"><div class=\"stk-block-content stk-inner-blocks stk-fe65bb1-inner-blocks\">\n<div class=\"wp-block-stackable-heading stk-block-heading stk-block-heading--v2 stk-block stk-5ad699b\" id=\"span-data-stk-dynamic-other-posts-post-title-158-contenteditable-false-class-stk-dynamic-content-restaurants-038-brasseries-span\" data-block-id=\"5ad699b\"><style>.stk-5ad699b {margin-bottom:15px !important;}.stk-5ad699b .stk-block-heading__text{text-transform:uppercase !important;}<\/style><h2 class=\"stk-block-heading__text\">Restaurants &#038; Breweries<\/h2><\/div>\n<\/div><\/div><a class=\"stk-link stk-block-link stk--transparent-overlay\" href=\"https:\/\/rocheforttourisme.be\/en\/boire-et-manger\/restaurants-brasseries\/\" aria-hidden=\"true\" tabindex=\"-1\"><\/a><\/div><\/div>\n<\/div><\/div><\/div>\n\n\n\n<div class=\"wp-block-stackable-column stk-block-column stk-column stk-block stk-8724842\" data-v=\"4\" data-block-id=\"8724842\"><style>.stk-8724842-container{margin-top:0px !important;margin-right:0px !important;margin-bottom:0px !important;margin-left:0px !important;}<\/style><div class=\"stk-column-wrapper stk-block-column__content stk-container stk-8724842-container stk--no-background stk--no-padding\"><div class=\"stk-block-content stk-inner-blocks stk-8724842-inner-blocks\">\n<div class=\"wp-block-stackable-card stk-block-card stk-block stk-0e28aae is-style-default\" data-v=\"2\" data-block-id=\"0e28aae\"><style>.stk-0e28aae:hover{transform:scale(1.05) !important;}.stk-0e28aae-container{background-color:#ffca0e !important;border-top-left-radius:12px !important;border-top-right-radius:12px !important;border-bottom-right-radius:12px !important;border-bottom-left-radius:12px !important;overflow:hidden !important;box-shadow:none !important;}.stk-0e28aae-container:before{background-color:#ffca0e !important;}<\/style><div class=\"stk--no-padding stk-container stk-0e28aae-container stk-hover-parent\"><figure class=\"stk-block-card__image stk-img-wrapper stk-image--shape-stretch\"><img width=\"2560\" height=\"1714\"  class=\"attachment-full size-full wp-post-image lws-optimize-lazyload\" alt=\"Vue du centre-ville de la ville, ferm\u00e9 \u00e0 la circulation pour une brocante. Des \u00e9tals color\u00e9s sont install\u00e9s le long des rues, avec des objets divers tels que des v\u00eatements vintage, des livres et des objets de collection. Des personnes fl\u00e2nent entre les stands, tandis que les rues habituellement anim\u00e9es sont plus calmes, cr\u00e9ant une ambiance conviviale et festive pour l&#039;\u00e9v\u00e9nement. En toile de fond, on peut y voir l&#039;Eglise.\" srcset=\"https:\/\/rocheforttourisme.be\/wp-content\/uploads\/2023\/11\/RT-marche-rochefort-scaled.webp 2560w, https:\/\/rocheforttourisme.be\/wp-content\/uploads\/2023\/11\/RT-marche-rochefort-scaled-300x201.webp 300w, https:\/\/rocheforttourisme.be\/wp-content\/uploads\/2023\/11\/RT-marche-rochefort-scaled-1024x686.webp 1024w, https:\/\/rocheforttourisme.be\/wp-content\/uploads\/2023\/11\/RT-marche-rochefort-scaled-768x514.webp 768w, https:\/\/rocheforttourisme.be\/wp-content\/uploads\/2023\/11\/RT-marche-rochefort-scaled-1536x1028.webp 1536w, https:\/\/rocheforttourisme.be\/wp-content\/uploads\/2023\/11\/RT-marche-rochefort-scaled-2048x1371.webp 2048w\" sizes=\"(max-width: 2560px) 100vw, 2560px\" \/ data-src=\"https:\/\/rocheforttourisme.be\/wp-content\/uploads\/2023\/11\/RT-marche-rochefort-scaled.webp\"><\/figure><div class=\"stk-container-padding stk-block-card__content\"><div class=\"stk-block-content stk-inner-blocks stk-0e28aae-inner-blocks\">\n<div class=\"wp-block-stackable-heading stk-block-heading stk-block-heading--v2 stk-block stk-1099b83\" id=\"span-data-stk-dynamic-other-posts-post-title-160-contenteditable-false-class-stk-dynamic-content-marches-locaux-span\" data-block-id=\"1099b83\"><style>.stk-1099b83 {margin-bottom:15px !important;}.stk-1099b83 .stk-block-heading__text{text-transform:uppercase !important;}<\/style><h2 class=\"stk-block-heading__text\">Local markets<\/h2><\/div>\n<\/div><\/div><a class=\"stk-link stk-block-link stk--transparent-overlay\" href=\"https:\/\/rocheforttourisme.be\/en\/boire-et-manger\/marches-locaux\/\" aria-hidden=\"true\" tabindex=\"-1\"><\/a><\/div><\/div>\n<\/div><\/div><\/div>\n\n\n\n<div class=\"wp-block-stackable-column stk-block-column stk-column stk-block stk-9182a5a\" data-v=\"4\" data-block-id=\"9182a5a\"><style>.stk-9182a5a-container{margin-top:0px !important;margin-right:0px !important;margin-bottom:0px !important;margin-left:0px !important;}<\/style><div class=\"stk-column-wrapper stk-block-column__content stk-container stk-9182a5a-container stk--no-background stk--no-padding\"><div class=\"stk-block-content stk-inner-blocks stk-9182a5a-inner-blocks\">\n<div class=\"wp-block-stackable-card stk-block-card stk-block stk-890e427 is-style-default\" data-v=\"2\" data-block-id=\"890e427\"><style>.stk-890e427:hover{transform:scale(1.05) !important;}.stk-890e427-container{background-color:#ffca0e !important;border-top-left-radius:12px !important;border-top-right-radius:12px !important;border-bottom-right-radius:12px !important;border-bottom-left-radius:12px !important;overflow:hidden !important;box-shadow:none !important;}.stk-890e427-container:before{background-color:#ffca0e !important;}<\/style><div class=\"stk--no-padding stk-container stk-890e427-container stk-hover-parent\"><figure class=\"stk-block-card__image stk-img-wrapper stk-image--shape-stretch\"><img width=\"2521\" height=\"1890\"  class=\"attachment-full size-full wp-post-image lws-optimize-lazyload\" alt=\"Photo d&#039;une bi\u00e8re Trappistes Rochefort servie dans un verre, accompagn\u00e9e d&#039;un morceau de fromage de Rochefort. La bi\u00e8re pr\u00e9sente une couleur brune profonde, l\u00e9g\u00e8rement trouble, avec une mousse cr\u00e9meuse. Le fromage est coup\u00e9 en morceaux, affichant une texture onctueuse et une teinte jaune p\u00e2le. L&#039;ensemble est pr\u00e9sent\u00e9 de fa\u00e7on \u00e0 \u00e9voquer les saveurs authentiques de la Belgique.\" srcset=\"https:\/\/rocheforttourisme.be\/wp-content\/uploads\/2023\/11\/RT-MTFA-terroir-rochefort.webp 2521w, https:\/\/rocheforttourisme.be\/wp-content\/uploads\/2023\/11\/RT-MTFA-terroir-rochefort-300x225.webp 300w, https:\/\/rocheforttourisme.be\/wp-content\/uploads\/2023\/11\/RT-MTFA-terroir-rochefort-1024x768.webp 1024w, https:\/\/rocheforttourisme.be\/wp-content\/uploads\/2023\/11\/RT-MTFA-terroir-rochefort-768x576.webp 768w, https:\/\/rocheforttourisme.be\/wp-content\/uploads\/2023\/11\/RT-MTFA-terroir-rochefort-1536x1152.webp 1536w, https:\/\/rocheforttourisme.be\/wp-content\/uploads\/2023\/11\/RT-MTFA-terroir-rochefort-2048x1535.webp 2048w\" sizes=\"(max-width: 2521px) 100vw, 2521px\" \/ data-src=\"https:\/\/rocheforttourisme.be\/wp-content\/uploads\/2023\/11\/RT-MTFA-terroir-rochefort.webp\"><\/figure><div class=\"stk-container-padding stk-block-card__content\"><div class=\"stk-block-content stk-inner-blocks stk-890e427-inner-blocks\">\n<div class=\"wp-block-stackable-heading stk-block-heading stk-block-heading--v2 stk-block stk-87589ce\" id=\"span-data-stk-dynamic-other-posts-post-title-162-contenteditable-false-class-stk-dynamic-content-produits-du-terroir-span\" data-block-id=\"87589ce\"><style>.stk-87589ce {margin-bottom:15px !important;}.stk-87589ce .stk-block-heading__text{text-transform:uppercase !important;}<\/style><h2 class=\"stk-block-heading__text\">Local specialities<\/h2><\/div>\n<\/div><\/div><a class=\"stk-link stk-block-link stk--transparent-overlay\" href=\"https:\/\/rocheforttourisme.be\/en\/boire-et-manger\/terroir\/\" aria-hidden=\"true\" tabindex=\"-1\"><\/a><\/div><\/div>\n<\/div><\/div><\/div>\n\n\n\n<div class=\"wp-block-stackable-column stk-block-column stk-column stk-block stk-3ad65cb\" data-v=\"4\" data-block-id=\"3ad65cb\"><style>.stk-3ad65cb-container{margin-top:0px !important;margin-right:0px !important;margin-bottom:0px !important;margin-left:0px !important;}<\/style><div class=\"stk-column-wrapper stk-block-column__content stk-container stk-3ad65cb-container stk--no-background stk--no-padding\"><div class=\"stk-block-content stk-inner-blocks stk-3ad65cb-inner-blocks\">\n<div class=\"wp-block-stackable-card stk-block-card stk-block stk-7e242a4 is-style-default\" data-v=\"2\" data-block-id=\"7e242a4\"><style>.stk-7e242a4:hover{transform:scale(1.05) !important;}.stk-7e242a4-container{background-color:#ffca0e !important;border-top-left-radius:12px !important;border-top-right-radius:12px !important;border-bottom-right-radius:12px !important;border-bottom-left-radius:12px !important;overflow:hidden !important;box-shadow:none !important;}.stk-7e242a4-container:before{background-color:#ffca0e !important;}<\/style><div class=\"stk--no-padding stk-container stk-7e242a4-container stk-hover-parent\"><figure class=\"stk-block-card__image stk-img-wrapper stk-image--shape-stretch\"><img width=\"800\" height=\"600\"  class=\"attachment-full size-full wp-post-image lws-optimize-lazyload\" alt=\"\" srcset=\"https:\/\/rocheforttourisme.be\/wp-content\/uploads\/2024\/09\/RT24-picnic-and-barbecue.png 800w, https:\/\/rocheforttourisme.be\/wp-content\/uploads\/2024\/09\/RT24-picnic-and-barbecue-300x225.png 300w, https:\/\/rocheforttourisme.be\/wp-content\/uploads\/2024\/09\/RT24-picnic-and-barbecue-768x576.png 768w\" sizes=\"(max-width: 800px) 100vw, 800px\" \/ data-src=\"https:\/\/rocheforttourisme.be\/wp-content\/uploads\/2024\/09\/RT24-picnic-and-barbecue.png\"><\/figure><div class=\"stk-container-padding stk-block-card__content\"><div class=\"stk-block-content stk-inner-blocks stk-7e242a4-inner-blocks\">\n<div class=\"wp-block-stackable-heading stk-block-heading stk-block-heading--v2 stk-block stk-1cb699c\" id=\"span-data-stk-dynamic-other-posts-post-title-1024-contenteditable-false-class-stk-dynamic-content-aires-de-pique-nique-et-barbecues-span\" data-block-id=\"1cb699c\"><style>.stk-1cb699c {margin-bottom:15px !important;}.stk-1cb699c .stk-block-heading__text{text-transform:uppercase !important;}<\/style><h2 class=\"stk-block-heading__text\">Picnic areas and barbecues<\/h2><\/div>\n<\/div><\/div><a class=\"stk-link stk-block-link stk--transparent-overlay\" href=\"https:\/\/rocheforttourisme.be\/en\/boire-et-manger\/picnic-barbecues\/\" aria-hidden=\"true\" tabindex=\"-1\"><\/a><\/div><\/div>\n<\/div><\/div><\/div>\n<\/div><\/div>\n<\/div><\/div><\/div>\n<\/div><\/div>\n","protected":false},"excerpt":{"rendered":"<p>From small bistros to gourmet restaurants, find something here to delight your taste buds. The town of Rochefort is famous for its Trappists and its cheese. But the region is full of little culinary treasures! From the local farmers&#8217; market to gourmet restaurants, find everything you need here to indulge your culinary desires. Enjoy the&hellip;&nbsp;<a href=\"https:\/\/rocheforttourisme.be\/en\/boire-et-manger\/\" rel=\"bookmark\">Read More &raquo;<span class=\"screen-reader-text\">Eat &#038; Drink<\/span><\/a><\/p>\n","protected":false},"author":5,"featured_media":4059,"parent":0,"menu_order":0,"comment_status":"closed","ping_status":"closed","template":"","meta":{"neve_meta_sidebar":"","neve_meta_container":"","neve_meta_enable_content_width":"","neve_meta_content_width":0,"neve_meta_title_alignment":"left","neve_meta_author_avatar":"","neve_post_elements_order":"","neve_meta_disable_header":"off","neve_meta_disable_footer":"","neve_meta_disable_title":"on","footnotes":""},"class_list":["post-119","page","type-page","status-publish","has-post-thumbnail","hentry"],"yoast_head":"<!-- This site is optimized with the Yoast SEO plugin v27.5 - https:\/\/yoast.com\/product\/yoast-seo-wordpress\/ -->\n<title>Eat &amp; Drink<\/title>\n<meta name=\"description\" content=\"La commune de Rochefort est c\u00e9l\u00e8bre pour ses Trappistes et son fromage. Mais la r\u00e9gion regorge de petits tr\u00e9sors culinaires !\" \/>\n<meta name=\"robots\" content=\"index, follow, max-snippet:-1, max-image-preview:large, max-video-preview:-1\" \/>\n<link rel=\"canonical\" href=\"https:\/\/rocheforttourisme.be\/en\/boire-et-manger\/\" \/>\n<meta property=\"og:locale\" content=\"en_GB\" \/>\n<meta property=\"og:locale:alternate\" content=\"fr_FR\" \/>\n<meta property=\"og:locale:alternate\" content=\"nl_BE\" \/>\n<meta property=\"og:type\" content=\"article\" \/>\n<meta property=\"og:title\" content=\"Eat &amp; Drink\" \/>\n<meta property=\"og:description\" content=\"La commune de Rochefort est c\u00e9l\u00e8bre pour ses Trappistes et son fromage. Mais la r\u00e9gion regorge de petits tr\u00e9sors culinaires !\" \/>\n<meta property=\"og:url\" content=\"https:\/\/rocheforttourisme.be\/en\/boire-et-manger\/\" \/>\n<meta property=\"og:site_name\" content=\"Rochefort Tourisme\" \/>\n<meta property=\"article:publisher\" content=\"https:\/\/www.facebook.com\/rochefort.tourisme\/\" \/>\n<meta property=\"article:modified_time\" content=\"2024-11-06T13:08:01+00:00\" \/>\n<meta name=\"twitter:label1\" content=\"Estimated reading time\" \/>\n\t<meta name=\"twitter:data1\" content=\"2 minutes\" \/>\n<script type=\"application\/ld+json\" class=\"yoast-schema-graph\">{\"@context\":\"https:\\\/\\\/schema.org\",\"@graph\":[{\"@type\":\"WebPage\",\"@id\":\"https:\\\/\\\/rocheforttourisme.be\\\/fr\\\/boire-et-manger\\\/\",\"url\":\"https:\\\/\\\/rocheforttourisme.be\\\/fr\\\/boire-et-manger\\\/\",\"name\":\"Eat & Drink\",\"isPartOf\":{\"@id\":\"https:\\\/\\\/rocheforttourisme.be\\\/fr\\\/#website\"},\"primaryImageOfPage\":{\"@id\":\"https:\\\/\\\/rocheforttourisme.be\\\/fr\\\/boire-et-manger\\\/#primaryimage\"},\"image\":{\"@id\":\"https:\\\/\\\/rocheforttourisme.be\\\/fr\\\/boire-et-manger\\\/#primaryimage\"},\"thumbnailUrl\":\"\",\"datePublished\":\"2023-02-17T12:19:11+00:00\",\"dateModified\":\"2024-11-06T13:08:01+00:00\",\"description\":\"La commune de Rochefort est c\u00e9l\u00e8bre pour ses Trappistes et son fromage. Mais la r\u00e9gion regorge de petits tr\u00e9sors culinaires !\",\"inLanguage\":\"en-GB\",\"potentialAction\":[{\"@type\":\"ReadAction\",\"target\":[\"https:\\\/\\\/rocheforttourisme.be\\\/fr\\\/boire-et-manger\\\/\"]}]},{\"@type\":\"ImageObject\",\"inLanguage\":\"en-GB\",\"@id\":\"https:\\\/\\\/rocheforttourisme.be\\\/fr\\\/boire-et-manger\\\/#primaryimage\",\"url\":\"\",\"contentUrl\":\"\"},{\"@type\":\"WebSite\",\"@id\":\"https:\\\/\\\/rocheforttourisme.be\\\/fr\\\/#website\",\"url\":\"https:\\\/\\\/rocheforttourisme.be\\\/fr\\\/\",\"name\":\"Rochefort Tourisme\",\"description\":\"\",\"publisher\":{\"@id\":\"https:\\\/\\\/rocheforttourisme.be\\\/fr\\\/#organization\"},\"potentialAction\":[{\"@type\":\"SearchAction\",\"target\":{\"@type\":\"EntryPoint\",\"urlTemplate\":\"https:\\\/\\\/rocheforttourisme.be\\\/fr\\\/?s={search_term_string}\"},\"query-input\":{\"@type\":\"PropertyValueSpecification\",\"valueRequired\":true,\"valueName\":\"search_term_string\"}}],\"inLanguage\":\"en-GB\"},{\"@type\":\"Organization\",\"@id\":\"https:\\\/\\\/rocheforttourisme.be\\\/fr\\\/#organization\",\"name\":\"Rochefort Tourisme\",\"url\":\"https:\\\/\\\/rocheforttourisme.be\\\/fr\\\/\",\"logo\":{\"@type\":\"ImageObject\",\"inLanguage\":\"en-GB\",\"@id\":\"https:\\\/\\\/rocheforttourisme.be\\\/fr\\\/#\\\/schema\\\/logo\\\/image\\\/\",\"url\":\"https:\\\/\\\/rocheforttourisme.be\\\/wp-content\\\/uploads\\\/2023\\\/10\\\/Rochefort-Tourisme-R-logo.png\",\"contentUrl\":\"https:\\\/\\\/rocheforttourisme.be\\\/wp-content\\\/uploads\\\/2023\\\/10\\\/Rochefort-Tourisme-R-logo.png\",\"width\":544,\"height\":544,\"caption\":\"Rochefort Tourisme\"},\"image\":{\"@id\":\"https:\\\/\\\/rocheforttourisme.be\\\/fr\\\/#\\\/schema\\\/logo\\\/image\\\/\"},\"sameAs\":[\"https:\\\/\\\/www.facebook.com\\\/rochefort.tourisme\\\/\",\"https:\\\/\\\/www.instagram.com\\\/rocheforttourisme\"]}]}<\/script>\n<!-- \/ Yoast SEO plugin. -->","yoast_head_json":{"title":"Eat & Drink","description":"La commune de Rochefort est c\u00e9l\u00e8bre pour ses Trappistes et son fromage. Mais la r\u00e9gion regorge de petits tr\u00e9sors culinaires !","robots":{"index":"index","follow":"follow","max-snippet":"max-snippet:-1","max-image-preview":"max-image-preview:large","max-video-preview":"max-video-preview:-1"},"canonical":"https:\/\/rocheforttourisme.be\/en\/boire-et-manger\/","og_locale":"en_GB","og_type":"article","og_title":"[:en]Eat & Drink[:fr]Boire & Manger[:nl]Drinken & Eten[:] - Rochefort Tourisme","og_description":"La commune de Rochefort est c\u00e9l\u00e8bre pour ses Trappistes et son fromage. Mais la r\u00e9gion regorge de petits tr\u00e9sors culinaires !","og_url":"https:\/\/rocheforttourisme.be\/en\/boire-et-manger\/","og_site_name":"Rochefort Tourisme","article_publisher":"https:\/\/www.facebook.com\/rochefort.tourisme\/","article_modified_time":"2024-11-06T13:08:01+00:00","twitter_misc":{"Estimated reading time":"2 minutes"},"schema":{"@context":"https:\/\/schema.org","@graph":[{"@type":"WebPage","@id":"https:\/\/rocheforttourisme.be\/fr\/boire-et-manger\/","url":"https:\/\/rocheforttourisme.be\/fr\/boire-et-manger\/","name":"Eat & Drink","isPartOf":{"@id":"https:\/\/rocheforttourisme.be\/fr\/#website"},"primaryImageOfPage":{"@id":"https:\/\/rocheforttourisme.be\/fr\/boire-et-manger\/#primaryimage"},"image":{"@id":"https:\/\/rocheforttourisme.be\/fr\/boire-et-manger\/#primaryimage"},"thumbnailUrl":"","datePublished":"2023-02-17T12:19:11+00:00","dateModified":"2024-11-06T13:08:01+00:00","description":"La commune de Rochefort est c\u00e9l\u00e8bre pour ses Trappistes et son fromage. Mais la r\u00e9gion regorge de petits tr\u00e9sors culinaires !","inLanguage":"en-GB","potentialAction":[{"@type":"ReadAction","target":["https:\/\/rocheforttourisme.be\/fr\/boire-et-manger\/"]}]},{"@type":"ImageObject","inLanguage":"en-GB","@id":"https:\/\/rocheforttourisme.be\/fr\/boire-et-manger\/#primaryimage","url":"","contentUrl":""},{"@type":"WebSite","@id":"https:\/\/rocheforttourisme.be\/fr\/#website","url":"https:\/\/rocheforttourisme.be\/fr\/","name":"Rochefort Tourisme","description":"","publisher":{"@id":"https:\/\/rocheforttourisme.be\/fr\/#organization"},"potentialAction":[{"@type":"SearchAction","target":{"@type":"EntryPoint","urlTemplate":"https:\/\/rocheforttourisme.be\/fr\/?s={search_term_string}"},"query-input":{"@type":"PropertyValueSpecification","valueRequired":true,"valueName":"search_term_string"}}],"inLanguage":"en-GB"},{"@type":"Organization","@id":"https:\/\/rocheforttourisme.be\/fr\/#organization","name":"Rochefort Tourisme","url":"https:\/\/rocheforttourisme.be\/fr\/","logo":{"@type":"ImageObject","inLanguage":"en-GB","@id":"https:\/\/rocheforttourisme.be\/fr\/#\/schema\/logo\/image\/","url":"https:\/\/rocheforttourisme.be\/wp-content\/uploads\/2023\/10\/Rochefort-Tourisme-R-logo.png","contentUrl":"https:\/\/rocheforttourisme.be\/wp-content\/uploads\/2023\/10\/Rochefort-Tourisme-R-logo.png","width":544,"height":544,"caption":"Rochefort Tourisme"},"image":{"@id":"https:\/\/rocheforttourisme.be\/fr\/#\/schema\/logo\/image\/"},"sameAs":["https:\/\/www.facebook.com\/rochefort.tourisme\/","https:\/\/www.instagram.com\/rocheforttourisme"]}]}},"_links":{"self":[{"href":"https:\/\/rocheforttourisme.be\/en\/wp-json\/wp\/v2\/pages\/119","targetHints":{"allow":["GET"]}}],"collection":[{"href":"https:\/\/rocheforttourisme.be\/en\/wp-json\/wp\/v2\/pages"}],"about":[{"href":"https:\/\/rocheforttourisme.be\/en\/wp-json\/wp\/v2\/types\/page"}],"author":[{"embeddable":true,"href":"https:\/\/rocheforttourisme.be\/en\/wp-json\/wp\/v2\/users\/5"}],"replies":[{"embeddable":true,"href":"https:\/\/rocheforttourisme.be\/en\/wp-json\/wp\/v2\/comments?post=119"}],"version-history":[{"count":0,"href":"https:\/\/rocheforttourisme.be\/en\/wp-json\/wp\/v2\/pages\/119\/revisions"}],"wp:featuredmedia":[{"embeddable":true,"href":"https:\/\/rocheforttourisme.be\/en\/wp-json\/"}],"wp:attachment":[{"href":"https:\/\/rocheforttourisme.be\/en\/wp-json\/wp\/v2\/media?parent=119"}],"curies":[{"name":"wp","href":"https:\/\/api.w.org\/{rel}","templated":true}]}}