{"id":115,"date":"2023-02-17T13:18:45","date_gmt":"2023-02-17T12:18:45","guid":{"rendered":"http:\/\/rocheforttourisme.be\/?page_id=115"},"modified":"2024-11-06T14:10:39","modified_gmt":"2024-11-06T13:10:39","slug":"balades","status":"publish","type":"page","link":"https:\/\/rocheforttourisme.be\/en\/que-faire\/balades\/","title":{"rendered":"Walks"},"content":{"rendered":"\n<p class=\"has-text-align-center has-medium-font-size\">On foot, by bike or on horseback, enjoy more than<em> <\/em><strong>675 kilometers<\/strong> of marked walks in Rohcefort&nbsp;! Between panoramas, the charm of villages and hamlets, the deep forests and the flamboyant nature, you will not fail to fall in love with the region. Rochefort is undoubtedly THE ideal destination to enjoy <strong>nature between Famenne and the Belgian Ardenne<\/strong>.<\/p>\n\n\n\n<div style=\"height:20px\" aria-hidden=\"true\" class=\"wp-block-spacer\"><\/div>\n\n\n\n<div class=\"wp-block-stackable-columns alignfull stk-block-columns stk-block stk-7aac3b4 stk-block-background alignwide\" data-block-id=\"7aac3b4\"><style>.stk-7aac3b4 {background-color:var(--stk-global-color-58834, #ffffff) !important;padding-top:80px !important;padding-bottom:80px !important;}.stk-7aac3b4:before{background-color:var(--stk-global-color-58834, #ffffff) !important;}.stk-7aac3b4 > .stk-separator__top svg{fill:var(--stk-global-color-81840, #f6f6f6) !important;filter:none !important;}.stk-7aac3b4 > .stk-separator__top .stk-separator__wrapper{height:400px !important;}<\/style><div class=\"stk-row stk-inner-blocks stk-block-content stk-content-align stk-7aac3b4-column alignwide\">\n<div class=\"wp-block-stackable-column stk-block-column stk-column stk-block stk-3426f5d\" data-v=\"4\" data-block-id=\"3426f5d\"><div class=\"stk-column-wrapper stk-block-column__content stk-container stk-3426f5d-container stk--no-background stk--no-padding\"><div class=\"stk-block-content stk-inner-blocks stk-3426f5d-inner-blocks\">\n<div class=\"wp-block-stackable-columns stk-block-columns stk-block stk-3657623\" data-block-id=\"3657623\"><style>.stk-3657623-column{--stk-column-gap:24px !important;row-gap:24px !important;}<\/style><div class=\"stk-row stk-inner-blocks stk-block-content stk-content-align stk-3657623-column\">\n<div class=\"wp-block-stackable-column stk-block-column stk-column stk-block stk-861c837\" data-v=\"4\" data-block-id=\"861c837\"><style>.stk-861c837-container{margin-top:0px !important;margin-right:0px !important;margin-bottom:0px !important;margin-left:0px !important;}<\/style><div class=\"stk-column-wrapper stk-block-column__content stk-container stk-861c837-container stk--no-background stk--no-padding\"><div class=\"stk-block-content stk-inner-blocks stk-861c837-inner-blocks\">\n<div class=\"wp-block-stackable-card stk-block-card stk-block stk-198ea96 is-style-default\" data-v=\"2\" data-block-id=\"198ea96\"><style>.stk-198ea96:hover{transform:scale(1.05) !important;}.stk-198ea96-container{background-color:#ffca0e !important;border-top-left-radius:12px !important;border-top-right-radius:12px !important;border-bottom-right-radius:12px !important;border-bottom-left-radius:12px !important;overflow:hidden !important;box-shadow:none !important;}.stk-198ea96-container:before{background-color:#ffca0e !important;}.stk-198ea96 .stk-block-card__image{height:300px !important;}.stk-198ea96 .stk-block-card__image img{object-position:52% 89% !important;}<\/style><div class=\"stk--no-padding stk-container stk-198ea96-container stk-hover-parent\"><figure class=\"stk-block-card__image stk-img-wrapper stk-image--shape-stretch\"><img width=\"2560\" height=\"1707\"  class=\"attachment-full size-full wp-post-image lws-optimize-lazyload\" alt=\"Trois personnes assises dans l&#039;herbe, admirant le panorama depuis le Belv\u00e9d\u00e8re de Han-sur-Lesse. Le paysage s&#039;\u00e9tend devant eux, avec des collines verdoyantes, la vall\u00e9e de la Lesse et une for\u00eat dense, tandis que le ciel bleu et d\u00e9gag\u00e9 compl\u00e8te la sc\u00e8ne paisible.\" srcset=\"https:\/\/rocheforttourisme.be\/wp-content\/uploads\/2023\/11\/MTFA-a-pied.webp 2560w, https:\/\/rocheforttourisme.be\/wp-content\/uploads\/2023\/11\/MTFA-a-pied-300x200.webp 300w, https:\/\/rocheforttourisme.be\/wp-content\/uploads\/2023\/11\/MTFA-a-pied-1024x683.webp 1024w, https:\/\/rocheforttourisme.be\/wp-content\/uploads\/2023\/11\/MTFA-a-pied-768x512.webp 768w, https:\/\/rocheforttourisme.be\/wp-content\/uploads\/2023\/11\/MTFA-a-pied-1536x1024.webp 1536w, https:\/\/rocheforttourisme.be\/wp-content\/uploads\/2023\/11\/MTFA-a-pied-2048x1366.webp 2048w, https:\/\/rocheforttourisme.be\/wp-content\/uploads\/2023\/11\/MTFA-a-pied-930x620.webp 930w\" sizes=\"(max-width: 2560px) 100vw, 2560px\" \/ data-src=\"https:\/\/rocheforttourisme.be\/wp-content\/uploads\/2023\/11\/MTFA-a-pied.webp\"><\/figure><div class=\"stk-container-padding stk-block-card__content\"><div class=\"stk-block-content stk-inner-blocks stk-198ea96-inner-blocks\">\n<div class=\"wp-block-stackable-heading stk-block-heading stk-block-heading--v2 stk-block stk-2ffcdad\" id=\"span-data-stk-dynamic-other-posts-post-title-619-contenteditable-false-class-stk-dynamic-content-a-pied-span\" data-block-id=\"2ffcdad\"><style>.stk-2ffcdad {margin-bottom:15px !important;}.stk-2ffcdad .stk-block-heading__text{font-size:32px !important;text-transform:uppercase !important;}@media screen and (max-width: 1023px){.stk-2ffcdad .stk-block-heading__text{font-size:32px !important;}}<\/style><h3 class=\"stk-block-heading__text\">On foot<\/h3><\/div>\n<\/div><\/div><a class=\"stk-link stk-block-link stk--transparent-overlay\" href=\"https:\/\/rocheforttourisme.be\/en\/que-faire\/balades\/balades-a-pied\/\" aria-hidden=\"true\" tabindex=\"-1\"><\/a><\/div><\/div>\n<\/div><\/div><\/div>\n\n\n\n<div class=\"wp-block-stackable-column stk-block-column stk-column stk-block stk-8724842\" data-v=\"4\" data-block-id=\"8724842\"><style>.stk-8724842-container{margin-top:0px !important;margin-right:0px !important;margin-bottom:0px !important;margin-left:0px !important;}<\/style><div class=\"stk-column-wrapper stk-block-column__content stk-container stk-8724842-container stk--no-background stk--no-padding\"><div class=\"stk-block-content stk-inner-blocks stk-8724842-inner-blocks\">\n<div class=\"wp-block-stackable-card stk-block-card stk-block stk-0e28aae is-style-default\" data-v=\"2\" data-block-id=\"0e28aae\"><style>.stk-0e28aae:hover{transform:scale(1.05) !important;}.stk-0e28aae-container{background-color:#ffca0e !important;border-top-left-radius:12px !important;border-top-right-radius:12px !important;border-bottom-right-radius:12px !important;border-bottom-left-radius:12px !important;overflow:hidden !important;box-shadow:none !important;}.stk-0e28aae-container:before{background-color:#ffca0e !important;}<\/style><div class=\"stk--no-padding stk-container stk-0e28aae-container stk-hover-parent\"><figure class=\"stk-block-card__image stk-img-wrapper stk-image--shape-stretch\"><img width=\"1920\" height=\"1280\"  class=\"attachment-full size-full wp-post-image lws-optimize-lazyload\" alt=\"Plusieurs personnes en VTT, vues de dos, roulant sur un sentier forestier sinueux. Les arbres majestueux bordent le chemin, et la lumi\u00e8re filtr\u00e9e par le feuillage cr\u00e9e une ambiance calme et naturelle. Les cyclistes avancent \u00e0 travers la verdure, profitant de l&#039;ombre de la for\u00eat.\" srcset=\"https:\/\/rocheforttourisme.be\/wp-content\/uploads\/2023\/03\/RT-VTT.webp 1920w, https:\/\/rocheforttourisme.be\/wp-content\/uploads\/2023\/03\/RT-VTT-300x200.webp 300w, https:\/\/rocheforttourisme.be\/wp-content\/uploads\/2023\/03\/RT-VTT-1024x683.webp 1024w, https:\/\/rocheforttourisme.be\/wp-content\/uploads\/2023\/03\/RT-VTT-768x512.webp 768w, https:\/\/rocheforttourisme.be\/wp-content\/uploads\/2023\/03\/RT-VTT-1536x1024.webp 1536w, https:\/\/rocheforttourisme.be\/wp-content\/uploads\/2023\/03\/RT-VTT-930x620.webp 930w\" sizes=\"(max-width: 1920px) 100vw, 1920px\" \/ data-src=\"https:\/\/rocheforttourisme.be\/wp-content\/uploads\/2023\/03\/RT-VTT.webp\"><\/figure><div class=\"stk-container-padding stk-block-card__content\"><div class=\"stk-block-content stk-inner-blocks stk-0e28aae-inner-blocks\">\n<div class=\"wp-block-stackable-heading stk-block-heading stk-block-heading--v2 stk-block stk-1099b83\" id=\"span-data-stk-dynamic-other-posts-post-title-620-contenteditable-false-class-stk-dynamic-content-by-bike-mountainbike-span\" data-block-id=\"1099b83\"><style>.stk-1099b83 {margin-bottom:15px !important;}.stk-1099b83 .stk-block-heading__text{font-size:32px !important;text-transform:uppercase !important;}@media screen and (max-width: 1023px){.stk-1099b83 .stk-block-heading__text{font-size:32px !important;}}<\/style><h3 class=\"stk-block-heading__text\">By bike\/Mountainbike<\/h3><\/div>\n<\/div><\/div><a class=\"stk-link stk-block-link stk--transparent-overlay\" href=\"https:\/\/rocheforttourisme.be\/en\/que-faire\/balades\/balades-a-velo-ou-vtt\/\" aria-hidden=\"true\" tabindex=\"-1\"><\/a><\/div><\/div>\n<\/div><\/div><\/div>\n\n\n\n<div class=\"wp-block-stackable-column stk-block-column stk-column stk-block stk-9182a5a\" data-v=\"4\" data-block-id=\"9182a5a\"><style>.stk-9182a5a-container{margin-top:0px !important;margin-right:0px !important;margin-bottom:0px !important;margin-left:0px !important;}<\/style><div class=\"stk-column-wrapper stk-block-column__content stk-container stk-9182a5a-container stk--no-background stk--no-padding\"><div class=\"stk-block-content stk-inner-blocks stk-9182a5a-inner-blocks\">\n<div class=\"wp-block-stackable-card stk-block-card stk-block stk-890e427 is-style-default\" data-v=\"2\" data-block-id=\"890e427\"><style>.stk-890e427:hover{transform:scale(1.05) !important;}.stk-890e427-container{background-color:#ffca0e !important;border-top-left-radius:12px !important;border-top-right-radius:12px !important;border-bottom-right-radius:12px !important;border-bottom-left-radius:12px !important;overflow:hidden !important;box-shadow:none !important;}.stk-890e427-container:before{background-color:#ffca0e !important;}.stk-890e427 .stk-block-card__image img{object-position:49% 10% !important;}<\/style><div class=\"stk--no-padding stk-container stk-890e427-container stk-hover-parent\"><figure class=\"stk-block-card__image stk-img-wrapper stk-image--shape-stretch\"><img width=\"1280\" height=\"853\"  class=\"attachment-full size-full wp-post-image lws-optimize-lazyload\" alt=\"Une dame, vue de dos, se tient aux c\u00f4t\u00e9s de son cheval dans un cadre naturel. La silhouette de la cavali\u00e8re et de l&#039;animal se dessine sur un paysage verdoyant, avec des arbres et des collines \u00e0 l&#039;horizon, cr\u00e9ant une atmosph\u00e8re calme et sereine.\" srcset=\"https:\/\/rocheforttourisme.be\/wp-content\/uploads\/2023\/11\/RT-a-cheval.webp 1280w, https:\/\/rocheforttourisme.be\/wp-content\/uploads\/2023\/11\/RT-a-cheval-300x200.webp 300w, https:\/\/rocheforttourisme.be\/wp-content\/uploads\/2023\/11\/RT-a-cheval-1024x682.webp 1024w, https:\/\/rocheforttourisme.be\/wp-content\/uploads\/2023\/11\/RT-a-cheval-768x512.webp 768w, https:\/\/rocheforttourisme.be\/wp-content\/uploads\/2023\/11\/RT-a-cheval-930x620.webp 930w\" sizes=\"(max-width: 1280px) 100vw, 1280px\" \/ data-src=\"https:\/\/rocheforttourisme.be\/wp-content\/uploads\/2023\/11\/RT-a-cheval.webp\"><\/figure><div class=\"stk-container-padding stk-block-card__content\"><div class=\"stk-block-content stk-inner-blocks stk-890e427-inner-blocks\">\n<div class=\"wp-block-stackable-heading stk-block-heading stk-block-heading--v2 stk-block stk-87589ce\" id=\"span-data-stk-dynamic-other-posts-post-title-621-contenteditable-false-class-stk-dynamic-content-on-horseback-span\" data-block-id=\"87589ce\"><style>.stk-87589ce {margin-bottom:15px !important;}.stk-87589ce .stk-block-heading__text{font-size:32px !important;text-transform:uppercase !important;}@media screen and (max-width: 1023px){.stk-87589ce .stk-block-heading__text{font-size:32px !important;}}<\/style><h3 class=\"stk-block-heading__text\">On horseback<\/h3><\/div>\n<\/div><\/div><a class=\"stk-link stk-block-link stk--transparent-overlay\" href=\"https:\/\/rocheforttourisme.be\/en\/que-faire\/balades\/balades-a-cheval\/\" aria-hidden=\"true\" tabindex=\"-1\"><\/a><\/div><\/div>\n<\/div><\/div><\/div>\n<\/div><\/div>\n<\/div><\/div><\/div>\n<\/div><\/div>\n","protected":false},"excerpt":{"rendered":"<p>On foot, by bike or on horseback, enjoy more than 675 kilometers of marked walks in Rohcefort&nbsp;! Between panoramas, the charm of villages and hamlets, the deep forests and the flamboyant nature, you will not fail to fall in love with the region. Rochefort is undoubtedly THE ideal destination to enjoy nature between Famenne and&hellip;&nbsp;<a href=\"https:\/\/rocheforttourisme.be\/en\/que-faire\/balades\/\" rel=\"bookmark\">Read More &raquo;<span class=\"screen-reader-text\">Walks<\/span><\/a><\/p>\n","protected":false},"author":5,"featured_media":1827,"parent":113,"menu_order":2,"comment_status":"closed","ping_status":"closed","template":"","meta":{"neve_meta_sidebar":"","neve_meta_container":"","neve_meta_enable_content_width":"","neve_meta_content_width":0,"neve_meta_title_alignment":"","neve_meta_author_avatar":"","neve_post_elements_order":"","neve_meta_disable_header":"","neve_meta_disable_footer":"","neve_meta_disable_title":"","footnotes":""},"class_list":["post-115","page","type-page","status-publish","has-post-thumbnail","hentry"],"yoast_head":"<!-- This site is optimized with the Yoast SEO plugin v27.4 - https:\/\/yoast.com\/product\/yoast-seo-wordpress\/ -->\n<title>Walks<\/title>\n<meta name=\"description\" content=\"Between panoramas, the charm of villages, the deep forests and the flamboyant nature, you will not fail to fall in love with Rochefort.\" \/>\n<meta name=\"robots\" content=\"index, follow, max-snippet:-1, max-image-preview:large, max-video-preview:-1\" \/>\n<link rel=\"canonical\" href=\"https:\/\/rocheforttourisme.be\/en\/que-faire\/balades\/\" \/>\n<meta property=\"og:locale\" content=\"en_GB\" \/>\n<meta property=\"og:locale:alternate\" content=\"fr_FR\" \/>\n<meta property=\"og:locale:alternate\" content=\"nl_BE\" \/>\n<meta property=\"og:type\" content=\"article\" \/>\n<meta property=\"og:title\" content=\"Walks\" \/>\n<meta property=\"og:description\" content=\"Profitez des promenades balis\u00e9es \u00e0 Rochefort\u00a0! C&#039;est LA destination id\u00e9ale pour profiter de la nature entre Famenne et Ardenne belge.\" \/>\n<meta property=\"og:url\" content=\"https:\/\/rocheforttourisme.be\/en\/que-faire\/balades\/\" \/>\n<meta property=\"og:site_name\" content=\"Rochefort Tourisme\" \/>\n<meta property=\"article:publisher\" content=\"https:\/\/www.facebook.com\/rochefort.tourisme\/\" \/>\n<meta property=\"article:modified_time\" content=\"2024-11-06T13:10:39+00:00\" \/>\n<meta property=\"og:image\" content=\"https:\/\/rocheforttourisme.be\/wp-content\/uploads\/2023\/11\/RT-balades-balisees-scaled.jpg\" \/>\n\t<meta property=\"og:image:width\" content=\"1920\" \/>\n\t<meta property=\"og:image:height\" content=\"2560\" \/>\n\t<meta property=\"og:image:type\" content=\"image\/jpeg\" \/>\n<meta name=\"twitter:label1\" content=\"Estimated reading time\" \/>\n\t<meta name=\"twitter:data1\" content=\"2 minutes\" \/>\n<script type=\"application\/ld+json\" class=\"yoast-schema-graph\">{\"@context\":\"https:\\\/\\\/schema.org\",\"@graph\":[{\"@type\":\"WebPage\",\"@id\":\"https:\\\/\\\/rocheforttourisme.be\\\/fr\\\/que-faire\\\/balades\\\/\",\"url\":\"https:\\\/\\\/rocheforttourisme.be\\\/fr\\\/que-faire\\\/balades\\\/\",\"name\":\"Walks\",\"isPartOf\":{\"@id\":\"https:\\\/\\\/rocheforttourisme.be\\\/fr\\\/#website\"},\"primaryImageOfPage\":{\"@id\":\"https:\\\/\\\/rocheforttourisme.be\\\/fr\\\/que-faire\\\/balades\\\/#primaryimage\"},\"image\":{\"@id\":\"https:\\\/\\\/rocheforttourisme.be\\\/fr\\\/que-faire\\\/balades\\\/#primaryimage\"},\"thumbnailUrl\":\"https:\\\/\\\/rocheforttourisme.be\\\/wp-content\\\/uploads\\\/2023\\\/11\\\/RT-balades-balisees-scaled.webp\",\"datePublished\":\"2023-02-17T12:18:45+00:00\",\"dateModified\":\"2024-11-06T13:10:39+00:00\",\"description\":\"Profitez des promenades balis\u00e9es \u00e0 Rochefort\u00a0! C'est LA destination id\u00e9ale pour profiter de la nature entre Famenne et Ardenne belge.\",\"breadcrumb\":{\"@id\":\"https:\\\/\\\/rocheforttourisme.be\\\/fr\\\/que-faire\\\/balades\\\/#breadcrumb\"},\"inLanguage\":\"en-GB\",\"potentialAction\":[{\"@type\":\"ReadAction\",\"target\":[\"https:\\\/\\\/rocheforttourisme.be\\\/fr\\\/que-faire\\\/balades\\\/\"]}]},{\"@type\":\"ImageObject\",\"inLanguage\":\"en-GB\",\"@id\":\"https:\\\/\\\/rocheforttourisme.be\\\/fr\\\/que-faire\\\/balades\\\/#primaryimage\",\"url\":\"https:\\\/\\\/rocheforttourisme.be\\\/wp-content\\\/uploads\\\/2023\\\/11\\\/RT-balades-balisees-scaled.webp\",\"contentUrl\":\"https:\\\/\\\/rocheforttourisme.be\\\/wp-content\\\/uploads\\\/2023\\\/11\\\/RT-balades-balisees-scaled.webp\",\"width\":1920,\"height\":2560,\"caption\":\"Une personne marchant tranquillement \u00e0 travers une for\u00eat dense, accompagn\u00e9e de son chien. La densit\u00e9 des arbres cr\u00e9e un environnement paisible et naturel, tandis que la lumi\u00e8re filtre \u00e0 travers le feuillage, illuminant le sentier forestier.\"},{\"@type\":\"BreadcrumbList\",\"@id\":\"https:\\\/\\\/rocheforttourisme.be\\\/fr\\\/que-faire\\\/balades\\\/#breadcrumb\",\"itemListElement\":[{\"@type\":\"ListItem\",\"position\":1,\"name\":\"Que faire\",\"item\":\"https:\\\/\\\/rocheforttourisme.be\\\/fr\\\/que-faire\\\/\"},{\"@type\":\"ListItem\",\"position\":2,\"name\":\"Balades\"}]},{\"@type\":\"WebSite\",\"@id\":\"https:\\\/\\\/rocheforttourisme.be\\\/fr\\\/#website\",\"url\":\"https:\\\/\\\/rocheforttourisme.be\\\/fr\\\/\",\"name\":\"Rochefort Tourisme\",\"description\":\"\",\"publisher\":{\"@id\":\"https:\\\/\\\/rocheforttourisme.be\\\/fr\\\/#organization\"},\"potentialAction\":[{\"@type\":\"SearchAction\",\"target\":{\"@type\":\"EntryPoint\",\"urlTemplate\":\"https:\\\/\\\/rocheforttourisme.be\\\/fr\\\/?s={search_term_string}\"},\"query-input\":{\"@type\":\"PropertyValueSpecification\",\"valueRequired\":true,\"valueName\":\"search_term_string\"}}],\"inLanguage\":\"en-GB\"},{\"@type\":\"Organization\",\"@id\":\"https:\\\/\\\/rocheforttourisme.be\\\/fr\\\/#organization\",\"name\":\"Rochefort Tourisme\",\"url\":\"https:\\\/\\\/rocheforttourisme.be\\\/fr\\\/\",\"logo\":{\"@type\":\"ImageObject\",\"inLanguage\":\"en-GB\",\"@id\":\"https:\\\/\\\/rocheforttourisme.be\\\/fr\\\/#\\\/schema\\\/logo\\\/image\\\/\",\"url\":\"https:\\\/\\\/rocheforttourisme.be\\\/wp-content\\\/uploads\\\/2023\\\/10\\\/Rochefort-Tourisme-R-logo.png\",\"contentUrl\":\"https:\\\/\\\/rocheforttourisme.be\\\/wp-content\\\/uploads\\\/2023\\\/10\\\/Rochefort-Tourisme-R-logo.png\",\"width\":544,\"height\":544,\"caption\":\"Rochefort Tourisme\"},\"image\":{\"@id\":\"https:\\\/\\\/rocheforttourisme.be\\\/fr\\\/#\\\/schema\\\/logo\\\/image\\\/\"},\"sameAs\":[\"https:\\\/\\\/www.facebook.com\\\/rochefort.tourisme\\\/\",\"https:\\\/\\\/www.instagram.com\\\/rocheforttourisme\"]}]}<\/script>\n<!-- \/ Yoast SEO plugin. -->","yoast_head_json":{"title":"Walks","description":"Between panoramas, the charm of villages, the deep forests and the flamboyant nature, you will not fail to fall in love with Rochefort.","robots":{"index":"index","follow":"follow","max-snippet":"max-snippet:-1","max-image-preview":"max-image-preview:large","max-video-preview":"max-video-preview:-1"},"canonical":"https:\/\/rocheforttourisme.be\/en\/que-faire\/balades\/","og_locale":"en_GB","og_type":"article","og_title":"[:en]Walks[:fr]Balades[:nl]Wandelingen[:] - Rochefort Tourisme","og_description":"Profitez des promenades balis\u00e9es \u00e0 Rochefort\u00a0! C'est LA destination id\u00e9ale pour profiter de la nature entre Famenne et Ardenne belge.","og_url":"https:\/\/rocheforttourisme.be\/en\/que-faire\/balades\/","og_site_name":"Rochefort Tourisme","article_publisher":"https:\/\/www.facebook.com\/rochefort.tourisme\/","article_modified_time":"2024-11-06T13:10:39+00:00","og_image":[{"width":1920,"height":2560,"url":"https:\/\/rocheforttourisme.be\/wp-content\/uploads\/2023\/11\/RT-balades-balisees-scaled.jpg","type":"image\/jpeg"}],"twitter_misc":{"Estimated reading time":"2 minutes"},"schema":{"@context":"https:\/\/schema.org","@graph":[{"@type":"WebPage","@id":"https:\/\/rocheforttourisme.be\/fr\/que-faire\/balades\/","url":"https:\/\/rocheforttourisme.be\/fr\/que-faire\/balades\/","name":"Walks","isPartOf":{"@id":"https:\/\/rocheforttourisme.be\/fr\/#website"},"primaryImageOfPage":{"@id":"https:\/\/rocheforttourisme.be\/fr\/que-faire\/balades\/#primaryimage"},"image":{"@id":"https:\/\/rocheforttourisme.be\/fr\/que-faire\/balades\/#primaryimage"},"thumbnailUrl":"https:\/\/rocheforttourisme.be\/wp-content\/uploads\/2023\/11\/RT-balades-balisees-scaled.webp","datePublished":"2023-02-17T12:18:45+00:00","dateModified":"2024-11-06T13:10:39+00:00","description":"Profitez des promenades balis\u00e9es \u00e0 Rochefort\u00a0! C'est LA destination id\u00e9ale pour profiter de la nature entre Famenne et Ardenne belge.","breadcrumb":{"@id":"https:\/\/rocheforttourisme.be\/fr\/que-faire\/balades\/#breadcrumb"},"inLanguage":"en-GB","potentialAction":[{"@type":"ReadAction","target":["https:\/\/rocheforttourisme.be\/fr\/que-faire\/balades\/"]}]},{"@type":"ImageObject","inLanguage":"en-GB","@id":"https:\/\/rocheforttourisme.be\/fr\/que-faire\/balades\/#primaryimage","url":"https:\/\/rocheforttourisme.be\/wp-content\/uploads\/2023\/11\/RT-balades-balisees-scaled.webp","contentUrl":"https:\/\/rocheforttourisme.be\/wp-content\/uploads\/2023\/11\/RT-balades-balisees-scaled.webp","width":1920,"height":2560,"caption":"Une personne marchant tranquillement \u00e0 travers une for\u00eat dense, accompagn\u00e9e de son chien. La densit\u00e9 des arbres cr\u00e9e un environnement paisible et naturel, tandis que la lumi\u00e8re filtre \u00e0 travers le feuillage, illuminant le sentier forestier."},{"@type":"BreadcrumbList","@id":"https:\/\/rocheforttourisme.be\/fr\/que-faire\/balades\/#breadcrumb","itemListElement":[{"@type":"ListItem","position":1,"name":"Que faire","item":"https:\/\/rocheforttourisme.be\/fr\/que-faire\/"},{"@type":"ListItem","position":2,"name":"Balades"}]},{"@type":"WebSite","@id":"https:\/\/rocheforttourisme.be\/fr\/#website","url":"https:\/\/rocheforttourisme.be\/fr\/","name":"Rochefort Tourisme","description":"","publisher":{"@id":"https:\/\/rocheforttourisme.be\/fr\/#organization"},"potentialAction":[{"@type":"SearchAction","target":{"@type":"EntryPoint","urlTemplate":"https:\/\/rocheforttourisme.be\/fr\/?s={search_term_string}"},"query-input":{"@type":"PropertyValueSpecification","valueRequired":true,"valueName":"search_term_string"}}],"inLanguage":"en-GB"},{"@type":"Organization","@id":"https:\/\/rocheforttourisme.be\/fr\/#organization","name":"Rochefort Tourisme","url":"https:\/\/rocheforttourisme.be\/fr\/","logo":{"@type":"ImageObject","inLanguage":"en-GB","@id":"https:\/\/rocheforttourisme.be\/fr\/#\/schema\/logo\/image\/","url":"https:\/\/rocheforttourisme.be\/wp-content\/uploads\/2023\/10\/Rochefort-Tourisme-R-logo.png","contentUrl":"https:\/\/rocheforttourisme.be\/wp-content\/uploads\/2023\/10\/Rochefort-Tourisme-R-logo.png","width":544,"height":544,"caption":"Rochefort Tourisme"},"image":{"@id":"https:\/\/rocheforttourisme.be\/fr\/#\/schema\/logo\/image\/"},"sameAs":["https:\/\/www.facebook.com\/rochefort.tourisme\/","https:\/\/www.instagram.com\/rocheforttourisme"]}]}},"_links":{"self":[{"href":"https:\/\/rocheforttourisme.be\/en\/wp-json\/wp\/v2\/pages\/115","targetHints":{"allow":["GET"]}}],"collection":[{"href":"https:\/\/rocheforttourisme.be\/en\/wp-json\/wp\/v2\/pages"}],"about":[{"href":"https:\/\/rocheforttourisme.be\/en\/wp-json\/wp\/v2\/types\/page"}],"author":[{"embeddable":true,"href":"https:\/\/rocheforttourisme.be\/en\/wp-json\/wp\/v2\/users\/5"}],"replies":[{"embeddable":true,"href":"https:\/\/rocheforttourisme.be\/en\/wp-json\/wp\/v2\/comments?post=115"}],"version-history":[{"count":0,"href":"https:\/\/rocheforttourisme.be\/en\/wp-json\/wp\/v2\/pages\/115\/revisions"}],"up":[{"embeddable":true,"href":"https:\/\/rocheforttourisme.be\/en\/wp-json\/wp\/v2\/pages\/113"}],"wp:featuredmedia":[{"embeddable":true,"href":"https:\/\/rocheforttourisme.be\/en\/wp-json\/wp\/v2\/media\/1827"}],"wp:attachment":[{"href":"https:\/\/rocheforttourisme.be\/en\/wp-json\/wp\/v2\/media?parent=115"}],"curies":[{"name":"wp","href":"https:\/\/api.w.org\/{rel}","templated":true}]}}