{"id":113,"date":"2023-02-17T13:18:19","date_gmt":"2023-02-17T12:18:19","guid":{"rendered":"http:\/\/rocheforttourisme.be\/?page_id=113"},"modified":"2024-11-06T14:08:29","modified_gmt":"2024-11-06T13:08:29","slug":"que-faire","status":"publish","type":"page","link":"https:\/\/rocheforttourisme.be\/en\/que-faire\/","title":{"rendered":"What to do"},"content":{"rendered":"\n<div class=\"wp-block-stackable-image alignwide stk-block-image stk-block stk-b7cf4ec\" data-block-id=\"b7cf4ec\"><figure><span class=\"stk-img-wrapper stk-image--shape-stretch\"><img class=\"stk-img wp-image-4146 lws-optimize-lazyload\"  width=\"1440\" height=\"608\" alt=\"Bougez \u00e0 Rochefort\"\/ data-src=\"https:\/\/rocheforttourisme.be\/wp-content\/uploads\/2024\/09\/Banner-Bougez-EN-Site-web.png\" srcset=\"https:\/\/rocheforttourisme.be\/wp-content\/uploads\/2024\/09\/Banner-Bougez-EN-Site-web.png 1440w, https:\/\/rocheforttourisme.be\/wp-content\/uploads\/2024\/09\/Banner-Bougez-EN-Site-web-300x127.png 300w, https:\/\/rocheforttourisme.be\/wp-content\/uploads\/2024\/09\/Banner-Bougez-EN-Site-web-1024x432.png 1024w, https:\/\/rocheforttourisme.be\/wp-content\/uploads\/2024\/09\/Banner-Bougez-EN-Site-web-768x324.png 768w\" sizes=\"(max-width: 1440px) 100vw, 1440px\" \/><\/span><\/figure><\/div>\n\n\n\n<div style=\"height:25px\" aria-hidden=\"true\" class=\"wp-block-spacer\"><\/div>\n\n\n\n<p class=\"has-text-align-center has-medium-font-size\">Looking for an <strong>activity <\/strong>to enjoy with friends or family? Are you a<strong> history buff <\/strong>looking to dive back into the past? Or maybe you\u2019re a couple looking for <strong>a romantic hike<\/strong>? Whatever the case: you will definitely find everything you need in Rochefort!<\/p>\n\n\n\n<div class=\"wp-block-stackable-columns alignfull stk-block-columns stk-block stk-7aac3b4 stk-block-background alignwide\" data-block-id=\"7aac3b4\"><style>.stk-7aac3b4 {background-color:var(--stk-global-color-58834, #ffffff) !important;padding-top:80px !important;padding-bottom:80px !important;}.stk-7aac3b4:before{background-color:var(--stk-global-color-58834, #ffffff) !important;}.stk-7aac3b4 > .stk-separator__top svg{fill:var(--stk-global-color-81840, #f6f6f6) !important;filter:none !important;}.stk-7aac3b4 > .stk-separator__top .stk-separator__wrapper{height:400px !important;}<\/style><div class=\"stk-row stk-inner-blocks stk-block-content stk-content-align stk-7aac3b4-column alignwide\">\n<div class=\"wp-block-stackable-column stk-block-column stk-column stk-block stk-3426f5d\" data-v=\"4\" data-block-id=\"3426f5d\"><div class=\"stk-column-wrapper stk-block-column__content stk-container stk-3426f5d-container stk--no-background stk--no-padding\"><div class=\"stk-block-content stk-inner-blocks stk-3426f5d-inner-blocks\">\n<div class=\"wp-block-stackable-columns stk-block-columns stk-block stk-3657623\" data-block-id=\"3657623\"><style>.stk-3657623-column{--stk-column-gap:24px !important;row-gap:24px !important;}<\/style><div class=\"stk-row stk-inner-blocks stk-block-content stk-content-align stk-3657623-column\">\n<div class=\"wp-block-stackable-column stk-block-column stk-column stk-block stk-861c837\" data-v=\"4\" data-block-id=\"861c837\"><style>.stk-861c837-container{margin-top:0px !important;margin-right:0px !important;margin-bottom:0px !important;margin-left:0px !important;}<\/style><div class=\"stk-column-wrapper stk-block-column__content stk-container stk-861c837-container stk--no-background stk--no-padding\"><div class=\"stk-block-content stk-inner-blocks stk-861c837-inner-blocks\">\n<div class=\"wp-block-stackable-card stk-block-card stk-block stk-198ea96 is-style-default\" data-v=\"2\" data-block-id=\"198ea96\"><style>.stk-198ea96:hover{transform:scale(1.05) !important;}.stk-198ea96-container{background-color:#ffca0e !important;border-top-left-radius:12px !important;border-top-right-radius:12px !important;border-bottom-right-radius:12px !important;border-bottom-left-radius:12px !important;overflow:hidden !important;box-shadow:none !important;}.stk-198ea96-container:before{background-color:#ffca0e !important;}.stk-198ea96 .stk-block-card__image{height:300px !important;}<\/style><div class=\"stk--no-padding stk-container stk-198ea96-container stk-hover-parent\"><figure class=\"stk-block-card__image stk-img-wrapper stk-image--shape-stretch\"><img width=\"2560\" height=\"2043\"  class=\"attachment-full size-full wp-post-image lws-optimize-lazyload\" alt=\"\" srcset=\"https:\/\/rocheforttourisme.be\/wp-content\/uploads\/2024\/09\/Quefaire-RT-24-scaled.webp 2560w, https:\/\/rocheforttourisme.be\/wp-content\/uploads\/2024\/09\/Quefaire-RT-24-scaled-300x239.webp 300w, https:\/\/rocheforttourisme.be\/wp-content\/uploads\/2024\/09\/Quefaire-RT-24-scaled-1024x817.webp 1024w, https:\/\/rocheforttourisme.be\/wp-content\/uploads\/2024\/09\/Quefaire-RT-24-scaled-768x613.webp 768w, https:\/\/rocheforttourisme.be\/wp-content\/uploads\/2024\/09\/Quefaire-RT-24-scaled-1536x1226.webp 1536w, https:\/\/rocheforttourisme.be\/wp-content\/uploads\/2024\/09\/Quefaire-RT-24-scaled-2048x1634.webp 2048w\" sizes=\"(max-width: 2560px) 100vw, 2560px\" \/ data-src=\"https:\/\/rocheforttourisme.be\/wp-content\/uploads\/2024\/09\/Quefaire-RT-24-scaled.webp\"><\/figure><div class=\"stk-container-padding stk-block-card__content\"><div class=\"stk-block-content stk-inner-blocks stk-198ea96-inner-blocks\">\n<div class=\"wp-block-stackable-heading stk-block-heading stk-block-heading--v2 stk-block stk-2ffcdad\" id=\"span-data-stk-dynamic-other-posts-post-title-123-contenteditable-false-class-stk-dynamic-content-attractions-span\" data-block-id=\"2ffcdad\"><style>.stk-2ffcdad {margin-bottom:15px !important;}.stk-2ffcdad .stk-block-heading__text{text-transform:uppercase !important;}<\/style><h3 class=\"stk-block-heading__text\">Attractions<\/h3><\/div>\n<\/div><\/div><a class=\"stk-link stk-block-link stk--transparent-overlay\" href=\"https:\/\/rocheforttourisme.be\/en\/que-faire\/attractions\/\" aria-hidden=\"true\" tabindex=\"-1\"><\/a><\/div><\/div>\n<\/div><\/div><\/div>\n\n\n\n<div class=\"wp-block-stackable-column stk-block-column stk-column stk-block stk-61f9884\" data-v=\"4\" data-block-id=\"61f9884\"><style>.stk-61f9884-container{margin-top:0px !important;margin-right:0px !important;margin-bottom:0px !important;margin-left:0px !important;}<\/style><div class=\"stk-column-wrapper stk-block-column__content stk-container stk-61f9884-container stk--no-background stk--no-padding\"><div class=\"stk-block-content stk-inner-blocks stk-61f9884-inner-blocks\">\n<div class=\"wp-block-stackable-card stk-block-card stk-block stk-616ef96 is-style-default\" data-v=\"2\" data-block-id=\"616ef96\"><style>.stk-616ef96:hover{transform:scale(1.05) !important;}.stk-616ef96-container{background-color:#ffca0e !important;border-top-left-radius:12px !important;border-top-right-radius:12px !important;border-bottom-right-radius:12px !important;border-bottom-left-radius:12px !important;overflow:hidden !important;box-shadow:none !important;}.stk-616ef96-container:before{background-color:#ffca0e !important;}.stk-616ef96 .stk-block-card__image{height:300px !important;}<\/style><div class=\"stk--no-padding stk-container stk-616ef96-container stk-hover-parent\"><figure class=\"stk-block-card__image stk-img-wrapper stk-image--shape-stretch\"><img width=\"1920\" height=\"2560\"  class=\"attachment-full size-full wp-post-image lws-optimize-lazyload\" alt=\"Une personne marchant tranquillement \u00e0 travers une for\u00eat dense, accompagn\u00e9e de son chien. La densit\u00e9 des arbres cr\u00e9e un environnement paisible et naturel, tandis que la lumi\u00e8re filtre \u00e0 travers le feuillage, illuminant le sentier forestier.\" srcset=\"https:\/\/rocheforttourisme.be\/wp-content\/uploads\/2023\/11\/RT-balades-balisees-scaled.webp 1920w, https:\/\/rocheforttourisme.be\/wp-content\/uploads\/2023\/11\/RT-balades-balisees-scaled-225x300.webp 225w, https:\/\/rocheforttourisme.be\/wp-content\/uploads\/2023\/11\/RT-balades-balisees-scaled-768x1024.webp 768w, https:\/\/rocheforttourisme.be\/wp-content\/uploads\/2023\/11\/RT-balades-balisees-scaled-1152x1536.webp 1152w, https:\/\/rocheforttourisme.be\/wp-content\/uploads\/2023\/11\/RT-balades-balisees-scaled-1536x2048.webp 1536w\" sizes=\"(max-width: 1920px) 100vw, 1920px\" \/ data-src=\"https:\/\/rocheforttourisme.be\/wp-content\/uploads\/2023\/11\/RT-balades-balisees-scaled.webp\"><\/figure><div class=\"stk-container-padding stk-block-card__content\"><div class=\"stk-block-content stk-inner-blocks stk-616ef96-inner-blocks\">\n<div class=\"wp-block-stackable-heading stk-block-heading stk-block-heading--v2 stk-block stk-ddadaac\" id=\"span-data-stk-dynamic-other-posts-post-title-115-contenteditable-false-class-stk-dynamic-content-walks-span\" data-block-id=\"ddadaac\"><style>.stk-ddadaac {margin-bottom:15px !important;}.stk-ddadaac .stk-block-heading__text{text-transform:uppercase !important;}<\/style><h3 class=\"stk-block-heading__text\">Walks<\/h3><\/div>\n<\/div><\/div><a class=\"stk-link stk-block-link stk--transparent-overlay\" href=\"https:\/\/rocheforttourisme.be\/en\/que-faire\/balades\/\" aria-hidden=\"true\" tabindex=\"-1\"><\/a><\/div><\/div>\n<\/div><\/div><\/div>\n\n\n\n<div class=\"wp-block-stackable-column stk-block-column stk-column stk-block stk-9f305c9\" data-v=\"4\" data-block-id=\"9f305c9\"><style>.stk-9f305c9-container{margin-top:0px !important;margin-right:0px !important;margin-bottom:0px !important;margin-left:0px !important;}<\/style><div class=\"stk-column-wrapper stk-block-column__content stk-container stk-9f305c9-container stk--no-background stk--no-padding\"><div class=\"stk-block-content stk-inner-blocks stk-9f305c9-inner-blocks\">\n<div class=\"wp-block-stackable-card stk-block-card stk-block stk-92a8f10 is-style-default\" data-v=\"2\" data-block-id=\"92a8f10\"><style>.stk-92a8f10:hover{transform:scale(1.05) !important;}.stk-92a8f10-container{background-color:#ffca0e !important;border-top-left-radius:12px !important;border-top-right-radius:12px !important;border-bottom-right-radius:12px !important;border-bottom-left-radius:12px !important;overflow:hidden !important;box-shadow:none !important;}.stk-92a8f10-container:before{background-color:#ffca0e !important;}.stk-92a8f10 .stk-block-card__image{height:300px !important;}<\/style><div class=\"stk--no-padding stk-container stk-92a8f10-container stk-hover-parent\"><figure class=\"stk-block-card__image stk-img-wrapper stk-image--shape-stretch\"><img width=\"1280\" height=\"853\"  class=\"attachment-full size-full wp-post-image lws-optimize-lazyload\" alt=\"\" srcset=\"https:\/\/rocheforttourisme.be\/wp-content\/uploads\/2023\/11\/RT-sport.webp 1280w, https:\/\/rocheforttourisme.be\/wp-content\/uploads\/2023\/11\/RT-sport-300x200.webp 300w, https:\/\/rocheforttourisme.be\/wp-content\/uploads\/2023\/11\/RT-sport-1024x682.webp 1024w, https:\/\/rocheforttourisme.be\/wp-content\/uploads\/2023\/11\/RT-sport-768x512.webp 768w, https:\/\/rocheforttourisme.be\/wp-content\/uploads\/2023\/11\/RT-sport-930x620.webp 930w\" sizes=\"(max-width: 1280px) 100vw, 1280px\" \/ data-src=\"https:\/\/rocheforttourisme.be\/wp-content\/uploads\/2023\/11\/RT-sport.webp\"><\/figure><div class=\"stk-container-padding stk-block-card__content\"><div class=\"stk-block-content stk-inner-blocks stk-92a8f10-inner-blocks\">\n<div class=\"wp-block-stackable-heading stk-block-heading stk-block-heading--v2 stk-block stk-b6422dd\" id=\"span-data-stk-dynamic-other-posts-post-title-129-contenteditable-false-class-stk-dynamic-content-sports-038-loisirs-span\" data-block-id=\"b6422dd\"><style>.stk-b6422dd {margin-bottom:15px !important;}.stk-b6422dd .stk-block-heading__text{text-transform:uppercase !important;}<\/style><h3 class=\"stk-block-heading__text\">Sport &#038; Leisure<\/h3><\/div>\n<\/div><\/div><a class=\"stk-link stk-block-link stk--transparent-overlay\" href=\"https:\/\/rocheforttourisme.be\/en\/que-faire\/sport-et-loisirs\/\" aria-hidden=\"true\" tabindex=\"-1\"><\/a><\/div><\/div>\n<\/div><\/div><\/div>\n\n\n\n<div class=\"wp-block-stackable-column stk-block-column stk-column stk-block stk-5137ec9\" data-v=\"4\" data-block-id=\"5137ec9\"><style>.stk-5137ec9-container{margin-top:0px !important;margin-right:0px !important;margin-bottom:0px !important;margin-left:0px !important;}<\/style><div class=\"stk-column-wrapper stk-block-column__content stk-container stk-5137ec9-container stk--no-background stk--no-padding\"><div class=\"stk-block-content stk-inner-blocks stk-5137ec9-inner-blocks\">\n<div class=\"wp-block-stackable-card stk-block-card stk-block stk-054f49e is-style-default\" data-v=\"2\" data-block-id=\"054f49e\"><style>.stk-054f49e:hover{transform:scale(1.05) !important;}.stk-054f49e-container{background-color:#ffca0e !important;border-top-left-radius:12px !important;border-top-right-radius:12px !important;border-bottom-right-radius:12px !important;border-bottom-left-radius:12px !important;overflow:hidden !important;box-shadow:none !important;}.stk-054f49e-container:before{background-color:#ffca0e !important;}.stk-054f49e .stk-block-card__image{height:300px !important;}<\/style><div class=\"stk--no-padding stk-container stk-054f49e-container stk-hover-parent\"><figure class=\"stk-block-card__image stk-img-wrapper stk-image--shape-stretch\"><img width=\"1800\" height=\"1200\"  class=\"attachment-full size-full wp-post-image lws-optimize-lazyload\" alt=\"\" srcset=\"https:\/\/rocheforttourisme.be\/wp-content\/uploads\/2024\/02\/RT-feuilles-champs-rochefort.webp 1800w, https:\/\/rocheforttourisme.be\/wp-content\/uploads\/2024\/02\/RT-feuilles-champs-rochefort-300x200.webp 300w, https:\/\/rocheforttourisme.be\/wp-content\/uploads\/2024\/02\/RT-feuilles-champs-rochefort-1024x683.webp 1024w, https:\/\/rocheforttourisme.be\/wp-content\/uploads\/2024\/02\/RT-feuilles-champs-rochefort-768x512.webp 768w, https:\/\/rocheforttourisme.be\/wp-content\/uploads\/2024\/02\/RT-feuilles-champs-rochefort-1536x1024.webp 1536w, https:\/\/rocheforttourisme.be\/wp-content\/uploads\/2024\/02\/RT-feuilles-champs-rochefort-930x620.webp 930w\" sizes=\"(max-width: 1800px) 100vw, 1800px\" \/ data-src=\"https:\/\/rocheforttourisme.be\/wp-content\/uploads\/2024\/02\/RT-feuilles-champs-rochefort.webp\"><\/figure><div class=\"stk-container-padding stk-block-card__content\"><div class=\"stk-block-content stk-inner-blocks stk-054f49e-inner-blocks\">\n<div class=\"wp-block-stackable-heading stk-block-heading stk-block-heading--v2 stk-block stk-09b9b2e\" id=\"span-data-stk-dynamic-other-posts-post-title-125-contenteditable-false-class-stk-dynamic-content-nos-villages-span\" data-block-id=\"09b9b2e\"><style>.stk-09b9b2e {margin-bottom:15px !important;}.stk-09b9b2e .stk-block-heading__text{text-transform:uppercase !important;}<\/style><h3 class=\"stk-block-heading__text\">Nos villages<\/h3><\/div>\n<\/div><\/div><a class=\"stk-link stk-block-link stk--transparent-overlay\" href=\"https:\/\/rocheforttourisme.be\/en\/que-faire\/nos-villages\/\" aria-hidden=\"true\" tabindex=\"-1\"><\/a><\/div><\/div>\n<\/div><\/div><\/div>\n<\/div><\/div>\n<\/div><\/div><\/div>\n<\/div><\/div>\n","protected":false},"excerpt":{"rendered":"<p>Looking for an activity to enjoy with friends or family? Are you a history buff looking to dive back into the past? Or maybe you\u2019re a couple looking for a romantic hike? Whatever the case: you will definitely find everything you need in Rochefort! Attractions Walks Sport &#038; Leisure Nos villages<\/p>\n","protected":false},"author":5,"featured_media":0,"parent":0,"menu_order":0,"comment_status":"closed","ping_status":"closed","template":"","meta":{"neve_meta_sidebar":"","neve_meta_container":"default","neve_meta_enable_content_width":"","neve_meta_content_width":0,"neve_meta_title_alignment":"","neve_meta_author_avatar":"","neve_post_elements_order":"","neve_meta_disable_header":"off","neve_meta_disable_footer":"","neve_meta_disable_title":"on","footnotes":""},"class_list":["post-113","page","type-page","status-publish","hentry"],"yoast_head":"<!-- This site is optimized with the Yoast SEO plugin v27.4 - https:\/\/yoast.com\/product\/yoast-seo-wordpress\/ -->\n<title>What to do<\/title>\n<meta name=\"description\" content=\"Vous trouverez ici toutes les attractions touristiques et les diff\u00e9rents loisirs \u00e0 explorer sur la commune de Rochefort.\" \/>\n<meta name=\"robots\" content=\"index, follow, max-snippet:-1, max-image-preview:large, max-video-preview:-1\" \/>\n<link rel=\"canonical\" href=\"https:\/\/rocheforttourisme.be\/en\/que-faire\/\" \/>\n<meta property=\"og:locale\" content=\"en_GB\" \/>\n<meta property=\"og:locale:alternate\" content=\"fr_FR\" \/>\n<meta property=\"og:locale:alternate\" content=\"nl_BE\" \/>\n<meta property=\"og:type\" content=\"article\" \/>\n<meta property=\"og:title\" content=\"What to do\" \/>\n<meta property=\"og:description\" content=\"Vous trouverez ici toutes les attractions touristiques et les diff\u00e9rents loisirs \u00e0 explorer sur la commune de Rochefort.\" \/>\n<meta property=\"og:url\" content=\"https:\/\/rocheforttourisme.be\/en\/que-faire\/\" \/>\n<meta property=\"og:site_name\" content=\"Rochefort Tourisme\" \/>\n<meta property=\"article:publisher\" content=\"https:\/\/www.facebook.com\/rochefort.tourisme\/\" \/>\n<meta property=\"article:modified_time\" content=\"2024-11-06T13:08:29+00:00\" \/>\n<meta property=\"og:image\" content=\"https:\/\/rocheforttourisme.be\/wp-content\/uploads\/2024\/09\/Banner-Bougez-EN-Site-web.png\" \/>\n<meta name=\"twitter:label1\" content=\"Estimated reading time\" \/>\n\t<meta name=\"twitter:data1\" content=\"2 minutes\" \/>\n<script type=\"application\/ld+json\" class=\"yoast-schema-graph\">{\"@context\":\"https:\\\/\\\/schema.org\",\"@graph\":[{\"@type\":\"WebPage\",\"@id\":\"https:\\\/\\\/rocheforttourisme.be\\\/fr\\\/que-faire\\\/\",\"url\":\"https:\\\/\\\/rocheforttourisme.be\\\/fr\\\/que-faire\\\/\",\"name\":\"What to do\",\"isPartOf\":{\"@id\":\"https:\\\/\\\/rocheforttourisme.be\\\/fr\\\/#website\"},\"primaryImageOfPage\":{\"@id\":\"https:\\\/\\\/rocheforttourisme.be\\\/fr\\\/que-faire\\\/#primaryimage\"},\"image\":{\"@id\":\"https:\\\/\\\/rocheforttourisme.be\\\/fr\\\/que-faire\\\/#primaryimage\"},\"thumbnailUrl\":\"https:\\\/\\\/rocheforttourisme.be\\\/wp-content\\\/uploads\\\/2024\\\/09\\\/Banner-Bougez-EN-Site-web.png\",\"datePublished\":\"2023-02-17T12:18:19+00:00\",\"dateModified\":\"2024-11-06T13:08:29+00:00\",\"description\":\"Vous trouverez ici toutes les attractions touristiques et les diff\u00e9rents loisirs \u00e0 explorer sur la commune de Rochefort.\",\"inLanguage\":\"en-GB\",\"potentialAction\":[{\"@type\":\"ReadAction\",\"target\":[\"https:\\\/\\\/rocheforttourisme.be\\\/fr\\\/que-faire\\\/\"]}]},{\"@type\":\"ImageObject\",\"inLanguage\":\"en-GB\",\"@id\":\"https:\\\/\\\/rocheforttourisme.be\\\/fr\\\/que-faire\\\/#primaryimage\",\"url\":\"https:\\\/\\\/rocheforttourisme.be\\\/wp-content\\\/uploads\\\/2024\\\/09\\\/Banner-Bougez-EN-Site-web.png\",\"contentUrl\":\"https:\\\/\\\/rocheforttourisme.be\\\/wp-content\\\/uploads\\\/2024\\\/09\\\/Banner-Bougez-EN-Site-web.png\"},{\"@type\":\"WebSite\",\"@id\":\"https:\\\/\\\/rocheforttourisme.be\\\/fr\\\/#website\",\"url\":\"https:\\\/\\\/rocheforttourisme.be\\\/fr\\\/\",\"name\":\"Rochefort Tourisme\",\"description\":\"\",\"publisher\":{\"@id\":\"https:\\\/\\\/rocheforttourisme.be\\\/fr\\\/#organization\"},\"potentialAction\":[{\"@type\":\"SearchAction\",\"target\":{\"@type\":\"EntryPoint\",\"urlTemplate\":\"https:\\\/\\\/rocheforttourisme.be\\\/fr\\\/?s={search_term_string}\"},\"query-input\":{\"@type\":\"PropertyValueSpecification\",\"valueRequired\":true,\"valueName\":\"search_term_string\"}}],\"inLanguage\":\"en-GB\"},{\"@type\":\"Organization\",\"@id\":\"https:\\\/\\\/rocheforttourisme.be\\\/fr\\\/#organization\",\"name\":\"Rochefort Tourisme\",\"url\":\"https:\\\/\\\/rocheforttourisme.be\\\/fr\\\/\",\"logo\":{\"@type\":\"ImageObject\",\"inLanguage\":\"en-GB\",\"@id\":\"https:\\\/\\\/rocheforttourisme.be\\\/fr\\\/#\\\/schema\\\/logo\\\/image\\\/\",\"url\":\"https:\\\/\\\/rocheforttourisme.be\\\/wp-content\\\/uploads\\\/2023\\\/10\\\/Rochefort-Tourisme-R-logo.png\",\"contentUrl\":\"https:\\\/\\\/rocheforttourisme.be\\\/wp-content\\\/uploads\\\/2023\\\/10\\\/Rochefort-Tourisme-R-logo.png\",\"width\":544,\"height\":544,\"caption\":\"Rochefort Tourisme\"},\"image\":{\"@id\":\"https:\\\/\\\/rocheforttourisme.be\\\/fr\\\/#\\\/schema\\\/logo\\\/image\\\/\"},\"sameAs\":[\"https:\\\/\\\/www.facebook.com\\\/rochefort.tourisme\\\/\",\"https:\\\/\\\/www.instagram.com\\\/rocheforttourisme\"]}]}<\/script>\n<!-- \/ Yoast SEO plugin. -->","yoast_head_json":{"title":"What to do","description":"Vous trouverez ici toutes les attractions touristiques et les diff\u00e9rents loisirs \u00e0 explorer sur la commune de Rochefort.","robots":{"index":"index","follow":"follow","max-snippet":"max-snippet:-1","max-image-preview":"max-image-preview:large","max-video-preview":"max-video-preview:-1"},"canonical":"https:\/\/rocheforttourisme.be\/en\/que-faire\/","og_locale":"en_GB","og_type":"article","og_title":"[:en]What to do[:fr]Que faire[:nl]Wat te doen[:] - Rochefort Tourisme","og_description":"Vous trouverez ici toutes les attractions touristiques et les diff\u00e9rents loisirs \u00e0 explorer sur la commune de Rochefort.","og_url":"https:\/\/rocheforttourisme.be\/en\/que-faire\/","og_site_name":"Rochefort Tourisme","article_publisher":"https:\/\/www.facebook.com\/rochefort.tourisme\/","article_modified_time":"2024-11-06T13:08:29+00:00","og_image":[{"url":"https:\/\/rocheforttourisme.be\/wp-content\/uploads\/2024\/09\/Banner-Bougez-EN-Site-web.png","type":"","width":"","height":""}],"twitter_misc":{"Estimated reading time":"2 minutes"},"schema":{"@context":"https:\/\/schema.org","@graph":[{"@type":"WebPage","@id":"https:\/\/rocheforttourisme.be\/fr\/que-faire\/","url":"https:\/\/rocheforttourisme.be\/fr\/que-faire\/","name":"What to do","isPartOf":{"@id":"https:\/\/rocheforttourisme.be\/fr\/#website"},"primaryImageOfPage":{"@id":"https:\/\/rocheforttourisme.be\/fr\/que-faire\/#primaryimage"},"image":{"@id":"https:\/\/rocheforttourisme.be\/fr\/que-faire\/#primaryimage"},"thumbnailUrl":"https:\/\/rocheforttourisme.be\/wp-content\/uploads\/2024\/09\/Banner-Bougez-EN-Site-web.png","datePublished":"2023-02-17T12:18:19+00:00","dateModified":"2024-11-06T13:08:29+00:00","description":"Vous trouverez ici toutes les attractions touristiques et les diff\u00e9rents loisirs \u00e0 explorer sur la commune de Rochefort.","inLanguage":"en-GB","potentialAction":[{"@type":"ReadAction","target":["https:\/\/rocheforttourisme.be\/fr\/que-faire\/"]}]},{"@type":"ImageObject","inLanguage":"en-GB","@id":"https:\/\/rocheforttourisme.be\/fr\/que-faire\/#primaryimage","url":"https:\/\/rocheforttourisme.be\/wp-content\/uploads\/2024\/09\/Banner-Bougez-EN-Site-web.png","contentUrl":"https:\/\/rocheforttourisme.be\/wp-content\/uploads\/2024\/09\/Banner-Bougez-EN-Site-web.png"},{"@type":"WebSite","@id":"https:\/\/rocheforttourisme.be\/fr\/#website","url":"https:\/\/rocheforttourisme.be\/fr\/","name":"Rochefort Tourisme","description":"","publisher":{"@id":"https:\/\/rocheforttourisme.be\/fr\/#organization"},"potentialAction":[{"@type":"SearchAction","target":{"@type":"EntryPoint","urlTemplate":"https:\/\/rocheforttourisme.be\/fr\/?s={search_term_string}"},"query-input":{"@type":"PropertyValueSpecification","valueRequired":true,"valueName":"search_term_string"}}],"inLanguage":"en-GB"},{"@type":"Organization","@id":"https:\/\/rocheforttourisme.be\/fr\/#organization","name":"Rochefort Tourisme","url":"https:\/\/rocheforttourisme.be\/fr\/","logo":{"@type":"ImageObject","inLanguage":"en-GB","@id":"https:\/\/rocheforttourisme.be\/fr\/#\/schema\/logo\/image\/","url":"https:\/\/rocheforttourisme.be\/wp-content\/uploads\/2023\/10\/Rochefort-Tourisme-R-logo.png","contentUrl":"https:\/\/rocheforttourisme.be\/wp-content\/uploads\/2023\/10\/Rochefort-Tourisme-R-logo.png","width":544,"height":544,"caption":"Rochefort Tourisme"},"image":{"@id":"https:\/\/rocheforttourisme.be\/fr\/#\/schema\/logo\/image\/"},"sameAs":["https:\/\/www.facebook.com\/rochefort.tourisme\/","https:\/\/www.instagram.com\/rocheforttourisme"]}]}},"_links":{"self":[{"href":"https:\/\/rocheforttourisme.be\/en\/wp-json\/wp\/v2\/pages\/113","targetHints":{"allow":["GET"]}}],"collection":[{"href":"https:\/\/rocheforttourisme.be\/en\/wp-json\/wp\/v2\/pages"}],"about":[{"href":"https:\/\/rocheforttourisme.be\/en\/wp-json\/wp\/v2\/types\/page"}],"author":[{"embeddable":true,"href":"https:\/\/rocheforttourisme.be\/en\/wp-json\/wp\/v2\/users\/5"}],"replies":[{"embeddable":true,"href":"https:\/\/rocheforttourisme.be\/en\/wp-json\/wp\/v2\/comments?post=113"}],"version-history":[{"count":0,"href":"https:\/\/rocheforttourisme.be\/en\/wp-json\/wp\/v2\/pages\/113\/revisions"}],"wp:attachment":[{"href":"https:\/\/rocheforttourisme.be\/en\/wp-json\/wp\/v2\/media?parent=113"}],"curies":[{"name":"wp","href":"https:\/\/api.w.org\/{rel}","templated":true}]}}